{"id":2577,"date":"2021-02-01T08:07:38","date_gmt":"2021-02-01T08:07:38","guid":{"rendered":"https:\/\/www.whisperring.nl\/noch-nie-dagewesene-leistung\/"},"modified":"2023-03-31T14:00:43","modified_gmt":"2023-03-31T14:00:43","slug":"noch-nie-dagewesene-leistung","status":"publish","type":"page","link":"https:\/\/www.whisperring.nl\/de\/warum-den-whisperring-waehlen\/noch-nie-dagewesene-leistung\/","title":{"rendered":"Noch nie dagewesene Leistung"},"content":{"rendered":"[vc_section el_class=&#8220;aandagt__padding aandagt__small aandagt__resp-fullwidth&#8220;][vc_row column_spacing=&#8220;60&#8243;][vc_column width=&#8220;1\/3&#8243;][vc_column_text text_align=&#8220;right&#8220;]\n<h1 style=\"text-align: left;\">Leistung<\/h1>\n[\/vc_column_text][\/vc_column][vc_column width=&#8220;2\/3&#8243;][vc_column_text]Dank ihres flexiblen und skalierbaren Generators beginnt die Turbine bereits bei 2 m\/s Strom zu produzieren. Jeder Anstieg der Windgeschwindigkeit f\u00fchrt zu einer h\u00f6heren Leistung bis zu 25 m\/s. Bei h\u00f6heren Windgeschwindigkeiten wird die Anlage abgeschaltet. Die Abschaltung erfolgt nur bei zu starkem Wind und h\u00f6chstens einmal im Jahr. Durch die schaltbare Leistung des Generators wird die Leistung automatisch pro Windgebiet optimiert. Diese L\u00f6sung erm\u00f6glicht einen geringen Wartungsaufwand und eine hohe Betriebszeit. Die Rotordrehzahl wird bei jeder Windgeschwindigkeit konstant (niedrig) gehalten, so dass keine st\u00f6renden Ger\u00e4usche entstehen.[\/vc_column_text]<a href=\"https:\/\/www.whisperring.nl\/waarom-de-whisperring\/technologie\/\" class=\"vcex-button theme-button outline inline\" style=\"padding-right:0px;padding-left:0px;margin-top:40px;margin-right:20px;\" data-wpex-hover='{&quot;color&quot;:&quot;#000000&quot;}'><span class=\"theme-button-inner\">Technologie<span class=\"vcex-icon-wrap theme-button-icon-right\"><span class=\"ticon ticon-angle-double-right\" aria-hidden=\"true\"><\/span><\/span><\/span><\/a> <a href=\"https:\/\/www.whisperring.nl\/waarom-de-whisperring\/ontwerp\/\" class=\"vcex-button theme-button outline inline\" style=\"padding-right:0px;padding-left:0px;margin-top:40px;margin-right:20px;\" data-wpex-hover='{&quot;color&quot;:&quot;#000000&quot;}'><span class=\"theme-button-inner\">Gestaltung<span class=\"vcex-icon-wrap theme-button-icon-right\"><span class=\"ticon ticon-angle-double-right\" aria-hidden=\"true\"><\/span><\/span><\/span><\/a> [\/vc_column][\/vc_row][\/vc_section][vc_section full_width=&#8220;stretch_row&#8220; css=&#8220;.vc_custom_1631866495183{background-color: #ebf1f0 !important;}&#8220; el_class=&#8220;aandagt__padding aandagt__small aandagt__resp-fullwidth&#8220;][vc_row content_placement=&#8220;middle&#8220; column_spacing=&#8220;60&#8243;][vc_column width=&#8220;1\/2&#8243;][vc_column_text]\n<h2 style=\"text-align: left;\">Wirksam bei jeder Windgeschwindigkeit<\/h2>\n<p>Der WhisperRing\u00ae kann bei sehr niedrigen bis sehr hohen Windgeschwindigkeiten eingesetzt werden. Einzigartig ist, dass der WhisperRing\u00ae auch bei hohen Windgeschwindigkeiten sehr effektiv ist, w\u00e4hrend herk\u00f6mmliche Windkraftanlagen zu diesen Zeiten oft abgeschaltet werden m\u00fcssen.[\/vc_column_text]<a href=\"https:\/\/www.whisperring.nl\/waarom-de-whisperring\/verdienmodel\/\" class=\"vcex-button theme-button outline inline\" style=\"padding-right:0px;padding-left:0px;margin-top:40px;margin-right:20px;\" data-wpex-hover='{&quot;color&quot;:&quot;#000000&quot;}'><span class=\"theme-button-inner\">Ertragsmodell<span class=\"vcex-icon-wrap theme-button-icon-right\"><span class=\"ticon ticon-angle-double-right\" aria-hidden=\"true\"><\/span><\/span><\/span><\/a> <a href=\"https:\/\/www.whisperring.nl\/contact\/\" class=\"vcex-button theme-button outline inline\" style=\"padding-right:0px;padding-left:0px;color:#dd9933;margin-top:40px;border-color:#dd9933;\" data-wpex-hover='{&quot;color&quot;:&quot;#dd7600&quot;}'><span class=\"theme-button-inner\">Anfordern von Informationen<span class=\"vcex-icon-wrap theme-button-icon-right\"><span class=\"ticon ticon-angle-double-right\" aria-hidden=\"true\"><\/span><\/span><\/span><\/a> [\/vc_column][vc_column width=&#8220;1\/2&#8243; el_class=&#8220;aandagt__offset__top aandagt__overflow aandagt__right&#8220;][vc_single_image image=&#8220;1646&#8243;][\/vc_column][\/vc_row][\/vc_section]\n","protected":false},"excerpt":{"rendered":"<p>[vc_section el_class=&#8220;aandagt__padding aandagt__small aandagt__resp-fullwidth&#8220;][vc_row column_spacing=&#8220;60&#8243;][vc_column width=&#8220;1\/3&#8243;][vc_column_text text_align=&#8220;right&#8220;] Leistung [\/vc_column_text][\/vc_column][vc_column width=&#8220;2\/3&#8243;][vc_column_text]Dank ihres flexiblen und skalierbaren Generators beginnt die Turbine bereits bei 2 m\/s Strom zu produzieren. Jeder Anstieg der Windgeschwindigkeit f\u00fchrt zu einer h\u00f6heren Leistung bis zu 25 m\/s. Bei h\u00f6heren&hellip;<\/p>\n","protected":false},"author":10,"featured_media":2438,"parent":2608,"menu_order":0,"comment_status":"closed","ping_status":"closed","template":"","meta":{"footnotes":""},"class_list":["post-2577","page","type-page","status-publish","has-post-thumbnail","hentry","entry","has-media"],"yoast_head":"<!-- This site is optimized with the Yoast SEO plugin v26.6 - https:\/\/yoast.com\/wordpress\/plugins\/seo\/ -->\n<title>WhisperRing | Beispiellose Leistung und effektiv bei jeder Windgeschwindigkeit<\/title>\n<meta name=\"description\" content=\"Der WhisperRing kann bei jeder Windgeschwindigkeit betrieben werden. Einzigartig ist, dass der WhisperRing auch bei hohen Windgeschwindigkeiten sehr effektiv ist.\" \/>\n<meta name=\"robots\" content=\"index, follow, max-snippet:-1, max-image-preview:large, max-video-preview:-1\" \/>\n<link rel=\"canonical\" href=\"https:\/\/www.whisperring.nl\/de\/warum-den-whisperring-waehlen\/noch-nie-dagewesene-leistung\/\" \/>\n<meta property=\"og:locale\" content=\"de_DE\" \/>\n<meta property=\"og:type\" content=\"article\" \/>\n<meta property=\"og:title\" content=\"WhisperRing | Beispiellose Leistung und effektiv bei jeder Windgeschwindigkeit\" \/>\n<meta property=\"og:description\" content=\"Der WhisperRing kann bei jeder Windgeschwindigkeit betrieben werden. Einzigartig ist, dass der WhisperRing auch bei hohen Windgeschwindigkeiten sehr effektiv ist.\" \/>\n<meta property=\"og:url\" content=\"https:\/\/www.whisperring.nl\/de\/warum-den-whisperring-waehlen\/noch-nie-dagewesene-leistung\/\" \/>\n<meta property=\"og:site_name\" content=\"WhisperRing\" \/>\n<meta property=\"article:modified_time\" content=\"2023-03-31T14:00:43+00:00\" \/>\n<meta property=\"og:image\" content=\"https:\/\/www.whisperring.nl\/wp-content\/uploads\/2021\/07\/ventring-windmolen-real-time-monitoring.jpg\" \/>\n\t<meta property=\"og:image:width\" content=\"1500\" \/>\n\t<meta property=\"og:image:height\" content=\"833\" \/>\n\t<meta property=\"og:image:type\" content=\"image\/jpeg\" \/>\n<meta name=\"twitter:card\" content=\"summary_large_image\" \/>\n<meta name=\"twitter:label1\" content=\"Gesch\u00e4tzte Lesezeit\" \/>\n\t<meta name=\"twitter:data1\" content=\"2\u00a0Minuten\" \/>\n<script type=\"application\/ld+json\" class=\"yoast-schema-graph\">{\"@context\":\"https:\/\/schema.org\",\"@graph\":[{\"@type\":\"WebPage\",\"@id\":\"https:\/\/www.whisperring.nl\/de\/warum-den-whisperring-waehlen\/noch-nie-dagewesene-leistung\/\",\"url\":\"https:\/\/www.whisperring.nl\/de\/warum-den-whisperring-waehlen\/noch-nie-dagewesene-leistung\/\",\"name\":\"WhisperRing | Beispiellose Leistung und effektiv bei jeder Windgeschwindigkeit\",\"isPartOf\":{\"@id\":\"https:\/\/www.whisperring.nl\/de\/#website\"},\"primaryImageOfPage\":{\"@id\":\"https:\/\/www.whisperring.nl\/de\/warum-den-whisperring-waehlen\/noch-nie-dagewesene-leistung\/#primaryimage\"},\"image\":{\"@id\":\"https:\/\/www.whisperring.nl\/de\/warum-den-whisperring-waehlen\/noch-nie-dagewesene-leistung\/#primaryimage\"},\"thumbnailUrl\":\"https:\/\/www.whisperring.nl\/wp-content\/uploads\/2021\/07\/ventring-windmolen-real-time-monitoring.jpg\",\"datePublished\":\"2021-02-01T08:07:38+00:00\",\"dateModified\":\"2023-03-31T14:00:43+00:00\",\"description\":\"Der WhisperRing kann bei jeder Windgeschwindigkeit betrieben werden. Einzigartig ist, dass der WhisperRing auch bei hohen Windgeschwindigkeiten sehr effektiv ist.\",\"breadcrumb\":{\"@id\":\"https:\/\/www.whisperring.nl\/de\/warum-den-whisperring-waehlen\/noch-nie-dagewesene-leistung\/#breadcrumb\"},\"inLanguage\":\"de\",\"potentialAction\":[{\"@type\":\"ReadAction\",\"target\":[\"https:\/\/www.whisperring.nl\/de\/warum-den-whisperring-waehlen\/noch-nie-dagewesene-leistung\/\"]}]},{\"@type\":\"ImageObject\",\"inLanguage\":\"de\",\"@id\":\"https:\/\/www.whisperring.nl\/de\/warum-den-whisperring-waehlen\/noch-nie-dagewesene-leistung\/#primaryimage\",\"url\":\"https:\/\/www.whisperring.nl\/wp-content\/uploads\/2021\/07\/ventring-windmolen-real-time-monitoring.jpg\",\"contentUrl\":\"https:\/\/www.whisperring.nl\/wp-content\/uploads\/2021\/07\/ventring-windmolen-real-time-monitoring.jpg\",\"width\":1500,\"height\":833},{\"@type\":\"BreadcrumbList\",\"@id\":\"https:\/\/www.whisperring.nl\/de\/warum-den-whisperring-waehlen\/noch-nie-dagewesene-leistung\/#breadcrumb\",\"itemListElement\":[{\"@type\":\"ListItem\",\"position\":1,\"name\":\"Home\",\"item\":\"https:\/\/www.whisperring.nl\/de\/startseite\/\"},{\"@type\":\"ListItem\",\"position\":2,\"name\":\"Noch nie dagewesene Leistung\"}]},{\"@type\":\"WebSite\",\"@id\":\"https:\/\/www.whisperring.nl\/de\/#website\",\"url\":\"https:\/\/www.whisperring.nl\/de\/\",\"name\":\"WhisperRing\",\"description\":\"Innovative Wind Energy\",\"publisher\":{\"@id\":\"https:\/\/www.whisperring.nl\/de\/#organization\"},\"potentialAction\":[{\"@type\":\"SearchAction\",\"target\":{\"@type\":\"EntryPoint\",\"urlTemplate\":\"https:\/\/www.whisperring.nl\/de\/?s={search_term_string}\"},\"query-input\":{\"@type\":\"PropertyValueSpecification\",\"valueRequired\":true,\"valueName\":\"search_term_string\"}}],\"inLanguage\":\"de\"},{\"@type\":\"Organization\",\"@id\":\"https:\/\/www.whisperring.nl\/de\/#organization\",\"name\":\"WhisperRing\",\"url\":\"https:\/\/www.whisperring.nl\/de\/\",\"logo\":{\"@type\":\"ImageObject\",\"inLanguage\":\"de\",\"@id\":\"https:\/\/www.whisperring.nl\/de\/#\/schema\/logo\/image\/\",\"url\":\"https:\/\/www.whisperring.nl\/wp-content\/uploads\/2021\/08\/whisperring-logo.svg\",\"contentUrl\":\"https:\/\/www.whisperring.nl\/wp-content\/uploads\/2021\/08\/whisperring-logo.svg\",\"width\":1,\"height\":1,\"caption\":\"WhisperRing\"},\"image\":{\"@id\":\"https:\/\/www.whisperring.nl\/de\/#\/schema\/logo\/image\/\"}}]}<\/script>\n<!-- \/ Yoast SEO plugin. -->","yoast_head_json":{"title":"WhisperRing | Beispiellose Leistung und effektiv bei jeder Windgeschwindigkeit","description":"Der WhisperRing kann bei jeder Windgeschwindigkeit betrieben werden. Einzigartig ist, dass der WhisperRing auch bei hohen Windgeschwindigkeiten sehr effektiv ist.","robots":{"index":"index","follow":"follow","max-snippet":"max-snippet:-1","max-image-preview":"max-image-preview:large","max-video-preview":"max-video-preview:-1"},"canonical":"https:\/\/www.whisperring.nl\/de\/warum-den-whisperring-waehlen\/noch-nie-dagewesene-leistung\/","og_locale":"de_DE","og_type":"article","og_title":"WhisperRing | Beispiellose Leistung und effektiv bei jeder Windgeschwindigkeit","og_description":"Der WhisperRing kann bei jeder Windgeschwindigkeit betrieben werden. Einzigartig ist, dass der WhisperRing auch bei hohen Windgeschwindigkeiten sehr effektiv ist.","og_url":"https:\/\/www.whisperring.nl\/de\/warum-den-whisperring-waehlen\/noch-nie-dagewesene-leistung\/","og_site_name":"WhisperRing","article_modified_time":"2023-03-31T14:00:43+00:00","og_image":[{"width":1500,"height":833,"url":"https:\/\/www.whisperring.nl\/wp-content\/uploads\/2021\/07\/ventring-windmolen-real-time-monitoring.jpg","type":"image\/jpeg"}],"twitter_card":"summary_large_image","twitter_misc":{"Gesch\u00e4tzte Lesezeit":"2\u00a0Minuten"},"schema":{"@context":"https:\/\/schema.org","@graph":[{"@type":"WebPage","@id":"https:\/\/www.whisperring.nl\/de\/warum-den-whisperring-waehlen\/noch-nie-dagewesene-leistung\/","url":"https:\/\/www.whisperring.nl\/de\/warum-den-whisperring-waehlen\/noch-nie-dagewesene-leistung\/","name":"WhisperRing | Beispiellose Leistung und effektiv bei jeder Windgeschwindigkeit","isPartOf":{"@id":"https:\/\/www.whisperring.nl\/de\/#website"},"primaryImageOfPage":{"@id":"https:\/\/www.whisperring.nl\/de\/warum-den-whisperring-waehlen\/noch-nie-dagewesene-leistung\/#primaryimage"},"image":{"@id":"https:\/\/www.whisperring.nl\/de\/warum-den-whisperring-waehlen\/noch-nie-dagewesene-leistung\/#primaryimage"},"thumbnailUrl":"https:\/\/www.whisperring.nl\/wp-content\/uploads\/2021\/07\/ventring-windmolen-real-time-monitoring.jpg","datePublished":"2021-02-01T08:07:38+00:00","dateModified":"2023-03-31T14:00:43+00:00","description":"Der WhisperRing kann bei jeder Windgeschwindigkeit betrieben werden. Einzigartig ist, dass der WhisperRing auch bei hohen Windgeschwindigkeiten sehr effektiv ist.","breadcrumb":{"@id":"https:\/\/www.whisperring.nl\/de\/warum-den-whisperring-waehlen\/noch-nie-dagewesene-leistung\/#breadcrumb"},"inLanguage":"de","potentialAction":[{"@type":"ReadAction","target":["https:\/\/www.whisperring.nl\/de\/warum-den-whisperring-waehlen\/noch-nie-dagewesene-leistung\/"]}]},{"@type":"ImageObject","inLanguage":"de","@id":"https:\/\/www.whisperring.nl\/de\/warum-den-whisperring-waehlen\/noch-nie-dagewesene-leistung\/#primaryimage","url":"https:\/\/www.whisperring.nl\/wp-content\/uploads\/2021\/07\/ventring-windmolen-real-time-monitoring.jpg","contentUrl":"https:\/\/www.whisperring.nl\/wp-content\/uploads\/2021\/07\/ventring-windmolen-real-time-monitoring.jpg","width":1500,"height":833},{"@type":"BreadcrumbList","@id":"https:\/\/www.whisperring.nl\/de\/warum-den-whisperring-waehlen\/noch-nie-dagewesene-leistung\/#breadcrumb","itemListElement":[{"@type":"ListItem","position":1,"name":"Home","item":"https:\/\/www.whisperring.nl\/de\/startseite\/"},{"@type":"ListItem","position":2,"name":"Noch nie dagewesene Leistung"}]},{"@type":"WebSite","@id":"https:\/\/www.whisperring.nl\/de\/#website","url":"https:\/\/www.whisperring.nl\/de\/","name":"WhisperRing","description":"Innovative Wind Energy","publisher":{"@id":"https:\/\/www.whisperring.nl\/de\/#organization"},"potentialAction":[{"@type":"SearchAction","target":{"@type":"EntryPoint","urlTemplate":"https:\/\/www.whisperring.nl\/de\/?s={search_term_string}"},"query-input":{"@type":"PropertyValueSpecification","valueRequired":true,"valueName":"search_term_string"}}],"inLanguage":"de"},{"@type":"Organization","@id":"https:\/\/www.whisperring.nl\/de\/#organization","name":"WhisperRing","url":"https:\/\/www.whisperring.nl\/de\/","logo":{"@type":"ImageObject","inLanguage":"de","@id":"https:\/\/www.whisperring.nl\/de\/#\/schema\/logo\/image\/","url":"https:\/\/www.whisperring.nl\/wp-content\/uploads\/2021\/08\/whisperring-logo.svg","contentUrl":"https:\/\/www.whisperring.nl\/wp-content\/uploads\/2021\/08\/whisperring-logo.svg","width":1,"height":1,"caption":"WhisperRing"},"image":{"@id":"https:\/\/www.whisperring.nl\/de\/#\/schema\/logo\/image\/"}}]}},"_links":{"self":[{"href":"https:\/\/www.whisperring.nl\/de\/wp-json\/wp\/v2\/pages\/2577","targetHints":{"allow":["GET"]}}],"collection":[{"href":"https:\/\/www.whisperring.nl\/de\/wp-json\/wp\/v2\/pages"}],"about":[{"href":"https:\/\/www.whisperring.nl\/de\/wp-json\/wp\/v2\/types\/page"}],"author":[{"embeddable":true,"href":"https:\/\/www.whisperring.nl\/de\/wp-json\/wp\/v2\/users\/10"}],"replies":[{"embeddable":true,"href":"https:\/\/www.whisperring.nl\/de\/wp-json\/wp\/v2\/comments?post=2577"}],"version-history":[{"count":2,"href":"https:\/\/www.whisperring.nl\/de\/wp-json\/wp\/v2\/pages\/2577\/revisions"}],"predecessor-version":[{"id":2582,"href":"https:\/\/www.whisperring.nl\/de\/wp-json\/wp\/v2\/pages\/2577\/revisions\/2582"}],"up":[{"embeddable":true,"href":"https:\/\/www.whisperring.nl\/de\/wp-json\/wp\/v2\/pages\/2608"}],"wp:featuredmedia":[{"embeddable":true,"href":"https:\/\/www.whisperring.nl\/de\/wp-json\/wp\/v2\/media\/2438"}],"wp:attachment":[{"href":"https:\/\/www.whisperring.nl\/de\/wp-json\/wp\/v2\/media?parent=2577"}],"curies":[{"name":"wp","href":"https:\/\/api.w.org\/{rel}","templated":true}]}}