{"id":2595,"date":"2020-12-01T09:24:08","date_gmt":"2020-12-01T09:24:08","guid":{"rendered":"https:\/\/www.whisperring.nl\/mitmachen-reservieren-sie\/"},"modified":"2023-03-31T14:24:23","modified_gmt":"2023-03-31T14:24:23","slug":"mitmachen-reservieren-sie","status":"publish","type":"page","link":"https:\/\/www.whisperring.nl\/de\/mitmachen-reservieren-sie\/","title":{"rendered":"Mitmachen? Reservieren Sie!"},"content":{"rendered":"[vc_section el_class=&#8220;aandagt__padding aandagt__small aandagt__resp-fullwidth&#8220;][vc_row column_spacing=&#8220;60&#8243;][vc_column width=&#8220;1\/3&#8243;][vc_column_text text_align=&#8220;right&#8220;]\n<h1><strong>Mitmachen? Reservieren Sie!<\/strong><\/h1>\n[\/vc_column_text][\/vc_column][vc_column width=&#8220;2\/3&#8243;][vc_column_text]Landwirten, Energiegenossenschaften, anderen Landbesitzern und (anderen) Parteien mit einer guten Anbindung an windreiche Gebiete bieten wir die M\u00f6glichkeit, jetzt eine Anlage zu reservieren. So k\u00f6nnen Sie den st\u00e4ndig steigenden Energierechnungen in Zukunft ein Ende setzen! Oder Sie entscheiden sich f\u00fcr einen Festpreis, bei dem wir ab Inbetriebnahme der Anlage 1.200 Euro pro Jahr an Landgeb\u00fchren zahlen.<\/p>\n<p>F\u00fcr diese Reservierung zahlen Sie nichts, sondern geben uns das Recht, eine Turbine auf Ihrem Grundst\u00fcck zu errichten und die erzeugte Energie ins Netz einzuspeisen. Bei den derzeit st\u00e4ndig steigenden Energiepreisen ist es vielleicht interessanter, die Turbine selbst zu kaufen. Das k\u00f6nnen Sie auch! Die Regelung sieht die \u00dcbernahme der Turbine zu vorher festgelegten Selbstkostenpreisen vor.<\/p>\n<p>Eine Reservierung kostet Sie nichts und bringt Ihnen nur Vorteile. Gleichzeitig bietet dies unseren Investoren einen garantierten Absatzmarkt nach Abschluss der Entwicklung.<\/p>\n<p>Gemeinsam beschleunigen wir die Energiewende und machen sie menschen- und tierfreundlicher!<\/p>\n<p>F\u00fcllen Sie den Landreservierungsvertrag noch heute aus!<\/p>\n<p>Wenn Sie Fragen haben&#8230;.[\/vc_column_text]<a href=\"https:\/\/www.whisperring.nl\/contact\/\" class=\"vcex-button theme-button outline inline\" style=\"background:#ffffff;padding-right:0px;padding-left:0px;color:#dd9933;border-radius:0;margin-top:40px;border-color:#dd9933;\" data-wpex-hover='{&quot;background&quot;:&quot;#ffffff&quot;,&quot;color&quot;:&quot;#dd7600&quot;}'><span class=\"theme-button-inner\">Kontakt aufnehmen<span class=\"vcex-icon-wrap theme-button-icon-right\"><span class=\"ticon ticon-angle-double-right\" aria-hidden=\"true\"><\/span><\/span><\/span><\/a> [\/vc_column][\/vc_row][\/vc_section][vc_section full_width=&#8220;stretch_row&#8220; css=&#8220;.vc_custom_1638880338989{background-color: #ffffff !important;}&#8220;][vc_row][vc_column][vc_empty_space][\/vc_column][\/vc_row][vc_row full_width=&#8220;stretch_row&#8220; column_spacing=&#8220;60&#8243; css=&#8220;.vc_custom_1638880371522{background-color: #f3f5f7 !important;}&#8220;][vc_column width=&#8220;1\/2&#8243;][vc_column_text]\n<h2>Projekte<\/h2>\n<p>Wir sehen M\u00f6glichkeiten f\u00fcr verschiedene Arten gr\u00f6\u00dferer und kleinerer Projekte, wie z. B. einzelne Turbinen auf dem Gel\u00e4nde von Landwirten, B\u00fcros oder anderen Gewerbeimmobilien. Gemeinsam mit Energiegenossenschaften wollen wir kleine Windparks mit einigen Dutzend Turbinen als Alternative zu (sehr) gro\u00dfen Turbinen realisieren.<\/p>\n<p>Geeignete Standorte sind z.B. die Nordseite von Solarparks, wo wir den gleichen Anschluss nutzen und das Erzeugungsprofil &#8222;Solar&#8220; durch Wind erg\u00e4nzen k\u00f6nnen. So kann mit der gleichen Netzinfrastruktur mehr Strom erzeugt und das Netz ausgeglichen werden.<\/p>\n<p>Die M\u00f6glichkeit der direkten Beeinflussung des erzeugten Stroms bei einem Verbraucher, z. B. einem landwirtschaftlichen Betrieb oder einem Industriegeb\u00e4ude, ist ebenfalls von wirtschaftlichem Nutzen und gesellschaftlich relevant, da dadurch Staus vermieden werden.<\/p>\n<p>W\u00e4re es nicht toll, wenn wir WhisperRing\u00ae-Turbinen entlang der Autobahnen in windigen Provinzen in den Niederlanden aufstellen k\u00f6nnten? Dann k\u00f6nnen wir Dutzende von Prozent des gesamten niederl\u00e4ndischen Energiebedarfs nachhaltig gestalten![\/vc_column_text][\/vc_column][vc_column width=&#8220;1\/2&#8243;][vc_single_image source=&#8220;featured_image&#8220;][\/vc_column][\/vc_row][vc_row column_spacing=&#8220;60&#8243; columns_right=&#8220;yes&#8220;][vc_column width=&#8220;1\/2&#8243;][vc_column_text]\n<h2>Ertragsmodell<\/h2>\n<p>Die WhisperRing\u00ae-Turbine wird in den Niederlanden zwischen 50 MWh und 80 MWh pro Jahr erzeugen<a href=\"#_ftn1\" name=\"_ftnref1\">[1]<\/a>. Vor allem in den windreicheren Gebieten in den K\u00fcstenprovinzen, im Polder Flevoland und in gro\u00dfen Teilen von Groningen und Friesland kann die Turbine viel produzieren. Die umgebende Bebauung und die maximal zul\u00e4ssige Achsh\u00f6he sind in diesem Zusammenhang wichtig.<\/p>\n<p>F\u00fcr kleine Projekte mit einer oder wenigen Turbinen k\u00f6nnen wir eine der folgenden Optionen anbieten:<\/p>\n<ol>\n<li>WhisperRing\u00ae mietet den Standort f\u00fcr die Errichtung einer Anlage (ca. 10 m2 pro Anlage). Daf\u00fcr zahlt Whispering dem Grundst\u00fccks- oder Dacheigent\u00fcmer 1.200 Euro pro Jahr f\u00fcr die Vermittlung. WhisperRing\u00ae beantragt Subventionen f\u00fcr die Turbine und verkauft den Strom selbst.<\/li>\n<li>Der Grundst\u00fccks- oder Dacheigent\u00fcmer kauft die Anlage zum Zeitpunkt der Installation zu dem mit ihm bereits jetzt zu vereinbarenden Preis. Der Grundst\u00fccks- oder Dacheigent\u00fcmer erzeugt Strom f\u00fcr den Eigenverbrauch, spart den aktuellen Strompreis und, soweit er ihn absetzen kann, auch die Energiesteuer.<\/li>\n<\/ol>\n<p>&nbsp;<\/p>\n<p>Wir berechnen gerne den Business Case f\u00fcr Sie![\/vc_column_text]<a href=\"https:\/\/www.whisperring.nl\/contact\/\" class=\"vcex-button theme-button outline inline\" style=\"background:#ffffff;padding-right:0px;padding-left:0px;color:#dd9933;border-radius:0;margin-top:40px;border-color:#dd9933;\" data-wpex-hover='{&quot;background&quot;:&quot;#ffffff&quot;,&quot;color&quot;:&quot;#dd7600&quot;}'><span class=\"theme-button-inner\">Anfordern von Informationen<span class=\"vcex-icon-wrap theme-button-icon-right\"><span class=\"ticon ticon-angle-double-right\" aria-hidden=\"true\"><\/span><\/span><\/span><\/a> [\/vc_column][vc_column width=&#8220;1\/2&#8243;][vc_single_image source=&#8220;featured_image&#8220;][\/vc_column][\/vc_row][vc_row full_width=&#8220;stretch_row&#8220; column_spacing=&#8220;60&#8243; css=&#8220;.vc_custom_1638880377880{background-color: #f3f5f7 !important;}&#8220;][vc_column width=&#8220;1\/2&#8243;][vc_column_text]\n<h2>Investieren in WhisperRing\u00ae<\/h2>\n<p>Rechnen Sie auch damit, dass die Energiekosten steigen werden, dass wir in erneuerbare Energien investieren m\u00fcssen und dass Rohstoffe immer knapper werden? Dann k\u00f6nnte eine Investition in WhisperRing\u00ae eine interessante Option f\u00fcr Sie sein!<\/p>\n<p>Wenn Sie in das Unternehmen WhisperRing\u00ae investieren m\u00f6chten, k\u00f6nnen Sie dies je nach H\u00f6he Ihrer Investition auf folgende Weise tun:<\/p>\n<ol>\n<li>F\u00fcr kleinere Investoren und Energiegenossenschaften besteht die M\u00f6glichkeit, Zertifikate bei der Wervelwind-Stiftung zu erwerben. Bei ausreichendem Interesse wird die Stiftung die Bedingungen daf\u00fcr mit der AFM abkl\u00e4ren oder die Organisation einer Crowdfunding-Plattform \u00fcberlassen.<\/li>\n<li>F\u00fcr gr\u00f6\u00dfere Investoren besteht die M\u00f6glichkeit, sich an einer gr\u00f6\u00dferen, unternehmensintern organisierten Emission zu beteiligen, die ausreichend Kapital f\u00fcr die Finanzierung der Detailentwicklung und des Prototypenbaus aufbringt. Eine solche Emission wird voraussichtlich im<sup>2.<\/sup> oder<sup>3.<\/sup> Quartal 2022 erfolgen.<\/li>\n<\/ol>\n<p>Steigende Material- und Energiekosten <span style=\"text-decoration: line-through;\">machen<\/span> den Business Case f\u00fcr WhisperRing\u00ae zunehmend interessant! Dar\u00fcber hinaus werden wir nach den kleineren Modellen auch mit der Produktion gr\u00f6\u00dferer Modelle beginnen, um die Kosten pro produzierter kWh weiter zu senken!<\/p>\n<p><em>[1] In windigen Gebieten in einer Nabenh\u00f6he von 20 m.<\/em>[\/vc_column_text][\/vc_column][vc_column width=&#8220;1\/2&#8243;][vc_single_image source=&#8220;featured_image&#8220;][\/vc_column][\/vc_row][\/vc_section][vc_section disable_element=&#8220;yes&#8220; el_class=&#8220;kievit__cases&#8220;][vc_row][vc_column][\/vc_column][\/vc_row][\/vc_section]\n","protected":false},"excerpt":{"rendered":"<p>[vc_section el_class=&#8220;aandagt__padding aandagt__small aandagt__resp-fullwidth&#8220;][vc_row column_spacing=&#8220;60&#8243;][vc_column width=&#8220;1\/3&#8243;][vc_column_text text_align=&#8220;right&#8220;] Mitmachen? Reservieren Sie! [\/vc_column_text][\/vc_column][vc_column width=&#8220;2\/3&#8243;][vc_column_text]Landwirten, Energiegenossenschaften, anderen Landbesitzern und (anderen) Parteien mit einer guten Anbindung an windreiche Gebiete bieten wir die M\u00f6glichkeit, jetzt eine Anlage zu reservieren. So k\u00f6nnen Sie den st\u00e4ndig steigenden&hellip;<\/p>\n","protected":false},"author":10,"featured_media":2413,"parent":0,"menu_order":4,"comment_status":"closed","ping_status":"closed","template":"","meta":{"footnotes":""},"class_list":["post-2595","page","type-page","status-publish","has-post-thumbnail","hentry","entry","has-media"],"yoast_head":"<!-- This site is optimized with the Yoast SEO plugin v26.6 - https:\/\/yoast.com\/wordpress\/plugins\/seo\/ -->\n<title>Mitmachen? Reservieren Sie! &#187; WhisperRing &#187; Innovative Windenergie<\/title>\n<meta name=\"robots\" content=\"index, follow, max-snippet:-1, max-image-preview:large, max-video-preview:-1\" \/>\n<link rel=\"canonical\" href=\"https:\/\/www.whisperring.nl\/de\/mitmachen-reservieren-sie\/\" \/>\n<meta property=\"og:locale\" content=\"de_DE\" \/>\n<meta property=\"og:type\" content=\"article\" \/>\n<meta property=\"og:title\" content=\"Mitmachen? Reservieren Sie! &#187; WhisperRing &#187; Innovative Windenergie\" \/>\n<meta property=\"og:description\" content=\"[vc_section el_class=&#8220;aandagt__padding aandagt__small aandagt__resp-fullwidth&#8220;][vc_row column_spacing=&#8220;60&#8243;][vc_column width=&#8220;1\/3&#8243;][vc_column_text text_align=&#8220;right&#8220;] Mitmachen? Reservieren Sie! [\/vc_column_text][\/vc_column][vc_column width=&#8220;2\/3&#8243;][vc_column_text]Landwirten, Energiegenossenschaften, anderen Landbesitzern und (anderen) Parteien mit einer guten Anbindung an windreiche Gebiete bieten wir die M\u00f6glichkeit, jetzt eine Anlage zu reservieren. So k\u00f6nnen Sie den st\u00e4ndig steigenden&hellip;\" \/>\n<meta property=\"og:url\" content=\"https:\/\/www.whisperring.nl\/de\/mitmachen-reservieren-sie\/\" \/>\n<meta property=\"og:site_name\" content=\"WhisperRing\" \/>\n<meta property=\"article:modified_time\" content=\"2023-03-31T14:24:23+00:00\" \/>\n<meta property=\"og:image\" content=\"https:\/\/www.whisperring.nl\/wp-content\/uploads\/2021\/07\/windmolen-ventiring-design.jpg\" \/>\n\t<meta property=\"og:image:width\" content=\"1500\" \/>\n\t<meta property=\"og:image:height\" content=\"1163\" \/>\n\t<meta property=\"og:image:type\" content=\"image\/jpeg\" \/>\n<meta name=\"twitter:card\" content=\"summary_large_image\" \/>\n<meta name=\"twitter:label1\" content=\"Gesch\u00e4tzte Lesezeit\" \/>\n\t<meta name=\"twitter:data1\" content=\"5\u00a0Minuten\" \/>\n<script type=\"application\/ld+json\" class=\"yoast-schema-graph\">{\"@context\":\"https:\/\/schema.org\",\"@graph\":[{\"@type\":\"WebPage\",\"@id\":\"https:\/\/www.whisperring.nl\/de\/mitmachen-reservieren-sie\/\",\"url\":\"https:\/\/www.whisperring.nl\/de\/mitmachen-reservieren-sie\/\",\"name\":\"Mitmachen? Reservieren Sie! &#187; WhisperRing &#187; Innovative Windenergie\",\"isPartOf\":{\"@id\":\"https:\/\/www.whisperring.nl\/de\/#website\"},\"primaryImageOfPage\":{\"@id\":\"https:\/\/www.whisperring.nl\/de\/mitmachen-reservieren-sie\/#primaryimage\"},\"image\":{\"@id\":\"https:\/\/www.whisperring.nl\/de\/mitmachen-reservieren-sie\/#primaryimage\"},\"thumbnailUrl\":\"https:\/\/www.whisperring.nl\/wp-content\/uploads\/2021\/07\/windmolen-ventiring-design.jpg\",\"datePublished\":\"2020-12-01T09:24:08+00:00\",\"dateModified\":\"2023-03-31T14:24:23+00:00\",\"breadcrumb\":{\"@id\":\"https:\/\/www.whisperring.nl\/de\/mitmachen-reservieren-sie\/#breadcrumb\"},\"inLanguage\":\"de\",\"potentialAction\":[{\"@type\":\"ReadAction\",\"target\":[\"https:\/\/www.whisperring.nl\/de\/mitmachen-reservieren-sie\/\"]}]},{\"@type\":\"ImageObject\",\"inLanguage\":\"de\",\"@id\":\"https:\/\/www.whisperring.nl\/de\/mitmachen-reservieren-sie\/#primaryimage\",\"url\":\"https:\/\/www.whisperring.nl\/wp-content\/uploads\/2021\/07\/windmolen-ventiring-design.jpg\",\"contentUrl\":\"https:\/\/www.whisperring.nl\/wp-content\/uploads\/2021\/07\/windmolen-ventiring-design.jpg\",\"width\":1500,\"height\":1163},{\"@type\":\"BreadcrumbList\",\"@id\":\"https:\/\/www.whisperring.nl\/de\/mitmachen-reservieren-sie\/#breadcrumb\",\"itemListElement\":[{\"@type\":\"ListItem\",\"position\":1,\"name\":\"Home\",\"item\":\"https:\/\/www.whisperring.nl\/de\/startseite\/\"},{\"@type\":\"ListItem\",\"position\":2,\"name\":\"Mitmachen? Reservieren Sie!\"}]},{\"@type\":\"WebSite\",\"@id\":\"https:\/\/www.whisperring.nl\/de\/#website\",\"url\":\"https:\/\/www.whisperring.nl\/de\/\",\"name\":\"WhisperRing\",\"description\":\"Innovative Wind Energy\",\"publisher\":{\"@id\":\"https:\/\/www.whisperring.nl\/de\/#organization\"},\"potentialAction\":[{\"@type\":\"SearchAction\",\"target\":{\"@type\":\"EntryPoint\",\"urlTemplate\":\"https:\/\/www.whisperring.nl\/de\/?s={search_term_string}\"},\"query-input\":{\"@type\":\"PropertyValueSpecification\",\"valueRequired\":true,\"valueName\":\"search_term_string\"}}],\"inLanguage\":\"de\"},{\"@type\":\"Organization\",\"@id\":\"https:\/\/www.whisperring.nl\/de\/#organization\",\"name\":\"WhisperRing\",\"url\":\"https:\/\/www.whisperring.nl\/de\/\",\"logo\":{\"@type\":\"ImageObject\",\"inLanguage\":\"de\",\"@id\":\"https:\/\/www.whisperring.nl\/de\/#\/schema\/logo\/image\/\",\"url\":\"https:\/\/www.whisperring.nl\/wp-content\/uploads\/2021\/08\/whisperring-logo.svg\",\"contentUrl\":\"https:\/\/www.whisperring.nl\/wp-content\/uploads\/2021\/08\/whisperring-logo.svg\",\"width\":1,\"height\":1,\"caption\":\"WhisperRing\"},\"image\":{\"@id\":\"https:\/\/www.whisperring.nl\/de\/#\/schema\/logo\/image\/\"}}]}<\/script>\n<!-- \/ Yoast SEO plugin. -->","yoast_head_json":{"title":"Mitmachen? Reservieren Sie! &#187; WhisperRing &#187; Innovative Windenergie","robots":{"index":"index","follow":"follow","max-snippet":"max-snippet:-1","max-image-preview":"max-image-preview:large","max-video-preview":"max-video-preview:-1"},"canonical":"https:\/\/www.whisperring.nl\/de\/mitmachen-reservieren-sie\/","og_locale":"de_DE","og_type":"article","og_title":"Mitmachen? Reservieren Sie! &#187; WhisperRing &#187; Innovative Windenergie","og_description":"[vc_section el_class=&#8220;aandagt__padding aandagt__small aandagt__resp-fullwidth&#8220;][vc_row column_spacing=&#8220;60&#8243;][vc_column width=&#8220;1\/3&#8243;][vc_column_text text_align=&#8220;right&#8220;] Mitmachen? Reservieren Sie! [\/vc_column_text][\/vc_column][vc_column width=&#8220;2\/3&#8243;][vc_column_text]Landwirten, Energiegenossenschaften, anderen Landbesitzern und (anderen) Parteien mit einer guten Anbindung an windreiche Gebiete bieten wir die M\u00f6glichkeit, jetzt eine Anlage zu reservieren. So k\u00f6nnen Sie den st\u00e4ndig steigenden&hellip;","og_url":"https:\/\/www.whisperring.nl\/de\/mitmachen-reservieren-sie\/","og_site_name":"WhisperRing","article_modified_time":"2023-03-31T14:24:23+00:00","og_image":[{"width":1500,"height":1163,"url":"https:\/\/www.whisperring.nl\/wp-content\/uploads\/2021\/07\/windmolen-ventiring-design.jpg","type":"image\/jpeg"}],"twitter_card":"summary_large_image","twitter_misc":{"Gesch\u00e4tzte Lesezeit":"5\u00a0Minuten"},"schema":{"@context":"https:\/\/schema.org","@graph":[{"@type":"WebPage","@id":"https:\/\/www.whisperring.nl\/de\/mitmachen-reservieren-sie\/","url":"https:\/\/www.whisperring.nl\/de\/mitmachen-reservieren-sie\/","name":"Mitmachen? Reservieren Sie! &#187; WhisperRing &#187; Innovative Windenergie","isPartOf":{"@id":"https:\/\/www.whisperring.nl\/de\/#website"},"primaryImageOfPage":{"@id":"https:\/\/www.whisperring.nl\/de\/mitmachen-reservieren-sie\/#primaryimage"},"image":{"@id":"https:\/\/www.whisperring.nl\/de\/mitmachen-reservieren-sie\/#primaryimage"},"thumbnailUrl":"https:\/\/www.whisperring.nl\/wp-content\/uploads\/2021\/07\/windmolen-ventiring-design.jpg","datePublished":"2020-12-01T09:24:08+00:00","dateModified":"2023-03-31T14:24:23+00:00","breadcrumb":{"@id":"https:\/\/www.whisperring.nl\/de\/mitmachen-reservieren-sie\/#breadcrumb"},"inLanguage":"de","potentialAction":[{"@type":"ReadAction","target":["https:\/\/www.whisperring.nl\/de\/mitmachen-reservieren-sie\/"]}]},{"@type":"ImageObject","inLanguage":"de","@id":"https:\/\/www.whisperring.nl\/de\/mitmachen-reservieren-sie\/#primaryimage","url":"https:\/\/www.whisperring.nl\/wp-content\/uploads\/2021\/07\/windmolen-ventiring-design.jpg","contentUrl":"https:\/\/www.whisperring.nl\/wp-content\/uploads\/2021\/07\/windmolen-ventiring-design.jpg","width":1500,"height":1163},{"@type":"BreadcrumbList","@id":"https:\/\/www.whisperring.nl\/de\/mitmachen-reservieren-sie\/#breadcrumb","itemListElement":[{"@type":"ListItem","position":1,"name":"Home","item":"https:\/\/www.whisperring.nl\/de\/startseite\/"},{"@type":"ListItem","position":2,"name":"Mitmachen? Reservieren Sie!"}]},{"@type":"WebSite","@id":"https:\/\/www.whisperring.nl\/de\/#website","url":"https:\/\/www.whisperring.nl\/de\/","name":"WhisperRing","description":"Innovative Wind Energy","publisher":{"@id":"https:\/\/www.whisperring.nl\/de\/#organization"},"potentialAction":[{"@type":"SearchAction","target":{"@type":"EntryPoint","urlTemplate":"https:\/\/www.whisperring.nl\/de\/?s={search_term_string}"},"query-input":{"@type":"PropertyValueSpecification","valueRequired":true,"valueName":"search_term_string"}}],"inLanguage":"de"},{"@type":"Organization","@id":"https:\/\/www.whisperring.nl\/de\/#organization","name":"WhisperRing","url":"https:\/\/www.whisperring.nl\/de\/","logo":{"@type":"ImageObject","inLanguage":"de","@id":"https:\/\/www.whisperring.nl\/de\/#\/schema\/logo\/image\/","url":"https:\/\/www.whisperring.nl\/wp-content\/uploads\/2021\/08\/whisperring-logo.svg","contentUrl":"https:\/\/www.whisperring.nl\/wp-content\/uploads\/2021\/08\/whisperring-logo.svg","width":1,"height":1,"caption":"WhisperRing"},"image":{"@id":"https:\/\/www.whisperring.nl\/de\/#\/schema\/logo\/image\/"}}]}},"_links":{"self":[{"href":"https:\/\/www.whisperring.nl\/de\/wp-json\/wp\/v2\/pages\/2595","targetHints":{"allow":["GET"]}}],"collection":[{"href":"https:\/\/www.whisperring.nl\/de\/wp-json\/wp\/v2\/pages"}],"about":[{"href":"https:\/\/www.whisperring.nl\/de\/wp-json\/wp\/v2\/types\/page"}],"author":[{"embeddable":true,"href":"https:\/\/www.whisperring.nl\/de\/wp-json\/wp\/v2\/users\/10"}],"replies":[{"embeddable":true,"href":"https:\/\/www.whisperring.nl\/de\/wp-json\/wp\/v2\/comments?post=2595"}],"version-history":[{"count":10,"href":"https:\/\/www.whisperring.nl\/de\/wp-json\/wp\/v2\/pages\/2595\/revisions"}],"predecessor-version":[{"id":2628,"href":"https:\/\/www.whisperring.nl\/de\/wp-json\/wp\/v2\/pages\/2595\/revisions\/2628"}],"wp:featuredmedia":[{"embeddable":true,"href":"https:\/\/www.whisperring.nl\/de\/wp-json\/wp\/v2\/media\/2413"}],"wp:attachment":[{"href":"https:\/\/www.whisperring.nl\/de\/wp-json\/wp\/v2\/media?parent=2595"}],"curies":[{"name":"wp","href":"https:\/\/api.w.org\/{rel}","templated":true}]}}