{"id":2608,"date":"2020-12-01T09:23:47","date_gmt":"2020-12-01T09:23:47","guid":{"rendered":"https:\/\/www.whisperring.nl\/warum-den-whisperring-waehlen\/"},"modified":"2023-03-31T14:24:23","modified_gmt":"2023-03-31T14:24:23","slug":"warum-den-whisperring-waehlen","status":"publish","type":"page","link":"https:\/\/www.whisperring.nl\/de\/warum-den-whisperring-waehlen\/","title":{"rendered":"Warum den WhisperRing w\u00e4hlen?"},"content":{"rendered":"[vc_section el_class=&#8220;aandagt__padding aandagt__small aandagt__resp-fullwidth&#8220;][vc_row column_spacing=&#8220;60&#8243;][vc_column width=&#8220;1\/3&#8243;][vc_column_text text_align=&#8220;right&#8220;]\n<h1 style=\"text-align: left;\">Die Entscheidung f\u00fcr WhisperRing\u00ae!<\/h1>\n<h4 style=\"text-align: left;\">Ihr Beitrag zum Klima<\/h4>\n[\/vc_column_text][\/vc_column][vc_column width=&#8220;2\/3&#8243;][vc_column_text]Die Windenergie ist heute eine der wichtigsten Energiequellen und spielt eine wichtige Rolle bei der Erreichung der Ziele der Klimaabkommen von Paris (2015) und Glasgow (2021). Um die steigende Nachfrage nach Windenergie zu decken, werden mehr Windturbinen ben\u00f6tigt. WhisperRing\u00ae-Turbinen arbeiten effektiver als herk\u00f6mmliche Turbinen und k\u00f6nnen so die Energiewende beschleunigen.<\/p>\n<p>WhisperRing\u00ae-Windturbinen senken die Kosten f\u00fcr Windenergie, indem sie die Effizienz von Windturbinen erh\u00f6hen. Dank effizienter und automatisierter Produktionsprozesse sind auch die Beschaffungs- und Installationskosten der Turbinen geringer. Dadurch k\u00f6nnen auch weniger gro\u00dfe Anlagen rentabel betrieben werden. Eine gute Nachricht angesichts der st\u00e4ndig steigenden Energiekosten!<\/p>\n<p>Das Design des WhisperRing\u00ae ist besonders menschen- und tierfreundlich. Dank der geringeren Rotationsgeschwindigkeit kollidieren V\u00f6gel und Flederm\u00e4use seltener, der Schattenwurf ist weniger st\u00f6rend und es gibt viel weniger L\u00e4rm. Und eigentlich sieht der WhisperRing\u00ae auch noch viel lustiger aus!<\/p>\n<p>Die in den WhisperRing\u00ae-Turbinen eingesetzten Technologien werden in Bezug auf Leistung, verwendete Materialien und Fertigungstechniken st\u00e4ndig weiterentwickelt. Auch der Herstellungs- und Wartungsprozess der Turbinen wird kontinuierlich optimiert.[\/vc_column_text]<a href=\"https:\/\/www.whisperring.nl\/waarom-de-whisperring\/technologie\/\" class=\"vcex-button theme-button outline inline\" style=\"padding-right:0px;padding-left:0px;border-radius:0;margin-top:40px;margin-right:20px;\" data-wpex-hover='{&quot;color&quot;:&quot;#000000&quot;}'><span class=\"theme-button-inner\">Technologie<span class=\"vcex-icon-wrap theme-button-icon-right\"><span class=\"ticon ticon-angle-double-right\" aria-hidden=\"true\"><\/span><\/span><\/span><\/a> <a href=\"https:\/\/www.whisperring.nl\/contact\/\" class=\"vcex-button theme-button outline inline\" style=\"padding-right:0px;padding-left:0px;color:#dd9933;border-radius:0;margin-top:40px;border-color:#dd9933;\" data-wpex-hover='{&quot;color&quot;:&quot;#dd7600&quot;}'><span class=\"theme-button-inner\">Anfordern von Informationen<span class=\"vcex-icon-wrap theme-button-icon-right\"><span class=\"ticon ticon-angle-double-right\" aria-hidden=\"true\"><\/span><\/span><\/span><\/a> [\/vc_column][\/vc_row][\/vc_section][vc_section full_width=&#8220;stretch_row&#8220; css=&#8220;.vc_custom_1631863979281{background-color: #f3f5f7 !important;}&#8220; el_class=&#8220;aandagt__padding aandagt__small aandagt__resp-fullwidth&#8220;][vc_row content_placement=&#8220;middle&#8220; column_spacing=&#8220;60&#8243;][vc_column width=&#8220;1\/2&#8243;][vc_column_text]\n<h2>Was nicht draufsteht, kann nicht kaputtgehen!<\/h2>\n<p>Dank des patentierten ringf\u00f6rmigen WhisperRing\u00ae-Generators und des Kohlenstoffdesigns wurde eine hocheffiziente Windturbine mit geringeren Kosten geschaffen. Das Design kombiniert bew\u00e4hrte Techniken aus der Luft- und Raumfahrt, der Elektrotechnik und dem Maschinenbau. Das Ergebnis ist eine Windkraftanlage mit optimalem Wirkungsgrad, die ohne Nabe, ohne Gondel und ohne Getriebe auskommt.[\/vc_column_text]<a href=\"https:\/\/www.whisperring.nl\/waarom-de-whisperring\/verdienmodel\/\" class=\"vcex-button theme-button outline inline\" style=\"padding-right:0px;padding-left:0px;border-radius:0;margin-top:40px;margin-right:20px;\" data-wpex-hover='{&quot;color&quot;:&quot;#000000&quot;}'><span class=\"theme-button-inner\">Ertragsmodell<span class=\"vcex-icon-wrap theme-button-icon-right\"><span class=\"ticon ticon-angle-double-right\" aria-hidden=\"true\"><\/span><\/span><\/span><\/a> <a href=\"https:\/\/www.whisperring.nl\/contact\/\" class=\"vcex-button theme-button outline inline\" style=\"padding-right:0px;padding-left:0px;color:#dd9933;border-radius:0;margin-top:40px;border-color:#dd9933;\" data-wpex-hover='{&quot;color&quot;:&quot;#dd7600&quot;}'><span class=\"theme-button-inner\">Anfordern von Informationen<span class=\"vcex-icon-wrap theme-button-icon-right\"><span class=\"ticon ticon-angle-double-right\" aria-hidden=\"true\"><\/span><\/span><\/span><\/a> [\/vc_column][vc_column width=&#8220;1\/2&#8243; el_class=&#8220;aandagt__offset__top aandagt__overflow aandagt__right&#8220;][vc_single_image image=&#8220;1314&#8243;][\/vc_column][\/vc_row][\/vc_section][vc_section el_class=&#8220;aandagt__padding aandagt__small aandagt__resp-fullwidth&#8220;][vc_row column_spacing=&#8220;60&#8243;][vc_column width=&#8220;1\/3&#8243;][vc_column_text text_align=&#8220;right&#8220;]\n<h3 style=\"text-align: left;\">Keine zentrale Achse<\/h3>\n[\/vc_column_text][\/vc_column][vc_column width=&#8220;2\/3&#8243;][vc_column_text]Die WhisperRing\u00ae-Turbine hat keine zentrale Welle. Stattdessen gibt es einen Ring mit zwei gegeneinander rotierenden H\u00e4lften, in dem der Generator untergebracht ist. Die Konstruktion macht ein teures Getriebe und gro\u00dfe, teure Magnete \u00fcberfl\u00fcssig, was das Gewicht erheblich reduziert.[\/vc_column_text][\/vc_column][\/vc_row][\/vc_section][vc_section el_class=&#8220;aandagt__padding aandagt__small aandagt__resp-fullwidth&#8220;][vc_row column_spacing=&#8220;60&#8243; columns_right=&#8220;yes&#8220;][vc_column width=&#8220;1\/3&#8243;][vc_column_text text_align=&#8220;right&#8220;]\n<h3 style=\"text-align: left;\">Hightech-Materialien<\/h3>\n[\/vc_column_text][\/vc_column][vc_column width=&#8220;2\/3&#8243;][vc_column_text]Die Turbine besteht aus kohlenstofffaserverst\u00e4rkten Kunststoffen (CFK), einem Verbundwerkstoff aus Kohlenstofffasern und duroplastischem Harz. Der Einsatz von CFK erh\u00f6ht die Festigkeit, wo es n\u00f6tig ist, und spart Gewicht, wo es m\u00f6glich ist. WhisperRing\u00ae-Carbon-Elemente werden auf der Grundlage des CAD-Entwurfs einfach hergestellt und sozusagen in 3D gedruckt. Riesige Gussformen, wie bei herk\u00f6mmlichen Windkraftanlagen, sind daher nicht erforderlich.<\/p>\n<p>Au\u00dferdem k\u00f6nnen diese Materialien nach Ablauf ihrer Nutzungsdauer problemlos recycelt werden.[\/vc_column_text][\/vc_column][\/vc_row][\/vc_section][vc_section el_class=&#8220;aandagt__padding aandagt__small aandagt__resp-fullwidth&#8220;][vc_row column_spacing=&#8220;60&#8243;][vc_column width=&#8220;1\/3&#8243;][vc_column_text]\n<h3 style=\"text-align: left;\">Die wichtigsten Fakten<\/h3>\n[\/vc_column_text][\/vc_column][vc_column width=&#8220;2\/3&#8243;][vc_column_text text_align=&#8220;right&#8220;]\n<ul>\n<li style=\"text-align: left;\">Niedrige Energiekosten<\/li>\n<li style=\"text-align: left;\">Die vielen verschiedenen Module des Ringgenerators k\u00f6nnen je nach Windgeschwindigkeit ein- und ausgeschaltet werden.<\/li>\n<li style=\"text-align: left;\">Dank Technologien, die sich au\u00dferhalb der Windindustrie bew\u00e4hrt haben, betr\u00e4gt die Lebensdauer bis zu 30 Jahre.<\/li>\n<li style=\"text-align: left;\">Geringe und einfache Wartung dank der kohlenstofffaserverst\u00e4rkten Verbundkonstruktion<\/li>\n<li style=\"text-align: left;\">Niedriger Ger\u00e4uschpegel (59 m\/s &lt; 70 dB(A), w\u00e4hrend die derzeitige Industrienorm 85 m\/s &gt; 100 dB(A) betr\u00e4gt<\/li>\n<li style=\"text-align: left;\">\u00dcber 80% Gewichtseinsparung durch Ringgenerator und verwendete Materialien<\/li>\n<li style=\"text-align: left;\">Minimale Verwendung von Seltenen Erden, wie Neodym<\/li>\n<li style=\"text-align: left;\">Geringerer Nachlaufeffekt und damit mehr Windkraftanlagen pro km2 m\u00f6glich<\/li>\n<li style=\"text-align: left;\">Weltweit patentiert<\/li>\n<\/ul>\n<blockquote>\n<p style=\"text-align: left;\">&#8222;WhisperRing hat eine Kombination von Technologien gefunden, die zusammen ein neues Leistungsniveau erm\u00f6glichen.&#8220;<\/p>\n<\/blockquote>\n[\/vc_column_text][\/vc_column][\/vc_row][\/vc_section]\n","protected":false},"excerpt":{"rendered":"<p>[vc_section el_class=&#8220;aandagt__padding aandagt__small aandagt__resp-fullwidth&#8220;][vc_row column_spacing=&#8220;60&#8243;][vc_column width=&#8220;1\/3&#8243;][vc_column_text text_align=&#8220;right&#8220;] Die Entscheidung f\u00fcr WhisperRing\u00ae! Ihr Beitrag zum Klima [\/vc_column_text][\/vc_column][vc_column width=&#8220;2\/3&#8243;][vc_column_text]Die Windenergie ist heute eine der wichtigsten Energiequellen und spielt eine wichtige Rolle bei der Erreichung der Ziele der Klimaabkommen von Paris (2015) und&hellip;<\/p>\n","protected":false},"author":10,"featured_media":2363,"parent":0,"menu_order":2,"comment_status":"closed","ping_status":"closed","template":"","meta":{"footnotes":""},"class_list":["post-2608","page","type-page","status-publish","has-post-thumbnail","hentry","entry","has-media"],"yoast_head":"<!-- This site is optimized with the Yoast SEO plugin v26.6 - https:\/\/yoast.com\/wordpress\/plugins\/seo\/ -->\n<title>&#187; Innovative Windenergie<\/title>\n<meta name=\"description\" content=\"Die einzigartige Konstruktion des WhisperRing hat mehrere entscheidende Vorteile gegen\u00fcber Turbinen gleicher H\u00f6he und gleichen Durchmessers.\" \/>\n<meta name=\"robots\" content=\"index, follow, max-snippet:-1, max-image-preview:large, max-video-preview:-1\" \/>\n<link rel=\"canonical\" href=\"https:\/\/www.whisperring.nl\/de\/warum-den-whisperring-waehlen\/\" \/>\n<meta property=\"og:locale\" content=\"de_DE\" \/>\n<meta property=\"og:type\" content=\"article\" \/>\n<meta property=\"og:title\" content=\"&#187; Innovative Windenergie\" \/>\n<meta property=\"og:description\" content=\"Die einzigartige Konstruktion des WhisperRing hat mehrere entscheidende Vorteile gegen\u00fcber Turbinen gleicher H\u00f6he und gleichen Durchmessers.\" \/>\n<meta property=\"og:url\" content=\"https:\/\/www.whisperring.nl\/de\/warum-den-whisperring-waehlen\/\" \/>\n<meta property=\"og:site_name\" content=\"WhisperRing\" \/>\n<meta property=\"article:modified_time\" content=\"2023-03-31T14:24:23+00:00\" \/>\n<meta property=\"og:image\" content=\"https:\/\/www.whisperring.nl\/wp-content\/uploads\/2021\/07\/windmolen.jpg\" \/>\n\t<meta property=\"og:image:width\" content=\"1920\" \/>\n\t<meta property=\"og:image:height\" content=\"1080\" \/>\n\t<meta property=\"og:image:type\" content=\"image\/jpeg\" \/>\n<meta name=\"twitter:card\" content=\"summary_large_image\" \/>\n<meta name=\"twitter:label1\" content=\"Gesch\u00e4tzte Lesezeit\" \/>\n\t<meta name=\"twitter:data1\" content=\"4\u00a0Minuten\" \/>\n<script type=\"application\/ld+json\" class=\"yoast-schema-graph\">{\"@context\":\"https:\/\/schema.org\",\"@graph\":[{\"@type\":\"WebPage\",\"@id\":\"https:\/\/www.whisperring.nl\/de\/warum-den-whisperring-waehlen\/\",\"url\":\"https:\/\/www.whisperring.nl\/de\/warum-den-whisperring-waehlen\/\",\"name\":\"&#187; Innovative Windenergie\",\"isPartOf\":{\"@id\":\"https:\/\/www.whisperring.nl\/de\/#website\"},\"primaryImageOfPage\":{\"@id\":\"https:\/\/www.whisperring.nl\/de\/warum-den-whisperring-waehlen\/#primaryimage\"},\"image\":{\"@id\":\"https:\/\/www.whisperring.nl\/de\/warum-den-whisperring-waehlen\/#primaryimage\"},\"thumbnailUrl\":\"https:\/\/www.whisperring.nl\/wp-content\/uploads\/2021\/07\/windmolen.jpg\",\"datePublished\":\"2020-12-01T09:23:47+00:00\",\"dateModified\":\"2023-03-31T14:24:23+00:00\",\"description\":\"Die einzigartige Konstruktion des WhisperRing hat mehrere entscheidende Vorteile gegen\u00fcber Turbinen gleicher H\u00f6he und gleichen Durchmessers.\",\"breadcrumb\":{\"@id\":\"https:\/\/www.whisperring.nl\/de\/warum-den-whisperring-waehlen\/#breadcrumb\"},\"inLanguage\":\"de\",\"potentialAction\":[{\"@type\":\"ReadAction\",\"target\":[\"https:\/\/www.whisperring.nl\/de\/warum-den-whisperring-waehlen\/\"]}]},{\"@type\":\"ImageObject\",\"inLanguage\":\"de\",\"@id\":\"https:\/\/www.whisperring.nl\/de\/warum-den-whisperring-waehlen\/#primaryimage\",\"url\":\"https:\/\/www.whisperring.nl\/wp-content\/uploads\/2021\/07\/windmolen.jpg\",\"contentUrl\":\"https:\/\/www.whisperring.nl\/wp-content\/uploads\/2021\/07\/windmolen.jpg\",\"width\":1920,\"height\":1080},{\"@type\":\"BreadcrumbList\",\"@id\":\"https:\/\/www.whisperring.nl\/de\/warum-den-whisperring-waehlen\/#breadcrumb\",\"itemListElement\":[{\"@type\":\"ListItem\",\"position\":1,\"name\":\"Home\",\"item\":\"https:\/\/www.whisperring.nl\/de\/startseite\/\"},{\"@type\":\"ListItem\",\"position\":2,\"name\":\"Warum den WhisperRing w\u00e4hlen?\"}]},{\"@type\":\"WebSite\",\"@id\":\"https:\/\/www.whisperring.nl\/de\/#website\",\"url\":\"https:\/\/www.whisperring.nl\/de\/\",\"name\":\"WhisperRing\",\"description\":\"Innovative Wind Energy\",\"publisher\":{\"@id\":\"https:\/\/www.whisperring.nl\/de\/#organization\"},\"potentialAction\":[{\"@type\":\"SearchAction\",\"target\":{\"@type\":\"EntryPoint\",\"urlTemplate\":\"https:\/\/www.whisperring.nl\/de\/?s={search_term_string}\"},\"query-input\":{\"@type\":\"PropertyValueSpecification\",\"valueRequired\":true,\"valueName\":\"search_term_string\"}}],\"inLanguage\":\"de\"},{\"@type\":\"Organization\",\"@id\":\"https:\/\/www.whisperring.nl\/de\/#organization\",\"name\":\"WhisperRing\",\"url\":\"https:\/\/www.whisperring.nl\/de\/\",\"logo\":{\"@type\":\"ImageObject\",\"inLanguage\":\"de\",\"@id\":\"https:\/\/www.whisperring.nl\/de\/#\/schema\/logo\/image\/\",\"url\":\"https:\/\/www.whisperring.nl\/wp-content\/uploads\/2021\/08\/whisperring-logo.svg\",\"contentUrl\":\"https:\/\/www.whisperring.nl\/wp-content\/uploads\/2021\/08\/whisperring-logo.svg\",\"width\":1,\"height\":1,\"caption\":\"WhisperRing\"},\"image\":{\"@id\":\"https:\/\/www.whisperring.nl\/de\/#\/schema\/logo\/image\/\"}}]}<\/script>\n<!-- \/ Yoast SEO plugin. -->","yoast_head_json":{"title":"&#187; Innovative Windenergie","description":"Die einzigartige Konstruktion des WhisperRing hat mehrere entscheidende Vorteile gegen\u00fcber Turbinen gleicher H\u00f6he und gleichen Durchmessers.","robots":{"index":"index","follow":"follow","max-snippet":"max-snippet:-1","max-image-preview":"max-image-preview:large","max-video-preview":"max-video-preview:-1"},"canonical":"https:\/\/www.whisperring.nl\/de\/warum-den-whisperring-waehlen\/","og_locale":"de_DE","og_type":"article","og_title":"&#187; Innovative Windenergie","og_description":"Die einzigartige Konstruktion des WhisperRing hat mehrere entscheidende Vorteile gegen\u00fcber Turbinen gleicher H\u00f6he und gleichen Durchmessers.","og_url":"https:\/\/www.whisperring.nl\/de\/warum-den-whisperring-waehlen\/","og_site_name":"WhisperRing","article_modified_time":"2023-03-31T14:24:23+00:00","og_image":[{"width":1920,"height":1080,"url":"https:\/\/www.whisperring.nl\/wp-content\/uploads\/2021\/07\/windmolen.jpg","type":"image\/jpeg"}],"twitter_card":"summary_large_image","twitter_misc":{"Gesch\u00e4tzte Lesezeit":"4\u00a0Minuten"},"schema":{"@context":"https:\/\/schema.org","@graph":[{"@type":"WebPage","@id":"https:\/\/www.whisperring.nl\/de\/warum-den-whisperring-waehlen\/","url":"https:\/\/www.whisperring.nl\/de\/warum-den-whisperring-waehlen\/","name":"&#187; Innovative Windenergie","isPartOf":{"@id":"https:\/\/www.whisperring.nl\/de\/#website"},"primaryImageOfPage":{"@id":"https:\/\/www.whisperring.nl\/de\/warum-den-whisperring-waehlen\/#primaryimage"},"image":{"@id":"https:\/\/www.whisperring.nl\/de\/warum-den-whisperring-waehlen\/#primaryimage"},"thumbnailUrl":"https:\/\/www.whisperring.nl\/wp-content\/uploads\/2021\/07\/windmolen.jpg","datePublished":"2020-12-01T09:23:47+00:00","dateModified":"2023-03-31T14:24:23+00:00","description":"Die einzigartige Konstruktion des WhisperRing hat mehrere entscheidende Vorteile gegen\u00fcber Turbinen gleicher H\u00f6he und gleichen Durchmessers.","breadcrumb":{"@id":"https:\/\/www.whisperring.nl\/de\/warum-den-whisperring-waehlen\/#breadcrumb"},"inLanguage":"de","potentialAction":[{"@type":"ReadAction","target":["https:\/\/www.whisperring.nl\/de\/warum-den-whisperring-waehlen\/"]}]},{"@type":"ImageObject","inLanguage":"de","@id":"https:\/\/www.whisperring.nl\/de\/warum-den-whisperring-waehlen\/#primaryimage","url":"https:\/\/www.whisperring.nl\/wp-content\/uploads\/2021\/07\/windmolen.jpg","contentUrl":"https:\/\/www.whisperring.nl\/wp-content\/uploads\/2021\/07\/windmolen.jpg","width":1920,"height":1080},{"@type":"BreadcrumbList","@id":"https:\/\/www.whisperring.nl\/de\/warum-den-whisperring-waehlen\/#breadcrumb","itemListElement":[{"@type":"ListItem","position":1,"name":"Home","item":"https:\/\/www.whisperring.nl\/de\/startseite\/"},{"@type":"ListItem","position":2,"name":"Warum den WhisperRing w\u00e4hlen?"}]},{"@type":"WebSite","@id":"https:\/\/www.whisperring.nl\/de\/#website","url":"https:\/\/www.whisperring.nl\/de\/","name":"WhisperRing","description":"Innovative Wind Energy","publisher":{"@id":"https:\/\/www.whisperring.nl\/de\/#organization"},"potentialAction":[{"@type":"SearchAction","target":{"@type":"EntryPoint","urlTemplate":"https:\/\/www.whisperring.nl\/de\/?s={search_term_string}"},"query-input":{"@type":"PropertyValueSpecification","valueRequired":true,"valueName":"search_term_string"}}],"inLanguage":"de"},{"@type":"Organization","@id":"https:\/\/www.whisperring.nl\/de\/#organization","name":"WhisperRing","url":"https:\/\/www.whisperring.nl\/de\/","logo":{"@type":"ImageObject","inLanguage":"de","@id":"https:\/\/www.whisperring.nl\/de\/#\/schema\/logo\/image\/","url":"https:\/\/www.whisperring.nl\/wp-content\/uploads\/2021\/08\/whisperring-logo.svg","contentUrl":"https:\/\/www.whisperring.nl\/wp-content\/uploads\/2021\/08\/whisperring-logo.svg","width":1,"height":1,"caption":"WhisperRing"},"image":{"@id":"https:\/\/www.whisperring.nl\/de\/#\/schema\/logo\/image\/"}}]}},"_links":{"self":[{"href":"https:\/\/www.whisperring.nl\/de\/wp-json\/wp\/v2\/pages\/2608","targetHints":{"allow":["GET"]}}],"collection":[{"href":"https:\/\/www.whisperring.nl\/de\/wp-json\/wp\/v2\/pages"}],"about":[{"href":"https:\/\/www.whisperring.nl\/de\/wp-json\/wp\/v2\/types\/page"}],"author":[{"embeddable":true,"href":"https:\/\/www.whisperring.nl\/de\/wp-json\/wp\/v2\/users\/10"}],"replies":[{"embeddable":true,"href":"https:\/\/www.whisperring.nl\/de\/wp-json\/wp\/v2\/comments?post=2608"}],"version-history":[{"count":1,"href":"https:\/\/www.whisperring.nl\/de\/wp-json\/wp\/v2\/pages\/2608\/revisions"}],"predecessor-version":[{"id":2614,"href":"https:\/\/www.whisperring.nl\/de\/wp-json\/wp\/v2\/pages\/2608\/revisions\/2614"}],"wp:featuredmedia":[{"embeddable":true,"href":"https:\/\/www.whisperring.nl\/de\/wp-json\/wp\/v2\/media\/2363"}],"wp:attachment":[{"href":"https:\/\/www.whisperring.nl\/de\/wp-json\/wp\/v2\/media?parent=2608"}],"curies":[{"name":"wp","href":"https:\/\/api.w.org\/{rel}","templated":true}]}}