{"id":2626,"date":"2020-12-01T09:18:18","date_gmt":"2020-12-01T09:18:18","guid":{"rendered":"https:\/\/www.whisperring.nl\/startseite\/"},"modified":"2023-03-31T14:24:23","modified_gmt":"2023-03-31T14:24:23","slug":"startseite","status":"publish","type":"page","link":"https:\/\/www.whisperring.nl\/de\/","title":{"rendered":"Startseite"},"content":{"rendered":"[vc_section full_width=&#8220;stretch_row&#8220; content_placement=&#8220;top&#8220; wpex_post_thumbnail_bg=&#8220;true&#8220; css=&#8220;.vc_custom_1631797835312{padding-top: 350px !important;background-position: center !important;background-repeat: no-repeat !important;background-size: cover !important;}&#8220; el_class=&#8220;aandagt__padding aandagt__header aandagt__boxed&#8220;][vc_row typography_style=&#8220;white&#8220;][vc_column][vc_column_text responsive_text=&#8220;true&#8220; font_family=&#8220;actor-v10-latin-regular&#8220; line_height=&#8220;140px&#8220; el_id=&#8220;website-titel&#8220;]\n<h1>WhisperRing\u00ae Windkraftanlage<br \/>\ndie stille Revolution der Windenergie<\/h1>\n[\/vc_column_text]<a id=\"website-subtitel\" href=\"#Windm\u00fchle\" class=\"vcex-button theme-button outline inline website-subtitel local-scroll-link\" style=\"padding-right:0px;padding-left:0px;color:#ffffff;border-radius:0;margin-top:40px;border-color:#ffffff;\" data-wpex-hover='{&quot;color&quot;:&quot;#000000&quot;}'><span class=\"theme-button-inner\">Entdecken Sie unsere innovative Windkraftanlage<span class=\"vcex-icon-wrap theme-button-icon-right\"><span class=\"ticon ticon-angle-double-down\" aria-hidden=\"true\"><\/span><\/span><\/span><\/a> [\/vc_column][\/vc_row][\/vc_section][vc_section el_class=&#8220;aandagt__padding aandagt__small aandagt__resp-fullwidth&#8220; local_scroll_id=&#8220;windmolen&#8220;][vc_row column_spacing=&#8220;60&#8243;][vc_column width=&#8220;1\/3&#8243;][vc_column_text text_align=&#8220;right&#8220;]\n<h2 style=\"text-align: left;\">Leiser, kleiner, leichter, nachhaltiger<\/h2>\n[\/vc_column_text][\/vc_column][vc_column width=&#8220;2\/3&#8243;][vc_column_text]Mit einem weltweiten Patent auf eine relativ einfache Idee halten wir den Schl\u00fcssel zu einer nachhaltigen Wirtschaft in unseren H\u00e4nden. Wir versprechen nicht nur eine kohlenstoffemissionsfreie Wirtschaft, sondern auch Energiekosten, die schon jetzt niedriger sind als die st\u00e4ndig steigenden Energiekosten f\u00fcr fossile Brennstoffe. Das Patent betrifft eine Windkraftanlage mit \u00fcberlegenen aerodynamischen Eigenschaften.<\/p>\n<p>Wir entwickeln eine revolution\u00e4re Windturbine, die in Gr\u00f6\u00dfe und Gewicht kleiner ist als herk\u00f6mmliche Turbinen mit \u00e4hnlicher Leistung. Die modulare Turbine wird mit weniger knappen Rohstoffen hergestellt, macht weniger L\u00e4rm und hat eine geringere CO2-Bilanz. Das patentierte und zertifizierte WhisperRing\u00ae-Design k\u00f6nnte somit zum neuen Industriestandard werden.[\/vc_column_text]<a href=\"https:\/\/www.whisperring.nl\/waarom-de-whisperring\/\" class=\"vcex-button theme-button outline inline\" style=\"padding-right:0px;padding-left:0px;border-radius:0;margin-top:40px;margin-right:20px;\" data-wpex-hover='{&quot;color&quot;:&quot;#40180a&quot;}'><span class=\"theme-button-inner\">Warum der WhisperRing<span class=\"vcex-icon-wrap theme-button-icon-right\"><span class=\"ticon ticon-angle-double-right\" aria-hidden=\"true\"><\/span><\/span><\/span><\/a> <a href=\"https:\/\/www.whisperring.nl\/contact\/\" class=\"vcex-button theme-button outline inline\" style=\"padding-right:0px;padding-left:0px;color:#dd9933;border-radius:0;margin-top:40px;border-color:#dd9933;\" data-wpex-hover='{&quot;color&quot;:&quot;#dd7600&quot;}'><span class=\"theme-button-inner\">Anfordern von Informationen<span class=\"vcex-icon-wrap theme-button-icon-right\"><span class=\"ticon ticon-angle-double-right\" aria-hidden=\"true\"><\/span><\/span><\/span><\/a> [\/vc_column][\/vc_row][\/vc_section][vc_section full_width=&#8220;stretch_row&#8220; css=&#8220;.vc_custom_1631797879665{background-color: #ebf1f0 !important;background-position: center !important;background-repeat: no-repeat !important;background-size: cover !important;}&#8220; el_class=&#8220;aandagt__padding aandagt__small aandagt__resp-fullwidth&#8220;][vc_row column_spacing=&#8220;60&#8243; equal_height=&#8220;yes&#8220;][vc_column width=&#8220;1\/2&#8243;][vc_column_text]\n<h2>WhisperRing\u00ae; die neu erfundene Windturbine<\/h2>\n<p>In unserem Patent geht es darum, die derzeitige feste Welle durch einen hohlen, aerodynamisch geformten Ring zu ersetzen, in dem sich eine gro\u00dfe Anzahl von Generatormodulen mit idealer Geschwindigkeit aneinander vorbeibewegen kann. Die Form des Rings lenkt zudem den einstr\u00f6menden Luftstrom in Richtung der Schaufeln und verhindert so st\u00f6rende Turbulenzen. Das Ergebnis ist eine wesentlich h\u00f6here Energieausbeute. Dank dieser Konstruktion kann die Drehgeschwindigkeit der Schaufeln reduziert werden, und die Turbine ist wesentlich leiser.<\/p>\n<p>Dank des modularen Aufbaus des Generators ist es auch m\u00f6glich, die Leistung (und den Widerstand) ein- oder auszuschalten. Dadurch kann die Turbine unter verschiedenen Bedingungen optimal arbeiten.<\/p>\n<p>Die Ringstruktur macht ein wartungsanf\u00e4lliges Getriebe \u00fcberfl\u00fcssig. Die Turbine kann auch per Software angepasst werden, z. B. an die Anschlusskapazit\u00e4t.<\/p>\n<p>Der Entwurf der Turbine ist weitgehend abgeschlossen, validiert und patentiert. Der n\u00e4chste Schritt ist die Fertigstellung des Detail-Engineerings und die anschlie\u00dfende Erprobung und Einf\u00fchrung in die Produktion.[\/vc_column_text]<a href=\"https:\/\/www.whisperring.nl\/waarom-de-whisperring\/technologie\/\" class=\"vcex-button theme-button outline inline\" style=\"padding-right:0px;padding-left:0px;border-radius:0;margin-top:40px;margin-right:20px;\" data-wpex-hover='{&quot;color&quot;:&quot;#000000&quot;}'><span class=\"theme-button-inner\">Technologie<span class=\"vcex-icon-wrap theme-button-icon-right\"><span class=\"ticon ticon-angle-double-right\" aria-hidden=\"true\"><\/span><\/span><\/span><\/a> <a href=\"https:\/\/www.whisperring.nl\/contact\/\" class=\"vcex-button theme-button outline inline\" style=\"padding-right:0px;padding-left:0px;color:#dd9933;border-radius:0;margin-top:40px;border-color:#dd9933;\" data-wpex-hover='{&quot;color&quot;:&quot;#dd7600&quot;}'><span class=\"theme-button-inner\">Anfordern von Informationen<span class=\"vcex-icon-wrap theme-button-icon-right\"><span class=\"ticon ticon-angle-double-right\" aria-hidden=\"true\"><\/span><\/span><\/span><\/a> [\/vc_column][vc_column width=&#8220;1\/2&#8243; el_class=&#8220;aandagt__offset__top aandagt__overflow aandagt__right&#8220;][vc_single_image image=&#8220;1837&#8243; img_size=&#8220;1500&#215;950&#8243;][\/vc_column][\/vc_row][\/vc_section][vc_section full_width=&#8220;stretch_row&#8220; el_class=&#8220;aandagt__padding aandagt__small aandagt__resp-fullwidth&#8220;][vc_row content_placement=&#8220;middle&#8220; column_spacing=&#8220;60&#8243; columns_right=&#8220;yes&#8220;][vc_column width=&#8220;1\/2&#8243;][vc_column_text]\n<h2>Die \u00fcberzeugenden Vorteile des WhisperRing\u00ae<\/h2>\n<p>Das einzigartige Design des WhisperRing\u00ae bringt im Vergleich zu klassischen Turbinen gleicher H\u00f6he und gleichen Durchmessers mehrere wichtige Vorteile;<\/p>\n<ul>\n<li>Hohe j\u00e4hrliche Energieproduktion: mehr als bei herk\u00f6mmlichen Windkraftanlagen<\/li>\n<li>Geringes Gewicht: 80 % weniger als bei herk\u00f6mmlichen Turbinen<\/li>\n<li>Niedriger Ger\u00e4uschpegel: ein Bruchteil der konventionellen Turbinen<\/li>\n<li>Geringe Standortempfindlichkeit: geeignet f\u00fcr verschiedene Windverh\u00e4ltnisse und Standorte<\/li>\n<li>Zertifiziert von UL f\u00fcr eine Lebensdauer von 30 Jahren (siehe: <a href=\"https:\/\/aws-dewi.ul.com\/\">https:\/\/aws-dewi.ul.com\/)<\/a><\/li>\n<li>Praktisch alle Teile dieser Turbine sind wiederverwendbar<\/li>\n<\/ul>\n<p>&nbsp;<\/p>\n<p>Kurz gesagt, Sie erhalten mehr kWh f\u00fcr Ihre Investition und weniger Unannehmlichkeiten f\u00fcr Sie und Ihre Umgebung![\/vc_column_text]<a href=\"https:\/\/www.whisperring.nl\/waarom-de-whisperring\/verdienmodel\/\" class=\"vcex-button theme-button outline inline\" style=\"padding-right:0px;padding-left:0px;border-radius:0;margin-top:40px;margin-right:20px;\" data-wpex-hover='{&quot;color&quot;:&quot;#000000&quot;}'><span class=\"theme-button-inner\">Ertragsmodell<span class=\"vcex-icon-wrap theme-button-icon-right\"><span class=\"ticon ticon-angle-double-right\" aria-hidden=\"true\"><\/span><\/span><\/span><\/a> <a href=\"https:\/\/www.whisperring.nl\/contact\/\" class=\"vcex-button theme-button outline inline\" style=\"padding-right:0px;padding-left:0px;color:#dd9933;border-radius:0;margin-top:40px;border-color:#dd9933;\" data-wpex-hover='{&quot;color&quot;:&quot;#dd7600&quot;}'><span class=\"theme-button-inner\">Anfordern von Informationen<span class=\"vcex-icon-wrap theme-button-icon-right\"><span class=\"ticon ticon-angle-double-right\" aria-hidden=\"true\"><\/span><\/span><\/span><\/a> [\/vc_column][vc_column width=&#8220;1\/2&#8243; el_class=&#8220;aandagt__offset__top aandagt__overflow aandagt__left&#8220;][vc_single_image image=&#8220;1532&#8243; img_size=&#8220;1500&#215;950&#8243;][\/vc_column][\/vc_row][\/vc_section][vc_section full_width=&#8220;stretch_row&#8220; el_class=&#8220;aandagt__padding aandagt__small aandagt__resp-fullwidth&#8220; css=&#8220;.vc_custom_1631797920576{background-color: #ebf1f0 !important;}&#8220;][vc_row column_spacing=&#8220;60&#8243; equal_height=&#8220;yes&#8220;][vc_column width=&#8220;1\/2&#8243;][vc_column_text]\n<h2>Die revolution\u00e4re WhisperRing\u00ae-Turbine<\/h2>\n<p>Dank des patentierten Ringdesigns und der schaltbaren Leistung ergeben sich viele Vorteile, die in die Standardproduktions-, Installations- und Wartungsprozesse integriert werden k\u00f6nnen. Standardisierung macht effizient. Der WhisperRing\u00ae \u00fcbertrifft herk\u00f6mmliche Turbinen in den folgenden Aspekten;<\/p>\n<ul>\n<li>Wartungsarm<\/li>\n<li>Profitabel ohne Subventionen<\/li>\n<li>Hoher Jahresertrag<\/li>\n<li>K\u00fcrzere Rotorbl\u00e4tter<\/li>\n<li>Modularer Direktantriebsgenerator<\/li>\n<li>Verschlei\u00dfanf\u00e4lliges Getriebe wird nicht mehr ben\u00f6tigt<\/li>\n<li>Intelligente Lager mit geringer Reibung<\/li>\n<li>Ultraleicht und stark mit kohlenstofffaserverst\u00e4rkten Kunststoffen (CFK)<\/li>\n<li>Menschen- und tierfreundlich durch niedrige Drehgeschwindigkeit und geringen Ger\u00e4uschpegel<\/li>\n<li>Nach 30 Jahren sind die Materialien leicht zu recyceln<\/li>\n<\/ul>\n[\/vc_column_text]<a href=\"https:\/\/www.whisperring.nl\/waarom-de-whisperring\/ontwerp\/\" class=\"vcex-button theme-button outline inline\" style=\"padding-right:0px;padding-left:0px;border-radius:0;margin-top:40px;margin-right:20px;\" data-wpex-hover='{&quot;color&quot;:&quot;#000000&quot;}'><span class=\"theme-button-inner\">Gestaltung<span class=\"vcex-icon-wrap theme-button-icon-right\"><span class=\"ticon ticon-angle-double-right\" aria-hidden=\"true\"><\/span><\/span><\/span><\/a> <a href=\"https:\/\/www.whisperring.nl\/waarom-de-whisperring\/prestaties\/\" class=\"vcex-button theme-button outline inline\" style=\"padding-right:0px;padding-left:0px;border-radius:0;margin-top:40px;margin-right:20px;\" data-wpex-hover='{&quot;color&quot;:&quot;#000000&quot;}'><span class=\"theme-button-inner\">Leistung<span class=\"vcex-icon-wrap theme-button-icon-right\"><span class=\"ticon ticon-angle-double-right\" aria-hidden=\"true\"><\/span><\/span><\/span><\/a> [\/vc_column][vc_column width=&#8220;1\/2&#8243; el_class=&#8220;aandagt__offset__top aandagt__overflow aandagt__right&#8220;][vc_single_image image=&#8220;1561&#8243; img_size=&#8220;1500&#215;950&#8243;][\/vc_column][\/vc_row][\/vc_section][vc_section full_width=&#8220;stretch_row&#8220; el_class=&#8220;aandagt__padding aandagt__large aandagt__videos&#8220;][vc_row][vc_column][vc_column_text]\n<h2><strong>Die Entscheidung f\u00fcr WhisperRing\u00ae!<\/strong><\/h2>\n<h4>Video<\/h4>\n[\/vc_column_text][\/vc_column][\/vc_row][vc_row column_spacing=&#8220;5&#8243;][vc_column width=&#8220;1\/6&#8243;][\/vc_column][vc_column width=&#8220;2\/3&#8243;][vc_video link=&#8220;https:\/\/vimeo.com\/651967631&#8243;]<a href=\"https:\/\/www.whisperring.nl\/contact\/\" class=\"vcex-button theme-button outline inline\" style=\"padding-right:0px;padding-left:0px;color:#dd9933;border-radius:0;margin-top:40px;border-color:#dd9933;\" data-wpex-hover='{&quot;color&quot;:&quot;#dd7600&quot;}'><span class=\"theme-button-inner\">Anfordern von Informationen<span class=\"vcex-icon-wrap theme-button-icon-right\"><span class=\"ticon ticon-angle-double-right\" aria-hidden=\"true\"><\/span><\/span><\/span><\/a> [\/vc_column][vc_column width=&#8220;1\/6&#8243;][\/vc_column][\/vc_row][\/vc_section]\n","protected":false},"excerpt":{"rendered":"<p>[vc_section full_width=&#8220;stretch_row&#8220; content_placement=&#8220;top&#8220; wpex_post_thumbnail_bg=&#8220;true&#8220; css=&#8220;.vc_custom_1631797835312{padding-top: 350px !important;background-position: center !important;background-repeat: no-repeat !important;background-size: cover !important;}&#8220; el_class=&#8220;aandagt__padding aandagt__header aandagt__boxed&#8220;][vc_row typography_style=&#8220;white&#8220;][vc_column][vc_column_text responsive_text=&#8220;true&#8220; font_family=&#8220;actor-v10-latin-regular&#8220; line_height=&#8220;140px&#8220; el_id=&#8220;website-titel&#8220;] WhisperRing\u00ae Windkraftanlage die stille Revolution der Windenergie [\/vc_column_text][\/vc_column][\/vc_row][\/vc_section][vc_section el_class=&#8220;aandagt__padding aandagt__small aandagt__resp-fullwidth&#8220; local_scroll_id=&#8220;windmolen&#8220;][vc_row column_spacing=&#8220;60&#8243;][vc_column width=&#8220;1\/3&#8243;][vc_column_text text_align=&#8220;right&#8220;] Leiser, kleiner, leichter, nachhaltiger&hellip;<\/p>\n","protected":false},"author":10,"featured_media":3425,"parent":0,"menu_order":1,"comment_status":"closed","ping_status":"closed","template":"","meta":{"footnotes":""},"class_list":["post-2626","page","type-page","status-publish","has-post-thumbnail","hentry","entry","has-media"],"yoast_head":"<!-- This site is optimized with the Yoast SEO plugin v26.6 - https:\/\/yoast.com\/wordpress\/plugins\/seo\/ -->\n<title>WhisperRing | Die Windkraftanlage, die Windenergie noch rentabler macht!<\/title>\n<meta name=\"description\" content=\"Unsere revolution\u00e4re Windturbine produziert mehr Energie, wiegt viel weniger als herk\u00f6mmliche Turbinen und ist in Gr\u00f6\u00dfe und Gewicht kleiner.\" \/>\n<meta name=\"robots\" content=\"index, follow, max-snippet:-1, max-image-preview:large, max-video-preview:-1\" \/>\n<link rel=\"canonical\" href=\"https:\/\/www.whisperring.nl\/de\/\" \/>\n<meta property=\"og:locale\" content=\"de_DE\" \/>\n<meta property=\"og:type\" content=\"article\" \/>\n<meta property=\"og:title\" content=\"WhisperRing | Die Windkraftanlage, die Windenergie noch rentabler macht!\" \/>\n<meta property=\"og:description\" content=\"Unsere revolution\u00e4re Windturbine produziert mehr Energie, wiegt viel weniger als herk\u00f6mmliche Turbinen und ist in Gr\u00f6\u00dfe und Gewicht kleiner.\" \/>\n<meta property=\"og:url\" content=\"https:\/\/www.whisperring.nl\/de\/\" \/>\n<meta property=\"og:site_name\" content=\"WhisperRing\" \/>\n<meta property=\"article:modified_time\" content=\"2023-03-31T14:24:23+00:00\" \/>\n<meta property=\"og:image\" content=\"https:\/\/www.whisperring.nl\/wp-content\/uploads\/2021\/08\/windmolens-ventiring-in-weiland-nabij-boerderij.jpg\" \/>\n\t<meta property=\"og:image:width\" content=\"2560\" \/>\n\t<meta property=\"og:image:height\" content=\"1169\" \/>\n\t<meta property=\"og:image:type\" content=\"image\/jpeg\" \/>\n<meta name=\"twitter:card\" content=\"summary_large_image\" \/>\n<meta name=\"twitter:label1\" content=\"Gesch\u00e4tzte Lesezeit\" \/>\n\t<meta name=\"twitter:data1\" content=\"7\u00a0Minuten\" \/>\n<script type=\"application\/ld+json\" class=\"yoast-schema-graph\">{\"@context\":\"https:\/\/schema.org\",\"@graph\":[{\"@type\":\"WebPage\",\"@id\":\"https:\/\/www.whisperring.nl\/de\/\",\"url\":\"https:\/\/www.whisperring.nl\/de\/\",\"name\":\"WhisperRing | Die Windkraftanlage, die Windenergie noch rentabler macht!\",\"isPartOf\":{\"@id\":\"https:\/\/www.whisperring.nl\/de\/#website\"},\"primaryImageOfPage\":{\"@id\":\"https:\/\/www.whisperring.nl\/de\/#primaryimage\"},\"image\":{\"@id\":\"https:\/\/www.whisperring.nl\/de\/#primaryimage\"},\"thumbnailUrl\":\"https:\/\/www.whisperring.nl\/wp-content\/uploads\/2025\/01\/WhisperRing-backdrop-3.jpg\",\"datePublished\":\"2020-12-01T09:18:18+00:00\",\"dateModified\":\"2023-03-31T14:24:23+00:00\",\"description\":\"Unsere revolution\u00e4re Windturbine produziert mehr Energie, wiegt viel weniger als herk\u00f6mmliche Turbinen und ist in Gr\u00f6\u00dfe und Gewicht kleiner.\",\"breadcrumb\":{\"@id\":\"https:\/\/www.whisperring.nl\/de\/#breadcrumb\"},\"inLanguage\":\"de\",\"potentialAction\":[{\"@type\":\"ReadAction\",\"target\":[\"https:\/\/www.whisperring.nl\/de\/\"]}]},{\"@type\":\"ImageObject\",\"inLanguage\":\"de\",\"@id\":\"https:\/\/www.whisperring.nl\/de\/#primaryimage\",\"url\":\"https:\/\/www.whisperring.nl\/wp-content\/uploads\/2025\/01\/WhisperRing-backdrop-3.jpg\",\"contentUrl\":\"https:\/\/www.whisperring.nl\/wp-content\/uploads\/2025\/01\/WhisperRing-backdrop-3.jpg\",\"width\":1920,\"height\":1080},{\"@type\":\"BreadcrumbList\",\"@id\":\"https:\/\/www.whisperring.nl\/de\/#breadcrumb\",\"itemListElement\":[{\"@type\":\"ListItem\",\"position\":1,\"name\":\"Home\",\"item\":\"https:\/\/www.whisperring.nl\/de\/startseite\/\"},{\"@type\":\"ListItem\",\"position\":2,\"name\":\"Startseite\"}]},{\"@type\":\"WebSite\",\"@id\":\"https:\/\/www.whisperring.nl\/de\/#website\",\"url\":\"https:\/\/www.whisperring.nl\/de\/\",\"name\":\"WhisperRing\",\"description\":\"Innovative Wind Energy\",\"publisher\":{\"@id\":\"https:\/\/www.whisperring.nl\/de\/#organization\"},\"potentialAction\":[{\"@type\":\"SearchAction\",\"target\":{\"@type\":\"EntryPoint\",\"urlTemplate\":\"https:\/\/www.whisperring.nl\/de\/?s={search_term_string}\"},\"query-input\":{\"@type\":\"PropertyValueSpecification\",\"valueRequired\":true,\"valueName\":\"search_term_string\"}}],\"inLanguage\":\"de\"},{\"@type\":\"Organization\",\"@id\":\"https:\/\/www.whisperring.nl\/de\/#organization\",\"name\":\"WhisperRing\",\"url\":\"https:\/\/www.whisperring.nl\/de\/\",\"logo\":{\"@type\":\"ImageObject\",\"inLanguage\":\"de\",\"@id\":\"https:\/\/www.whisperring.nl\/de\/#\/schema\/logo\/image\/\",\"url\":\"https:\/\/www.whisperring.nl\/wp-content\/uploads\/2021\/08\/whisperring-logo.svg\",\"contentUrl\":\"https:\/\/www.whisperring.nl\/wp-content\/uploads\/2021\/08\/whisperring-logo.svg\",\"width\":1,\"height\":1,\"caption\":\"WhisperRing\"},\"image\":{\"@id\":\"https:\/\/www.whisperring.nl\/de\/#\/schema\/logo\/image\/\"}}]}<\/script>\n<!-- \/ Yoast SEO plugin. -->","yoast_head_json":{"title":"WhisperRing | Die Windkraftanlage, die Windenergie noch rentabler macht!","description":"Unsere revolution\u00e4re Windturbine produziert mehr Energie, wiegt viel weniger als herk\u00f6mmliche Turbinen und ist in Gr\u00f6\u00dfe und Gewicht kleiner.","robots":{"index":"index","follow":"follow","max-snippet":"max-snippet:-1","max-image-preview":"max-image-preview:large","max-video-preview":"max-video-preview:-1"},"canonical":"https:\/\/www.whisperring.nl\/de\/","og_locale":"de_DE","og_type":"article","og_title":"WhisperRing | Die Windkraftanlage, die Windenergie noch rentabler macht!","og_description":"Unsere revolution\u00e4re Windturbine produziert mehr Energie, wiegt viel weniger als herk\u00f6mmliche Turbinen und ist in Gr\u00f6\u00dfe und Gewicht kleiner.","og_url":"https:\/\/www.whisperring.nl\/de\/","og_site_name":"WhisperRing","article_modified_time":"2023-03-31T14:24:23+00:00","og_image":[{"width":2560,"height":1169,"url":"https:\/\/www.whisperring.nl\/wp-content\/uploads\/2021\/08\/windmolens-ventiring-in-weiland-nabij-boerderij.jpg","type":"image\/jpeg"}],"twitter_card":"summary_large_image","twitter_misc":{"Gesch\u00e4tzte Lesezeit":"7\u00a0Minuten"},"schema":{"@context":"https:\/\/schema.org","@graph":[{"@type":"WebPage","@id":"https:\/\/www.whisperring.nl\/de\/","url":"https:\/\/www.whisperring.nl\/de\/","name":"WhisperRing | Die Windkraftanlage, die Windenergie noch rentabler macht!","isPartOf":{"@id":"https:\/\/www.whisperring.nl\/de\/#website"},"primaryImageOfPage":{"@id":"https:\/\/www.whisperring.nl\/de\/#primaryimage"},"image":{"@id":"https:\/\/www.whisperring.nl\/de\/#primaryimage"},"thumbnailUrl":"https:\/\/www.whisperring.nl\/wp-content\/uploads\/2025\/01\/WhisperRing-backdrop-3.jpg","datePublished":"2020-12-01T09:18:18+00:00","dateModified":"2023-03-31T14:24:23+00:00","description":"Unsere revolution\u00e4re Windturbine produziert mehr Energie, wiegt viel weniger als herk\u00f6mmliche Turbinen und ist in Gr\u00f6\u00dfe und Gewicht kleiner.","breadcrumb":{"@id":"https:\/\/www.whisperring.nl\/de\/#breadcrumb"},"inLanguage":"de","potentialAction":[{"@type":"ReadAction","target":["https:\/\/www.whisperring.nl\/de\/"]}]},{"@type":"ImageObject","inLanguage":"de","@id":"https:\/\/www.whisperring.nl\/de\/#primaryimage","url":"https:\/\/www.whisperring.nl\/wp-content\/uploads\/2025\/01\/WhisperRing-backdrop-3.jpg","contentUrl":"https:\/\/www.whisperring.nl\/wp-content\/uploads\/2025\/01\/WhisperRing-backdrop-3.jpg","width":1920,"height":1080},{"@type":"BreadcrumbList","@id":"https:\/\/www.whisperring.nl\/de\/#breadcrumb","itemListElement":[{"@type":"ListItem","position":1,"name":"Home","item":"https:\/\/www.whisperring.nl\/de\/startseite\/"},{"@type":"ListItem","position":2,"name":"Startseite"}]},{"@type":"WebSite","@id":"https:\/\/www.whisperring.nl\/de\/#website","url":"https:\/\/www.whisperring.nl\/de\/","name":"WhisperRing","description":"Innovative Wind Energy","publisher":{"@id":"https:\/\/www.whisperring.nl\/de\/#organization"},"potentialAction":[{"@type":"SearchAction","target":{"@type":"EntryPoint","urlTemplate":"https:\/\/www.whisperring.nl\/de\/?s={search_term_string}"},"query-input":{"@type":"PropertyValueSpecification","valueRequired":true,"valueName":"search_term_string"}}],"inLanguage":"de"},{"@type":"Organization","@id":"https:\/\/www.whisperring.nl\/de\/#organization","name":"WhisperRing","url":"https:\/\/www.whisperring.nl\/de\/","logo":{"@type":"ImageObject","inLanguage":"de","@id":"https:\/\/www.whisperring.nl\/de\/#\/schema\/logo\/image\/","url":"https:\/\/www.whisperring.nl\/wp-content\/uploads\/2021\/08\/whisperring-logo.svg","contentUrl":"https:\/\/www.whisperring.nl\/wp-content\/uploads\/2021\/08\/whisperring-logo.svg","width":1,"height":1,"caption":"WhisperRing"},"image":{"@id":"https:\/\/www.whisperring.nl\/de\/#\/schema\/logo\/image\/"}}]}},"_links":{"self":[{"href":"https:\/\/www.whisperring.nl\/de\/wp-json\/wp\/v2\/pages\/2626","targetHints":{"allow":["GET"]}}],"collection":[{"href":"https:\/\/www.whisperring.nl\/de\/wp-json\/wp\/v2\/pages"}],"about":[{"href":"https:\/\/www.whisperring.nl\/de\/wp-json\/wp\/v2\/types\/page"}],"author":[{"embeddable":true,"href":"https:\/\/www.whisperring.nl\/de\/wp-json\/wp\/v2\/users\/10"}],"replies":[{"embeddable":true,"href":"https:\/\/www.whisperring.nl\/de\/wp-json\/wp\/v2\/comments?post=2626"}],"version-history":[{"count":1,"href":"https:\/\/www.whisperring.nl\/de\/wp-json\/wp\/v2\/pages\/2626\/revisions"}],"predecessor-version":[{"id":2629,"href":"https:\/\/www.whisperring.nl\/de\/wp-json\/wp\/v2\/pages\/2626\/revisions\/2629"}],"wp:featuredmedia":[{"embeddable":true,"href":"https:\/\/www.whisperring.nl\/de\/wp-json\/wp\/v2\/media\/3425"}],"wp:attachment":[{"href":"https:\/\/www.whisperring.nl\/de\/wp-json\/wp\/v2\/media?parent=2626"}],"curies":[{"name":"wp","href":"https:\/\/api.w.org\/{rel}","templated":true}]}}