{"id":2660,"date":"2021-07-12T14:13:11","date_gmt":"2021-07-12T14:13:11","guid":{"rendered":"https:\/\/www.whisperring.nl\/warum-den-whisperring-waehlen\/ertragsmodell\/"},"modified":"2023-03-31T14:26:27","modified_gmt":"2023-03-31T14:26:27","slug":"ertragsmodell","status":"publish","type":"page","link":"https:\/\/www.whisperring.nl\/de\/warum-den-whisperring-waehlen\/ertragsmodell\/","title":{"rendered":"Ertragsmodell"},"content":{"rendered":"[vc_section el_class=&#8220;aandagt__padding aandagt__small aandagt__resp-fullwidth&#8220;][vc_row column_spacing=&#8220;60&#8243;][vc_column width=&#8220;1\/3&#8243;][vc_column_text text_align=&#8220;right&#8220;]\n<h1 style=\"text-align: left;\">Ihr Einkommensmodell<\/h1>\n[\/vc_column_text][\/vc_column][vc_column width=&#8220;2\/3&#8243;][vc_column_text]Die WhisperRing\u00ae-Turbine wird in den Niederlanden zwischen 50 MWh und 100 MWh pro Jahr erzeugen. Vor allem in den windreicheren Gebieten der K\u00fcstenprovinzen, im Flevopolder und in gro\u00dfen Teilen von Groningen und Friesland kann die Turbine viel produzieren. Dabei spielen auch die benachbarten Geb\u00e4ude und die maximal zul\u00e4ssige Schachth\u00f6he eine Rolle.<\/p>\n<p>Bestellen Sie den WhisperRing\u00ae jetzt mit der aufl\u00f6senden Bedingung, dass Sie nur dann kaufen m\u00fcssen, wenn wir Ihre Energiekosten tats\u00e4chlich senken k\u00f6nnen oder Ihnen einen LCOE garantieren, der unter dem von Ihnen angestrebten Preis liegt!<br \/>\n[\/vc_column_text]<a href=\"https:\/\/aandagtvooru.nl\/test\/waarom-de-ventiring\/\" class=\"vcex-button theme-button outline inline\" style=\"padding-right:0px;padding-left:0px;border-radius:0;margin-top:40px;margin-right:20px;\" data-wpex-hover='{&quot;color&quot;:&quot;#000000&quot;}'><span class=\"theme-button-inner\">Warum der WhisperRing<span class=\"vcex-icon-wrap theme-button-icon-right\"><span class=\"ticon ticon-arrow-right\" aria-hidden=\"true\"><\/span><\/span><\/span><\/a> <a href=\"https:\/\/www.whisperring.nl\/contact\/\" class=\"vcex-button theme-button outline inline\" style=\"padding-right:0px;padding-left:0px;color:#dd9933;border-radius:0;margin-top:40px;border-color:#dd9933;\" data-wpex-hover='{&quot;color&quot;:&quot;#dd7600&quot;}'><span class=\"theme-button-inner\">Kontakt<span class=\"vcex-icon-wrap theme-button-icon-right\"><span class=\"ticon ticon-arrow-right\" aria-hidden=\"true\"><\/span><\/span><\/span><\/a> [\/vc_column][\/vc_row][\/vc_section][vc_section full_width=&#8220;stretch_row&#8220; css=&#8220;.vc_custom_1631866846649{background-color: #ebf1f0 !important;}&#8220; el_class=&#8220;aandagt__padding aandagt__small aandagt__resp-fullwidth&#8220;][vc_row content_placement=&#8220;middle&#8220; column_spacing=&#8220;60&#8243;][vc_column width=&#8220;1\/2&#8243;][vc_column_text]\n<h2>F\u00fcr kleine Projekte mit einer oder wenigen Turbinen k\u00f6nnen wir eine der folgenden Optionen anbieten:<\/h2>\n<ol>\n<li>WhisperRing\u00ae mietet den Standort f\u00fcr die Aufstellung einer Turbine (ca. 10m2 pro Turbine). Whispering zahlt dem Grundst\u00fccks- oder Dacheigent\u00fcmer daf\u00fcr 1.200 Euro pro Jahr ab Platzierung. WhisperRing\u00ae beantragt Subventionen f\u00fcr die Turbine und verkauft den Strom selbst.<\/li>\n<li>Der Grundst\u00fccks- oder Dacheigent\u00fcmer kauft die Anlage zum Zeitpunkt der Installation zu dem mit ihm bereits jetzt zu vereinbarenden Preis. Der Grundst\u00fccks- oder Dachbesitzer erzeugt Strom f\u00fcr den Eigenverbrauch, spart den aktuellen Strompreis und, soweit er ihn absetzen kann, auch die Energiesteuer<\/li>\n<\/ol>\n<p>Wir berechnen gerne den Business Case f\u00fcr Sie.<br \/>\nWenn Sie in WhisperRing\u00ae investieren m\u00f6chten, nehmen Sie bitte Kontakt mit uns auf![\/vc_column_text]<a href=\"https:\/\/www.whisperring.nl\/contact\/\" class=\"vcex-button theme-button outline inline\" style=\"padding-right:0px;padding-left:0px;color:#dd9933;border-radius:0;margin-top:40px;border-color:#dd9933;\" data-wpex-hover='{&quot;color&quot;:&quot;#dd7600&quot;}'><span class=\"theme-button-inner\">Kontakt<span class=\"vcex-icon-wrap theme-button-icon-right\"><span class=\"ticon ticon-arrow-right\" aria-hidden=\"true\"><\/span><\/span><\/span><\/a> [\/vc_column][vc_column width=&#8220;1\/2&#8243; el_class=&#8220;aandagt__offset__top aandagt__overflow aandagt__right&#8220;][vc_single_image image=&#8220;1314&#8243;][\/vc_column][\/vc_row][\/vc_section][vc_section disable_element=&#8220;yes&#8220; el_class=&#8220;aandagt__padding aandagt__small aandagt__resp-fullwidth&#8220;][vc_row column_spacing=&#8220;60&#8243;][vc_column width=&#8220;1\/3&#8243;][vc_column_text text_align=&#8220;right&#8220;]\n<h3>Ein Eigent\u00fcmer hat vier Einnahmemodelle<\/h3>\n[\/vc_column_text][\/vc_column][vc_column width=&#8220;2\/3&#8243;][vc_column_text]\n<ol>\n<li>Wir pachten das Land vom Landeigent\u00fcmer und sind weiterhin Eigent\u00fcmer der Turbine und erhalten die SDE ++ (oder den reinen Strompreis).<\/li>\n<li>Der Landbesitzer selbst kauft die Anlage von uns und erh\u00e4lt die Einnahmen und SDE ++ (ca. 0,055\/kWh) und tr\u00e4gt die Kosten.<\/li>\n<li>Der Landbesitzer selbst kauft die Anlage von uns und erh\u00e4lt ISDE\/EIA\/MIA\/VAMIL und verrechnet die Stromproduktion mit seinem Eigenverbrauch.<\/li>\n<li>Der Landeigent\u00fcmer kauft die Turbine und verkauft sie mit steigendem Strompreis auf dem Markt.<\/li>\n<\/ol>\n<p>Bei Option 3 ist es schwierig, den genauen Nutzen zu berechnen, und es spielen eine Reihe von Entwicklungen eine Rolle, aber potenziell ist der Nutzen am gr\u00f6\u00dften. Das Netting erfolgt zu den eigenen Gestehungskosten, die leicht 0,12\/kWh betragen (Strompreis + Vertriebskosten + Energiesteuer!). Das Sch\u00f6ne daran ist, dass nicht die Gleichzeitigkeit von Produktion und Verbrauch betrachtet wird, sondern die Bilanzen auf Jahresbasis.<\/p>\n<p>Diese Regelung wird jedoch auslaufen, und dann sollten Verbrauch und Erzeugung in Echtzeit abgeglichen und saldiert werden (oder durch Speicherung abgeglichen werden). Um den h\u00f6chsten Ertrag zu erzielen, muss bei Option 3 die Erzeugung niedriger sein als der Eigenverbrauch. Alles, was nicht verrechnet, sondern zum Marktpreis ins Netz eingespeist wird, wird zu den niedrigeren Marktpreisen (0,04\/kWh) verg\u00fctet.<\/p>\n<p>Dar\u00fcber hinaus besteht bei Option 3 die M\u00f6glichkeit, einen Teil der Investition durch einen Investitionszuschuss oder einen zus\u00e4tzlichen Abzug subventioniert zu bekommen, wobei man also abzugsf\u00e4hige Gewinne haben muss, da der zus\u00e4tzliche Abzug sonst sinnlos ist.<\/p>\n<p>Auch Option 4 wird immer interessanter, denn die Strompreise steigen langsam an und die Forward-Preise f\u00fcr 2022ff liegen bei 0,05 (Basis) und 0,065 (Spitze)![\/vc_column_text]<a href=\"https:\/\/aandagtvooru.nl\/test\/berekening\/\" class=\"vcex-button theme-button outline inline\" style=\"padding-right:0px;padding-left:0px;color:#dd9933;border-radius:0;margin-top:40px;border-color:#dd9933;\" data-wpex-hover='{&quot;color&quot;:&quot;#dd7600&quot;}'><span class=\"theme-button-inner\">Anfordern von Berechnungen<span class=\"vcex-icon-wrap theme-button-icon-right\"><span class=\"ticon ticon-arrow-right\" aria-hidden=\"true\"><\/span><\/span><\/span><\/a> [\/vc_column][\/vc_row][\/vc_section]\n","protected":false},"excerpt":{"rendered":"<p>[vc_section el_class=&#8220;aandagt__padding aandagt__small aandagt__resp-fullwidth&#8220;][vc_row column_spacing=&#8220;60&#8243;][vc_column width=&#8220;1\/3&#8243;][vc_column_text text_align=&#8220;right&#8220;] Ihr Einkommensmodell [\/vc_column_text][\/vc_column][vc_column width=&#8220;2\/3&#8243;][vc_column_text]Die WhisperRing\u00ae-Turbine wird in den Niederlanden zwischen 50 MWh und 100 MWh pro Jahr erzeugen. Vor allem in den windreicheren Gebieten der K\u00fcstenprovinzen, im Flevopolder und in gro\u00dfen Teilen von&hellip;<\/p>\n","protected":false},"author":10,"featured_media":2363,"parent":2608,"menu_order":0,"comment_status":"closed","ping_status":"closed","template":"","meta":{"footnotes":""},"class_list":["post-2660","page","type-page","status-publish","has-post-thumbnail","hentry","entry","has-media"],"yoast_head":"<!-- This site is optimized with the Yoast SEO plugin v26.6 - https:\/\/yoast.com\/wordpress\/plugins\/seo\/ -->\n<title>Ertragsmodell &#187; WhisperRing &#187; Innovative Windenergie<\/title>\n<meta name=\"robots\" content=\"index, follow, max-snippet:-1, max-image-preview:large, max-video-preview:-1\" \/>\n<link rel=\"canonical\" href=\"https:\/\/www.whisperring.nl\/de\/warum-den-whisperring-waehlen\/ertragsmodell\/\" \/>\n<meta property=\"og:locale\" content=\"de_DE\" \/>\n<meta property=\"og:type\" content=\"article\" \/>\n<meta property=\"og:title\" content=\"Ertragsmodell &#187; WhisperRing &#187; Innovative Windenergie\" \/>\n<meta property=\"og:description\" content=\"[vc_section el_class=&#8220;aandagt__padding aandagt__small aandagt__resp-fullwidth&#8220;][vc_row column_spacing=&#8220;60&#8243;][vc_column width=&#8220;1\/3&#8243;][vc_column_text text_align=&#8220;right&#8220;] Ihr Einkommensmodell [\/vc_column_text][\/vc_column][vc_column width=&#8220;2\/3&#8243;][vc_column_text]Die WhisperRing\u00ae-Turbine wird in den Niederlanden zwischen 50 MWh und 100 MWh pro Jahr erzeugen. Vor allem in den windreicheren Gebieten der K\u00fcstenprovinzen, im Flevopolder und in gro\u00dfen Teilen von&hellip;\" \/>\n<meta property=\"og:url\" content=\"https:\/\/www.whisperring.nl\/de\/warum-den-whisperring-waehlen\/ertragsmodell\/\" \/>\n<meta property=\"og:site_name\" content=\"WhisperRing\" \/>\n<meta property=\"article:modified_time\" content=\"2023-03-31T14:26:27+00:00\" \/>\n<meta property=\"og:image\" content=\"https:\/\/www.whisperring.nl\/wp-content\/uploads\/2021\/07\/windmolen.jpg\" \/>\n\t<meta property=\"og:image:width\" content=\"1920\" \/>\n\t<meta property=\"og:image:height\" content=\"1080\" \/>\n\t<meta property=\"og:image:type\" content=\"image\/jpeg\" \/>\n<meta name=\"twitter:card\" content=\"summary_large_image\" \/>\n<meta name=\"twitter:label1\" content=\"Gesch\u00e4tzte Lesezeit\" \/>\n\t<meta name=\"twitter:data1\" content=\"4\u00a0Minuten\" \/>\n<script type=\"application\/ld+json\" class=\"yoast-schema-graph\">{\"@context\":\"https:\/\/schema.org\",\"@graph\":[{\"@type\":\"WebPage\",\"@id\":\"https:\/\/www.whisperring.nl\/de\/warum-den-whisperring-waehlen\/ertragsmodell\/\",\"url\":\"https:\/\/www.whisperring.nl\/de\/warum-den-whisperring-waehlen\/ertragsmodell\/\",\"name\":\"Ertragsmodell &#187; WhisperRing &#187; Innovative Windenergie\",\"isPartOf\":{\"@id\":\"https:\/\/www.whisperring.nl\/de\/#website\"},\"primaryImageOfPage\":{\"@id\":\"https:\/\/www.whisperring.nl\/de\/warum-den-whisperring-waehlen\/ertragsmodell\/#primaryimage\"},\"image\":{\"@id\":\"https:\/\/www.whisperring.nl\/de\/warum-den-whisperring-waehlen\/ertragsmodell\/#primaryimage\"},\"thumbnailUrl\":\"https:\/\/www.whisperring.nl\/wp-content\/uploads\/2021\/07\/windmolen.jpg\",\"datePublished\":\"2021-07-12T14:13:11+00:00\",\"dateModified\":\"2023-03-31T14:26:27+00:00\",\"breadcrumb\":{\"@id\":\"https:\/\/www.whisperring.nl\/de\/warum-den-whisperring-waehlen\/ertragsmodell\/#breadcrumb\"},\"inLanguage\":\"de\",\"potentialAction\":[{\"@type\":\"ReadAction\",\"target\":[\"https:\/\/www.whisperring.nl\/de\/warum-den-whisperring-waehlen\/ertragsmodell\/\"]}]},{\"@type\":\"ImageObject\",\"inLanguage\":\"de\",\"@id\":\"https:\/\/www.whisperring.nl\/de\/warum-den-whisperring-waehlen\/ertragsmodell\/#primaryimage\",\"url\":\"https:\/\/www.whisperring.nl\/wp-content\/uploads\/2021\/07\/windmolen.jpg\",\"contentUrl\":\"https:\/\/www.whisperring.nl\/wp-content\/uploads\/2021\/07\/windmolen.jpg\",\"width\":1920,\"height\":1080},{\"@type\":\"BreadcrumbList\",\"@id\":\"https:\/\/www.whisperring.nl\/de\/warum-den-whisperring-waehlen\/ertragsmodell\/#breadcrumb\",\"itemListElement\":[{\"@type\":\"ListItem\",\"position\":1,\"name\":\"Home\",\"item\":\"https:\/\/www.whisperring.nl\/de\/startseite\/\"},{\"@type\":\"ListItem\",\"position\":2,\"name\":\"Warum den WhisperRing w\u00e4hlen?\",\"item\":\"https:\/\/www.whisperring.nl\/de\/warum-den-whisperring-waehlen\/\"},{\"@type\":\"ListItem\",\"position\":3,\"name\":\"Ertragsmodell\"}]},{\"@type\":\"WebSite\",\"@id\":\"https:\/\/www.whisperring.nl\/de\/#website\",\"url\":\"https:\/\/www.whisperring.nl\/de\/\",\"name\":\"WhisperRing\",\"description\":\"Innovative Wind Energy\",\"publisher\":{\"@id\":\"https:\/\/www.whisperring.nl\/de\/#organization\"},\"potentialAction\":[{\"@type\":\"SearchAction\",\"target\":{\"@type\":\"EntryPoint\",\"urlTemplate\":\"https:\/\/www.whisperring.nl\/de\/?s={search_term_string}\"},\"query-input\":{\"@type\":\"PropertyValueSpecification\",\"valueRequired\":true,\"valueName\":\"search_term_string\"}}],\"inLanguage\":\"de\"},{\"@type\":\"Organization\",\"@id\":\"https:\/\/www.whisperring.nl\/de\/#organization\",\"name\":\"WhisperRing\",\"url\":\"https:\/\/www.whisperring.nl\/de\/\",\"logo\":{\"@type\":\"ImageObject\",\"inLanguage\":\"de\",\"@id\":\"https:\/\/www.whisperring.nl\/de\/#\/schema\/logo\/image\/\",\"url\":\"https:\/\/www.whisperring.nl\/wp-content\/uploads\/2021\/08\/whisperring-logo.svg\",\"contentUrl\":\"https:\/\/www.whisperring.nl\/wp-content\/uploads\/2021\/08\/whisperring-logo.svg\",\"width\":1,\"height\":1,\"caption\":\"WhisperRing\"},\"image\":{\"@id\":\"https:\/\/www.whisperring.nl\/de\/#\/schema\/logo\/image\/\"}}]}<\/script>\n<!-- \/ Yoast SEO plugin. -->","yoast_head_json":{"title":"Ertragsmodell &#187; WhisperRing &#187; Innovative Windenergie","robots":{"index":"index","follow":"follow","max-snippet":"max-snippet:-1","max-image-preview":"max-image-preview:large","max-video-preview":"max-video-preview:-1"},"canonical":"https:\/\/www.whisperring.nl\/de\/warum-den-whisperring-waehlen\/ertragsmodell\/","og_locale":"de_DE","og_type":"article","og_title":"Ertragsmodell &#187; WhisperRing &#187; Innovative Windenergie","og_description":"[vc_section el_class=&#8220;aandagt__padding aandagt__small aandagt__resp-fullwidth&#8220;][vc_row column_spacing=&#8220;60&#8243;][vc_column width=&#8220;1\/3&#8243;][vc_column_text text_align=&#8220;right&#8220;] Ihr Einkommensmodell [\/vc_column_text][\/vc_column][vc_column width=&#8220;2\/3&#8243;][vc_column_text]Die WhisperRing\u00ae-Turbine wird in den Niederlanden zwischen 50 MWh und 100 MWh pro Jahr erzeugen. Vor allem in den windreicheren Gebieten der K\u00fcstenprovinzen, im Flevopolder und in gro\u00dfen Teilen von&hellip;","og_url":"https:\/\/www.whisperring.nl\/de\/warum-den-whisperring-waehlen\/ertragsmodell\/","og_site_name":"WhisperRing","article_modified_time":"2023-03-31T14:26:27+00:00","og_image":[{"width":1920,"height":1080,"url":"https:\/\/www.whisperring.nl\/wp-content\/uploads\/2021\/07\/windmolen.jpg","type":"image\/jpeg"}],"twitter_card":"summary_large_image","twitter_misc":{"Gesch\u00e4tzte Lesezeit":"4\u00a0Minuten"},"schema":{"@context":"https:\/\/schema.org","@graph":[{"@type":"WebPage","@id":"https:\/\/www.whisperring.nl\/de\/warum-den-whisperring-waehlen\/ertragsmodell\/","url":"https:\/\/www.whisperring.nl\/de\/warum-den-whisperring-waehlen\/ertragsmodell\/","name":"Ertragsmodell &#187; WhisperRing &#187; Innovative Windenergie","isPartOf":{"@id":"https:\/\/www.whisperring.nl\/de\/#website"},"primaryImageOfPage":{"@id":"https:\/\/www.whisperring.nl\/de\/warum-den-whisperring-waehlen\/ertragsmodell\/#primaryimage"},"image":{"@id":"https:\/\/www.whisperring.nl\/de\/warum-den-whisperring-waehlen\/ertragsmodell\/#primaryimage"},"thumbnailUrl":"https:\/\/www.whisperring.nl\/wp-content\/uploads\/2021\/07\/windmolen.jpg","datePublished":"2021-07-12T14:13:11+00:00","dateModified":"2023-03-31T14:26:27+00:00","breadcrumb":{"@id":"https:\/\/www.whisperring.nl\/de\/warum-den-whisperring-waehlen\/ertragsmodell\/#breadcrumb"},"inLanguage":"de","potentialAction":[{"@type":"ReadAction","target":["https:\/\/www.whisperring.nl\/de\/warum-den-whisperring-waehlen\/ertragsmodell\/"]}]},{"@type":"ImageObject","inLanguage":"de","@id":"https:\/\/www.whisperring.nl\/de\/warum-den-whisperring-waehlen\/ertragsmodell\/#primaryimage","url":"https:\/\/www.whisperring.nl\/wp-content\/uploads\/2021\/07\/windmolen.jpg","contentUrl":"https:\/\/www.whisperring.nl\/wp-content\/uploads\/2021\/07\/windmolen.jpg","width":1920,"height":1080},{"@type":"BreadcrumbList","@id":"https:\/\/www.whisperring.nl\/de\/warum-den-whisperring-waehlen\/ertragsmodell\/#breadcrumb","itemListElement":[{"@type":"ListItem","position":1,"name":"Home","item":"https:\/\/www.whisperring.nl\/de\/startseite\/"},{"@type":"ListItem","position":2,"name":"Warum den WhisperRing w\u00e4hlen?","item":"https:\/\/www.whisperring.nl\/de\/warum-den-whisperring-waehlen\/"},{"@type":"ListItem","position":3,"name":"Ertragsmodell"}]},{"@type":"WebSite","@id":"https:\/\/www.whisperring.nl\/de\/#website","url":"https:\/\/www.whisperring.nl\/de\/","name":"WhisperRing","description":"Innovative Wind Energy","publisher":{"@id":"https:\/\/www.whisperring.nl\/de\/#organization"},"potentialAction":[{"@type":"SearchAction","target":{"@type":"EntryPoint","urlTemplate":"https:\/\/www.whisperring.nl\/de\/?s={search_term_string}"},"query-input":{"@type":"PropertyValueSpecification","valueRequired":true,"valueName":"search_term_string"}}],"inLanguage":"de"},{"@type":"Organization","@id":"https:\/\/www.whisperring.nl\/de\/#organization","name":"WhisperRing","url":"https:\/\/www.whisperring.nl\/de\/","logo":{"@type":"ImageObject","inLanguage":"de","@id":"https:\/\/www.whisperring.nl\/de\/#\/schema\/logo\/image\/","url":"https:\/\/www.whisperring.nl\/wp-content\/uploads\/2021\/08\/whisperring-logo.svg","contentUrl":"https:\/\/www.whisperring.nl\/wp-content\/uploads\/2021\/08\/whisperring-logo.svg","width":1,"height":1,"caption":"WhisperRing"},"image":{"@id":"https:\/\/www.whisperring.nl\/de\/#\/schema\/logo\/image\/"}}]}},"_links":{"self":[{"href":"https:\/\/www.whisperring.nl\/de\/wp-json\/wp\/v2\/pages\/2660","targetHints":{"allow":["GET"]}}],"collection":[{"href":"https:\/\/www.whisperring.nl\/de\/wp-json\/wp\/v2\/pages"}],"about":[{"href":"https:\/\/www.whisperring.nl\/de\/wp-json\/wp\/v2\/types\/page"}],"author":[{"embeddable":true,"href":"https:\/\/www.whisperring.nl\/de\/wp-json\/wp\/v2\/users\/10"}],"replies":[{"embeddable":true,"href":"https:\/\/www.whisperring.nl\/de\/wp-json\/wp\/v2\/comments?post=2660"}],"version-history":[{"count":6,"href":"https:\/\/www.whisperring.nl\/de\/wp-json\/wp\/v2\/pages\/2660\/revisions"}],"predecessor-version":[{"id":2688,"href":"https:\/\/www.whisperring.nl\/de\/wp-json\/wp\/v2\/pages\/2660\/revisions\/2688"}],"up":[{"embeddable":true,"href":"https:\/\/www.whisperring.nl\/de\/wp-json\/wp\/v2\/pages\/2608"}],"wp:featuredmedia":[{"embeddable":true,"href":"https:\/\/www.whisperring.nl\/de\/wp-json\/wp\/v2\/media\/2363"}],"wp:attachment":[{"href":"https:\/\/www.whisperring.nl\/de\/wp-json\/wp\/v2\/media?parent=2660"}],"curies":[{"name":"wp","href":"https:\/\/api.w.org\/{rel}","templated":true}]}}