{"id":2694,"date":"2021-02-01T08:07:30","date_gmt":"2021-02-01T08:07:30","guid":{"rendered":"https:\/\/www.whisperring.nl\/warum-den-whisperring-waehlen\/ein-revolutionaeres-design\/"},"modified":"2023-03-31T14:26:47","modified_gmt":"2023-03-31T14:26:47","slug":"ein-revolutionaeres-design","status":"publish","type":"page","link":"https:\/\/www.whisperring.nl\/de\/warum-den-whisperring-waehlen\/ein-revolutionaeres-design\/","title":{"rendered":"Ein revolution\u00e4res Design"},"content":{"rendered":"[vc_section el_class=&#8220;aandagt__padding aandagt__small aandagt__resp-fullwidth&#8220;][vc_row column_spacing=&#8220;60&#8243;][vc_column width=&#8220;1\/3&#8243;][vc_column_text text_align=&#8220;right&#8220;]\n<h1 style=\"text-align: left;\">Ein revolution\u00e4res Design<\/h1>\n[\/vc_column_text][\/vc_column][vc_column width=&#8220;2\/3&#8243;][vc_column_text]Der WhisperRing\u00ae ist klein und flexibel. Aufgrund seiner geringeren Rotationsgeschwindigkeit macht er kaum Ger\u00e4usche und verursacht somit keine Bel\u00e4stigung f\u00fcr die Anwohner. Auf diese Weise kann die M\u00fchle in der N\u00e4he eines landwirtschaftlichen Betriebs oder eines bebauten Gebiets errichtet werden, was Kosten f\u00fcr die Verlegung von Kabeln und Stromanschl\u00fcssen spart. Die WhisperRing\u00ae-Windturbine hat den geringstm\u00f6glichen CO2-Fu\u00dfabdruck.[\/vc_column_text]<a href=\"https:\/\/www.whisperring.nl\/waarom-de-whisperring\/technologie\/\" class=\"vcex-button theme-button outline inline\" style=\"padding-right:0px;padding-left:0px;border-radius:0;margin-top:40px;margin-right:20px;\" data-wpex-hover='{&quot;color&quot;:&quot;#000000&quot;}'><span class=\"theme-button-inner\">Technologie<span class=\"vcex-icon-wrap theme-button-icon-right\"><span class=\"ticon ticon-angle-double-right\" aria-hidden=\"true\"><\/span><\/span><\/span><\/a> <a href=\"https:\/\/www.whisperring.nl\/waarom-de-whisperring\/prestaties\/\" class=\"vcex-button theme-button outline inline\" style=\"padding-right:0px;padding-left:0px;border-radius:0;margin-top:40px;\" data-wpex-hover='{&quot;color&quot;:&quot;#000000&quot;}'><span class=\"theme-button-inner\">Leistung<span class=\"vcex-icon-wrap theme-button-icon-right\"><span class=\"ticon ticon-angle-double-right\" aria-hidden=\"true\"><\/span><\/span><\/span><\/a> [\/vc_column][\/vc_row][\/vc_section][vc_section full_width=&#8220;stretch_row&#8220; css=&#8220;.vc_custom_1631866058647{background-color: #ebf1f0 !important;}&#8220; el_class=&#8220;aandagt__padding aandagt__small aandagt__resp-fullwidth&#8220;][vc_row content_placement=&#8220;middle&#8220; column_spacing=&#8220;60&#8243;][vc_column width=&#8220;1\/2&#8243;][vc_column_text]\n<h2>Ringform<\/h2>\n<p>Die einzigartige Ringform der Windturbine ist patentiert. Da der Ring die einwirkenden Kr\u00e4fte gleichm\u00e4\u00dfig verteilt, sind eine Hauptantriebswelle und eine schwere Gondel nicht erforderlich. Die aerodynamische Form des Rings lenkt den Luftstrom zu den Schaufeln und erh\u00f6ht den Wirkungsgrad der Turbine.<\/p>\n<p>Bei einer herk\u00f6mmlichen Turbine wird die Rotationsenergie der Schaufeln \u00fcber eine Welle an ein Getriebe gekoppelt und auf die Spulen und Magnete \u00fcbertragen. Der WhisperRing\u00ae hat zwei Halbringe. Einen station\u00e4ren mit den Spulen und einen beweglichen mit den Schaufeln und Magneten. Die Magnete drehen sich daher in einem viel gr\u00f6\u00dferen Abstand vom Zentrum und damit viel schneller entlang der Spulen als bei einer herk\u00f6mmlichen Turbine. Daher ist ein schweres, verschlei\u00dfanf\u00e4lliges Getriebe nicht erforderlich. Es erm\u00f6glicht auch die Verwendung von viel leichteren Magneten und erfordert viel weniger teures und seltenes Magnetmaterial (NeoDymium).<\/p>\n<p>Die niedrige Geschwindigkeit f\u00fchrt zu einer geringeren Spitzengeschwindigkeit, was zu weniger L\u00e4rm und weniger Vogel- und Fledermaussterben f\u00fchrt. Schlie\u00dflich kann der Ring besser gek\u00fchlt werden, so dass er bei hohen Windgeschwindigkeiten l\u00e4nger arbeiten und somit mehr produzieren kann.[\/vc_column_text]<a href=\"https:\/\/www.whisperring.nl\/waarom-de-whisperring\/verdienmodel\/\" class=\"vcex-button theme-button outline inline\" style=\"padding-right:0px;padding-left:0px;border-radius:0;margin-top:40px;margin-right:20px;\" data-wpex-hover='{&quot;color&quot;:&quot;#000000&quot;}'><span class=\"theme-button-inner\">Ertragsmodell<span class=\"vcex-icon-wrap theme-button-icon-right\"><span class=\"ticon ticon-angle-double-right\" aria-hidden=\"true\"><\/span><\/span><\/span><\/a> <a href=\"https:\/\/www.whisperring.nl\/contact\/\" class=\"vcex-button theme-button outline inline\" style=\"padding-right:0px;padding-left:0px;color:#dd9933;border-radius:0;margin-top:40px;border-color:#dd9933;\" data-wpex-hover='{&quot;color&quot;:&quot;#dd7600&quot;}'><span class=\"theme-button-inner\">Anfordern von Informationen<span class=\"vcex-icon-wrap theme-button-icon-right\"><span class=\"ticon ticon-angle-double-right\" aria-hidden=\"true\"><\/span><\/span><\/span><\/a> [\/vc_column][vc_column width=&#8220;1\/2&#8243; el_class=&#8220;aandagt__offset__top aandagt__overflow aandagt__right&#8220;][vc_single_image image=&#8220;1639&#8243; img_size=&#8220;1500&#215;950&#8243;][\/vc_column][\/vc_row][\/vc_section][vc_section full_width=&#8220;stretch_row&#8220; css=&#8220;.vc_custom_1631866082703{background-color: #ffffff !important;}&#8220; el_class=&#8220;aandagt__padding aandagt__small aandagt__resp-fullwidth&#8220;][vc_row content_placement=&#8220;middle&#8220; column_spacing=&#8220;60&#8243; columns_right=&#8220;yes&#8220;][vc_column width=&#8220;1\/2&#8243; el_class=&#8220;aandagt__offset__top aandagt__overflow aandagt__right&#8220;][vc_column_text]\n<h2>Stromerzeuger<\/h2>\n<p>Die Fl\u00fcgel treiben den Generator direkt an, ohne Getriebe. Der Generator besteht aus schaltbaren Generatoreinheiten (den Magneten und den Spulen). Je nach Windgeschwindigkeit werden mehr oder weniger Spulen eingeschaltet. Der Generator verf\u00fcgt \u00fcber eine hohe Redundanz, so dass Reparaturen an besch\u00e4digten Einheiten problemlos auf die regelm\u00e4\u00dfige Wartung verschoben werden k\u00f6nnen. Die M\u00fchle kann dann wie gewohnt weiterlaufen und Strom erzeugen. Dar\u00fcber hinaus f\u00fchrt das Fehlen eines Getriebes zu einem deutlich geringeren Wartungsaufwand.[\/vc_column_text]<a href=\"https:\/\/www.whisperring.nl\/waarom-de-whisperring\/verdienmodel\/\" class=\"vcex-button theme-button outline inline\" style=\"padding-right:0px;padding-left:0px;border-radius:0;margin-top:40px;margin-right:20px;\" data-wpex-hover='{&quot;color&quot;:&quot;#000000&quot;}'><span class=\"theme-button-inner\">Ertragsmodell<span class=\"vcex-icon-wrap theme-button-icon-right\"><span class=\"ticon ticon-angle-double-right\" aria-hidden=\"true\"><\/span><\/span><\/span><\/a> <a href=\"https:\/\/www.whisperring.nl\/contact\/\" class=\"vcex-button theme-button outline inline\" style=\"padding-right:0px;padding-left:0px;color:#dd9933;border-radius:0;margin-top:40px;border-color:#dd9933;\" data-wpex-hover='{&quot;color&quot;:&quot;#dd7600&quot;}'><span class=\"theme-button-inner\">Anfordern von Informationen<span class=\"vcex-icon-wrap theme-button-icon-right\"><span class=\"ticon ticon-angle-double-right\" aria-hidden=\"true\"><\/span><\/span><\/span><\/a> [\/vc_column][vc_column width=&#8220;1\/2&#8243; el_class=&#8220;aandagt__offset__top aandagt__overflow aandagt__left&#8220;][vc_single_image image=&#8220;1309&#8243;][\/vc_column][\/vc_row][\/vc_section][vc_section full_width=&#8220;stretch_row&#8220; css=&#8220;.vc_custom_1631866105376{background-color: #ebf1f0 !important;}&#8220; el_class=&#8220;aandagt__padding aandagt__small aandagt__resp-fullwidth&#8220;][vc_row content_placement=&#8220;middle&#8220; column_spacing=&#8220;60&#8243;][vc_column width=&#8220;1\/2&#8243;][vc_column_text]\n<h2>Bl\u00e4tter<\/h2>\n<p>Die Turbinenbl\u00e4tter k\u00f6nnen leicht ausgetauscht werden, so dass die beste Form f\u00fcr das jeweilige Windgebiet gew\u00e4hlt werden kann. Zum Beispiel l\u00e4ngere Fl\u00fcgel in Gebieten mit niedrigeren durchschnittlichen Windgeschwindigkeiten.[\/vc_column_text]<a href=\"https:\/\/www.whisperring.nl\/waarom-de-whisperring\/verdienmodel\/\" class=\"vcex-button theme-button outline inline\" style=\"padding-right:0px;padding-left:0px;border-radius:0;margin-top:40px;margin-right:20px;\" data-wpex-hover='{&quot;color&quot;:&quot;#000000&quot;}'><span class=\"theme-button-inner\">Ertragsmodell<span class=\"vcex-icon-wrap theme-button-icon-right\"><span class=\"ticon ticon-angle-double-right\" aria-hidden=\"true\"><\/span><\/span><\/span><\/a> <a href=\"https:\/\/www.whisperring.nl\/contact\/\" class=\"vcex-button theme-button outline inline\" style=\"padding-right:0px;padding-left:0px;color:#dd9933;border-radius:0;margin-top:40px;border-color:#dd9933;\" data-wpex-hover='{&quot;color&quot;:&quot;#dd7600&quot;}'><span class=\"theme-button-inner\">Anfordern von Informationen<span class=\"vcex-icon-wrap theme-button-icon-right\"><span class=\"ticon ticon-angle-double-right\" aria-hidden=\"true\"><\/span><\/span><\/span><\/a> [\/vc_column][vc_column width=&#8220;1\/2&#8243; el_class=&#8220;aandagt__offset__top aandagt__overflow aandagt__right&#8220;][vc_single_image image=&#8220;1641&#8243;][\/vc_column][\/vc_row][\/vc_section][vc_section full_width=&#8220;stretch_row&#8220; css=&#8220;.vc_custom_1631866138916{background-color: #ffffff !important;}&#8220; el_class=&#8220;aandagt__padding aandagt__small aandagt__resp-fullwidth&#8220;][vc_row content_placement=&#8220;middle&#8220; column_spacing=&#8220;60&#8243; columns_right=&#8220;yes&#8220;][vc_column width=&#8220;1\/2&#8243; el_class=&#8220;aandagt__offset__top aandagt__overflow aandagt__right&#8220;][vc_column_text]\n<h2>Leichte kohlenstofffaserverst\u00e4rkte Kunststoffe (CFRP)<\/h2>\n<p>Die Windkraftanlage besteht haupts\u00e4chlich aus kohlenstofffaserverst\u00e4rkten Kunststoffen (CFK). Der Mast, der Ring und die Fl\u00fcgel wiegen nur einen Bruchteil der heutigen Turbinen aus Beton, Stahl und Glasfaser. Ein zus\u00e4tzlicher Vorteil ist, dass der WhisperRing\u00ae daher viel weniger durch Wind, Salz, Regen oder Oxidation beeintr\u00e4chtigt wird. Au\u00dferdem wird durch den Wegfall des Getriebes und durch den geringeren Bedarf an magnetischem Material viel Gewicht eingespart.[\/vc_column_text]<a href=\"https:\/\/www.whisperring.nl\/waarom-de-whisperring\/verdienmodel\/\" class=\"vcex-button theme-button outline inline\" style=\"padding-right:0px;padding-left:0px;border-radius:0;margin-top:40px;margin-right:20px;\" data-wpex-hover='{&quot;color&quot;:&quot;#000000&quot;}'><span class=\"theme-button-inner\">Ertragsmodell<span class=\"vcex-icon-wrap theme-button-icon-right\"><span class=\"ticon ticon-angle-double-right\" aria-hidden=\"true\"><\/span><\/span><\/span><\/a> <a href=\"https:\/\/www.whisperring.nl\/contact\/\" class=\"vcex-button theme-button outline inline\" style=\"padding-right:0px;padding-left:0px;color:#dd9933;border-radius:0;margin-top:40px;border-color:#dd9933;\" data-wpex-hover='{&quot;color&quot;:&quot;#dd7600&quot;}'><span class=\"theme-button-inner\">Anfordern von Informationen<span class=\"vcex-icon-wrap theme-button-icon-right\"><span class=\"ticon ticon-angle-double-right\" aria-hidden=\"true\"><\/span><\/span><\/span><\/a> [\/vc_column][vc_column width=&#8220;1\/2&#8243; el_class=&#8220;aandagt__offset__top aandagt__overflow aandagt__left&#8220;][vc_single_image image=&#8220;1643&#8243;][\/vc_column][\/vc_row][\/vc_section]\n","protected":false},"excerpt":{"rendered":"<p>[vc_section el_class=&#8220;aandagt__padding aandagt__small aandagt__resp-fullwidth&#8220;][vc_row column_spacing=&#8220;60&#8243;][vc_column width=&#8220;1\/3&#8243;][vc_column_text text_align=&#8220;right&#8220;] Ein revolution\u00e4res Design [\/vc_column_text][\/vc_column][vc_column width=&#8220;2\/3&#8243;][vc_column_text]Der WhisperRing\u00ae ist klein und flexibel. Aufgrund seiner geringeren Rotationsgeschwindigkeit macht er kaum Ger\u00e4usche und verursacht somit keine Bel\u00e4stigung f\u00fcr die Anwohner. Auf diese Weise kann die M\u00fchle in&hellip;<\/p>\n","protected":false},"author":10,"featured_media":2433,"parent":2608,"menu_order":0,"comment_status":"closed","ping_status":"closed","template":"","meta":{"footnotes":""},"class_list":["post-2694","page","type-page","status-publish","has-post-thumbnail","hentry","entry","has-media"],"yoast_head":"<!-- This site is optimized with the Yoast SEO plugin v26.6 - https:\/\/yoast.com\/wordpress\/plugins\/seo\/ -->\n<title>Das revolution\u00e4re Design des WhisperRinges ist einzigartig!<\/title>\n<meta name=\"description\" content=\"Der WhisperRing ist klein und flexibel und hat den geringstm\u00f6glichen CO2-Fu\u00dfabdruck aller Windkraftanlagen.\" \/>\n<meta name=\"robots\" content=\"index, follow, max-snippet:-1, max-image-preview:large, max-video-preview:-1\" \/>\n<link rel=\"canonical\" href=\"https:\/\/www.whisperring.nl\/de\/warum-den-whisperring-waehlen\/ein-revolutionaeres-design\/\" \/>\n<meta property=\"og:locale\" content=\"de_DE\" \/>\n<meta property=\"og:type\" content=\"article\" \/>\n<meta property=\"og:title\" content=\"Das revolution\u00e4re Design des WhisperRinges ist einzigartig!\" \/>\n<meta property=\"og:description\" content=\"Der WhisperRing ist klein und flexibel und hat den geringstm\u00f6glichen CO2-Fu\u00dfabdruck aller Windkraftanlagen.\" \/>\n<meta property=\"og:url\" content=\"https:\/\/www.whisperring.nl\/de\/warum-den-whisperring-waehlen\/ein-revolutionaeres-design\/\" \/>\n<meta property=\"og:site_name\" content=\"WhisperRing\" \/>\n<meta property=\"article:modified_time\" content=\"2023-03-31T14:26:47+00:00\" \/>\n<meta property=\"og:image\" content=\"https:\/\/www.whisperring.nl\/wp-content\/uploads\/2021\/07\/ventring-windmolen-koolstof-versterkt.jpg\" \/>\n\t<meta property=\"og:image:width\" content=\"1500\" \/>\n\t<meta property=\"og:image:height\" content=\"843\" \/>\n\t<meta property=\"og:image:type\" content=\"image\/jpeg\" \/>\n<meta name=\"twitter:card\" content=\"summary_large_image\" \/>\n<meta name=\"twitter:label1\" content=\"Gesch\u00e4tzte Lesezeit\" \/>\n\t<meta name=\"twitter:data1\" content=\"6\u00a0Minuten\" \/>\n<script type=\"application\/ld+json\" class=\"yoast-schema-graph\">{\"@context\":\"https:\/\/schema.org\",\"@graph\":[{\"@type\":\"WebPage\",\"@id\":\"https:\/\/www.whisperring.nl\/de\/warum-den-whisperring-waehlen\/ein-revolutionaeres-design\/\",\"url\":\"https:\/\/www.whisperring.nl\/de\/warum-den-whisperring-waehlen\/ein-revolutionaeres-design\/\",\"name\":\"Das revolution\u00e4re Design des WhisperRinges ist einzigartig!\",\"isPartOf\":{\"@id\":\"https:\/\/www.whisperring.nl\/de\/#website\"},\"primaryImageOfPage\":{\"@id\":\"https:\/\/www.whisperring.nl\/de\/warum-den-whisperring-waehlen\/ein-revolutionaeres-design\/#primaryimage\"},\"image\":{\"@id\":\"https:\/\/www.whisperring.nl\/de\/warum-den-whisperring-waehlen\/ein-revolutionaeres-design\/#primaryimage\"},\"thumbnailUrl\":\"https:\/\/www.whisperring.nl\/wp-content\/uploads\/2021\/07\/ventring-windmolen-koolstof-versterkt.jpg\",\"datePublished\":\"2021-02-01T08:07:30+00:00\",\"dateModified\":\"2023-03-31T14:26:47+00:00\",\"description\":\"Der WhisperRing ist klein und flexibel und hat den geringstm\u00f6glichen CO2-Fu\u00dfabdruck aller Windkraftanlagen.\",\"breadcrumb\":{\"@id\":\"https:\/\/www.whisperring.nl\/de\/warum-den-whisperring-waehlen\/ein-revolutionaeres-design\/#breadcrumb\"},\"inLanguage\":\"de\",\"potentialAction\":[{\"@type\":\"ReadAction\",\"target\":[\"https:\/\/www.whisperring.nl\/de\/warum-den-whisperring-waehlen\/ein-revolutionaeres-design\/\"]}]},{\"@type\":\"ImageObject\",\"inLanguage\":\"de\",\"@id\":\"https:\/\/www.whisperring.nl\/de\/warum-den-whisperring-waehlen\/ein-revolutionaeres-design\/#primaryimage\",\"url\":\"https:\/\/www.whisperring.nl\/wp-content\/uploads\/2021\/07\/ventring-windmolen-koolstof-versterkt.jpg\",\"contentUrl\":\"https:\/\/www.whisperring.nl\/wp-content\/uploads\/2021\/07\/ventring-windmolen-koolstof-versterkt.jpg\",\"width\":1500,\"height\":843},{\"@type\":\"BreadcrumbList\",\"@id\":\"https:\/\/www.whisperring.nl\/de\/warum-den-whisperring-waehlen\/ein-revolutionaeres-design\/#breadcrumb\",\"itemListElement\":[{\"@type\":\"ListItem\",\"position\":1,\"name\":\"Home\",\"item\":\"https:\/\/www.whisperring.nl\/de\/startseite\/\"},{\"@type\":\"ListItem\",\"position\":2,\"name\":\"Warum den WhisperRing w\u00e4hlen?\",\"item\":\"https:\/\/www.whisperring.nl\/de\/warum-den-whisperring-waehlen\/\"},{\"@type\":\"ListItem\",\"position\":3,\"name\":\"Ein revolution\u00e4res Design\"}]},{\"@type\":\"WebSite\",\"@id\":\"https:\/\/www.whisperring.nl\/de\/#website\",\"url\":\"https:\/\/www.whisperring.nl\/de\/\",\"name\":\"WhisperRing\",\"description\":\"Innovative Wind Energy\",\"publisher\":{\"@id\":\"https:\/\/www.whisperring.nl\/de\/#organization\"},\"potentialAction\":[{\"@type\":\"SearchAction\",\"target\":{\"@type\":\"EntryPoint\",\"urlTemplate\":\"https:\/\/www.whisperring.nl\/de\/?s={search_term_string}\"},\"query-input\":{\"@type\":\"PropertyValueSpecification\",\"valueRequired\":true,\"valueName\":\"search_term_string\"}}],\"inLanguage\":\"de\"},{\"@type\":\"Organization\",\"@id\":\"https:\/\/www.whisperring.nl\/de\/#organization\",\"name\":\"WhisperRing\",\"url\":\"https:\/\/www.whisperring.nl\/de\/\",\"logo\":{\"@type\":\"ImageObject\",\"inLanguage\":\"de\",\"@id\":\"https:\/\/www.whisperring.nl\/de\/#\/schema\/logo\/image\/\",\"url\":\"https:\/\/www.whisperring.nl\/wp-content\/uploads\/2021\/08\/whisperring-logo.svg\",\"contentUrl\":\"https:\/\/www.whisperring.nl\/wp-content\/uploads\/2021\/08\/whisperring-logo.svg\",\"width\":1,\"height\":1,\"caption\":\"WhisperRing\"},\"image\":{\"@id\":\"https:\/\/www.whisperring.nl\/de\/#\/schema\/logo\/image\/\"}}]}<\/script>\n<!-- \/ Yoast SEO plugin. -->","yoast_head_json":{"title":"Das revolution\u00e4re Design des WhisperRinges ist einzigartig!","description":"Der WhisperRing ist klein und flexibel und hat den geringstm\u00f6glichen CO2-Fu\u00dfabdruck aller Windkraftanlagen.","robots":{"index":"index","follow":"follow","max-snippet":"max-snippet:-1","max-image-preview":"max-image-preview:large","max-video-preview":"max-video-preview:-1"},"canonical":"https:\/\/www.whisperring.nl\/de\/warum-den-whisperring-waehlen\/ein-revolutionaeres-design\/","og_locale":"de_DE","og_type":"article","og_title":"Das revolution\u00e4re Design des WhisperRinges ist einzigartig!","og_description":"Der WhisperRing ist klein und flexibel und hat den geringstm\u00f6glichen CO2-Fu\u00dfabdruck aller Windkraftanlagen.","og_url":"https:\/\/www.whisperring.nl\/de\/warum-den-whisperring-waehlen\/ein-revolutionaeres-design\/","og_site_name":"WhisperRing","article_modified_time":"2023-03-31T14:26:47+00:00","og_image":[{"width":1500,"height":843,"url":"https:\/\/www.whisperring.nl\/wp-content\/uploads\/2021\/07\/ventring-windmolen-koolstof-versterkt.jpg","type":"image\/jpeg"}],"twitter_card":"summary_large_image","twitter_misc":{"Gesch\u00e4tzte Lesezeit":"6\u00a0Minuten"},"schema":{"@context":"https:\/\/schema.org","@graph":[{"@type":"WebPage","@id":"https:\/\/www.whisperring.nl\/de\/warum-den-whisperring-waehlen\/ein-revolutionaeres-design\/","url":"https:\/\/www.whisperring.nl\/de\/warum-den-whisperring-waehlen\/ein-revolutionaeres-design\/","name":"Das revolution\u00e4re Design des WhisperRinges ist einzigartig!","isPartOf":{"@id":"https:\/\/www.whisperring.nl\/de\/#website"},"primaryImageOfPage":{"@id":"https:\/\/www.whisperring.nl\/de\/warum-den-whisperring-waehlen\/ein-revolutionaeres-design\/#primaryimage"},"image":{"@id":"https:\/\/www.whisperring.nl\/de\/warum-den-whisperring-waehlen\/ein-revolutionaeres-design\/#primaryimage"},"thumbnailUrl":"https:\/\/www.whisperring.nl\/wp-content\/uploads\/2021\/07\/ventring-windmolen-koolstof-versterkt.jpg","datePublished":"2021-02-01T08:07:30+00:00","dateModified":"2023-03-31T14:26:47+00:00","description":"Der WhisperRing ist klein und flexibel und hat den geringstm\u00f6glichen CO2-Fu\u00dfabdruck aller Windkraftanlagen.","breadcrumb":{"@id":"https:\/\/www.whisperring.nl\/de\/warum-den-whisperring-waehlen\/ein-revolutionaeres-design\/#breadcrumb"},"inLanguage":"de","potentialAction":[{"@type":"ReadAction","target":["https:\/\/www.whisperring.nl\/de\/warum-den-whisperring-waehlen\/ein-revolutionaeres-design\/"]}]},{"@type":"ImageObject","inLanguage":"de","@id":"https:\/\/www.whisperring.nl\/de\/warum-den-whisperring-waehlen\/ein-revolutionaeres-design\/#primaryimage","url":"https:\/\/www.whisperring.nl\/wp-content\/uploads\/2021\/07\/ventring-windmolen-koolstof-versterkt.jpg","contentUrl":"https:\/\/www.whisperring.nl\/wp-content\/uploads\/2021\/07\/ventring-windmolen-koolstof-versterkt.jpg","width":1500,"height":843},{"@type":"BreadcrumbList","@id":"https:\/\/www.whisperring.nl\/de\/warum-den-whisperring-waehlen\/ein-revolutionaeres-design\/#breadcrumb","itemListElement":[{"@type":"ListItem","position":1,"name":"Home","item":"https:\/\/www.whisperring.nl\/de\/startseite\/"},{"@type":"ListItem","position":2,"name":"Warum den WhisperRing w\u00e4hlen?","item":"https:\/\/www.whisperring.nl\/de\/warum-den-whisperring-waehlen\/"},{"@type":"ListItem","position":3,"name":"Ein revolution\u00e4res Design"}]},{"@type":"WebSite","@id":"https:\/\/www.whisperring.nl\/de\/#website","url":"https:\/\/www.whisperring.nl\/de\/","name":"WhisperRing","description":"Innovative Wind Energy","publisher":{"@id":"https:\/\/www.whisperring.nl\/de\/#organization"},"potentialAction":[{"@type":"SearchAction","target":{"@type":"EntryPoint","urlTemplate":"https:\/\/www.whisperring.nl\/de\/?s={search_term_string}"},"query-input":{"@type":"PropertyValueSpecification","valueRequired":true,"valueName":"search_term_string"}}],"inLanguage":"de"},{"@type":"Organization","@id":"https:\/\/www.whisperring.nl\/de\/#organization","name":"WhisperRing","url":"https:\/\/www.whisperring.nl\/de\/","logo":{"@type":"ImageObject","inLanguage":"de","@id":"https:\/\/www.whisperring.nl\/de\/#\/schema\/logo\/image\/","url":"https:\/\/www.whisperring.nl\/wp-content\/uploads\/2021\/08\/whisperring-logo.svg","contentUrl":"https:\/\/www.whisperring.nl\/wp-content\/uploads\/2021\/08\/whisperring-logo.svg","width":1,"height":1,"caption":"WhisperRing"},"image":{"@id":"https:\/\/www.whisperring.nl\/de\/#\/schema\/logo\/image\/"}}]}},"_links":{"self":[{"href":"https:\/\/www.whisperring.nl\/de\/wp-json\/wp\/v2\/pages\/2694","targetHints":{"allow":["GET"]}}],"collection":[{"href":"https:\/\/www.whisperring.nl\/de\/wp-json\/wp\/v2\/pages"}],"about":[{"href":"https:\/\/www.whisperring.nl\/de\/wp-json\/wp\/v2\/types\/page"}],"author":[{"embeddable":true,"href":"https:\/\/www.whisperring.nl\/de\/wp-json\/wp\/v2\/users\/10"}],"replies":[{"embeddable":true,"href":"https:\/\/www.whisperring.nl\/de\/wp-json\/wp\/v2\/comments?post=2694"}],"version-history":[{"count":1,"href":"https:\/\/www.whisperring.nl\/de\/wp-json\/wp\/v2\/pages\/2694\/revisions"}],"predecessor-version":[{"id":2697,"href":"https:\/\/www.whisperring.nl\/de\/wp-json\/wp\/v2\/pages\/2694\/revisions\/2697"}],"up":[{"embeddable":true,"href":"https:\/\/www.whisperring.nl\/de\/wp-json\/wp\/v2\/pages\/2608"}],"wp:featuredmedia":[{"embeddable":true,"href":"https:\/\/www.whisperring.nl\/de\/wp-json\/wp\/v2\/media\/2433"}],"wp:attachment":[{"href":"https:\/\/www.whisperring.nl\/de\/wp-json\/wp\/v2\/media?parent=2694"}],"curies":[{"name":"wp","href":"https:\/\/api.w.org\/{rel}","templated":true}]}}