{"id":3035,"date":"2021-02-17T11:21:02","date_gmt":"2021-02-17T11:21:02","guid":{"rendered":"https:\/\/www.whisperring.nl\/sobre-nosotros\/"},"modified":"2023-03-31T14:51:13","modified_gmt":"2023-03-31T14:51:13","slug":"sobre-nosotros","status":"publish","type":"page","link":"https:\/\/www.whisperring.nl\/es\/sobre-nosotros\/","title":{"rendered":"Sobre nosotros"},"content":{"rendered":"[vc_section el_class=\u00bbaandagt__padding aandagt__small aandagt__resp-fullwidth\u00bb][vc_row column_spacing=\u00bb60&#8243;][vc_column width=\u00bb1\/3&#8243;][vc_column_text text_align=\u00bbright\u00bb]\n<h1 style=\"text-align: left;\">Sobre nosotros<\/h1>\n<h4 style=\"text-align: left;\"><\/h4>\n[\/vc_column_text][\/vc_column][vc_column width=\u00bb2\/3&#8243;][vc_column_text]WhisperRing\u00ae proviene de Mega Windforce. El dise\u00f1o lleva en desarrollo desde 2016 con el objetivo de reinventar el aerogenerador para producir energ\u00eda de forma m\u00e1s barata y con menos impacto en las personas y el medio ambiente.<\/p>\n<p>WhisperRing\u00ae est\u00e1 destinado a aerogeneradores de peque\u00f1a potencia que funcionan a menor velocidad y, por tanto, causan menos molestias en los alrededores.<\/p>\n<p>En la actualidad, los accionistas son la fundaci\u00f3n Wervelwind, en la que est\u00e1n organizados los titulares de certificados de dep\u00f3sito privados, y una serie de grandes accionistas privados.<\/p>\n<p>Actualmente estamos realizando un estudio de mercado y preventa con nuestra organizaci\u00f3n. Con los resultados, reuniremos capital para construir, probar y poner el prototipo en producci\u00f3n.<\/p>\n<h2><strong>Desarrollo del WhisperRing<\/strong><\/h2>\n<p>El WhisperRing\u00ae a\u00fan est\u00e1 en fase de desarrollo. El dise\u00f1o est\u00e1 pr\u00e1cticamente terminado y validado, as\u00ed que sabemos que todo funciona. Y eso no es todo: a\u00fan hay que dise\u00f1ar y probar al detalle varios componentes, de modo que la resistencia calculada de los componentes tambi\u00e9n pueda resistir las distintas pruebas de resistencia.<\/p>\n<p>As\u00ed podremos construir prototipos que demuestren su val\u00eda sobre el terreno antes de montar instalaciones de producci\u00f3n a gran escala.<\/p>\n<p>A\u00fan se necesita capital para la ingenier\u00eda de detalle y las pruebas. Lo retomaremos cuando hayamos demostrado que existe un mercado para esta turbina. En resumen, si la gente elige una turbina que no s\u00f3lo sea rentable, sino que adem\u00e1s cause menos molestias en los alrededores, podremos ponernos manos a la obra. Quiz\u00e1 pueda ayudarnos a hacerlo.<\/p>\n<p>Teniendo en cuenta la creciente escasez y los elevados precios de materias primas como el hierro y el acero, el WhisperRing\u00ae ofrecer\u00e1 una alternativa cada vez m\u00e1s interesante.[\/vc_column_text][\/vc_column][\/vc_row][vc_row content_placement=\u00bbmiddle\u00bb][vc_column css=\u00bb.vc_custom_1661416640660{border-top-width: 3px !important;border-right-width: 3px !important;border-bottom-width: 3px !important;border-left-width: 3px !important;padding-bottom: 16px !important;border-left-color: #dd9933 !important;border-left-style: solid !important;border-right-color: #dd9933 !important;border-right-style: solid !important;border-top-color: #dd9933 !important;border-top-style: solid !important;border-bottom-color: #dd9933 !important;border-bottom-style: solid !important;}\u00bb wpex_bg_position=\u00bbcenter\u00bb]<div class=\"vcex-image-grid-wrap wpex-clr\"><div class=\"vcex-image-grid-css-wrapper vc_custom_1661416895184\"><div class=\"vcex-module vcex-image-grid wpex-clr grid-style-default wpex-row wpex-lightbox-group\"><div class=\"id-2530 vcex-image-grid-entry vcex-grid-item textcenter span_1_of_3 col col-1\"><figure class=\"vcex-image-grid-entry-figure wpex-last-mb-0 wpex-clr wpex-flex wpex-flex-col wpex-flex-grow wpex-justify-center\"><div class=\"vcex-image-grid-entry-img entry-media wpex-mb-20\"><a href=\"https:\/\/www.whisperring.nl\/wp-content\/uploads\/2022\/08\/Schermafbeelding-2022-08-25-om-10.27.53.png\" class=\"vcex-image-grid-entry-img wpex-lightbox-group-item\" ><img decoding=\"async\" loading=\"lazy\" class=\"wpex-align-middle\" src=\"https:\/\/www.whisperring.nl\/wp-content\/uploads\/2022\/08\/Schermafbeelding-2022-08-25-om-10.27.53.png\" alt=\"\" width=\"6720\" height=\"3632\" \/><\/a><\/div><\/figure><\/div><div class=\"id-2535 vcex-image-grid-entry vcex-grid-item textcenter span_1_of_3 col col-2\"><figure class=\"vcex-image-grid-entry-figure wpex-last-mb-0 wpex-clr wpex-flex wpex-flex-col wpex-flex-grow wpex-justify-center\"><div class=\"vcex-image-grid-entry-img entry-media wpex-mb-20\"><a href=\"https:\/\/www.whisperring.nl\/wp-content\/uploads\/2022\/08\/Schermafbeelding-2022-08-25-om-10.28.29.png\" class=\"vcex-image-grid-entry-img wpex-lightbox-group-item\" ><img decoding=\"async\" loading=\"lazy\" class=\"wpex-align-middle\" src=\"https:\/\/www.whisperring.nl\/wp-content\/uploads\/2022\/08\/Schermafbeelding-2022-08-25-om-10.28.29.png\" alt=\"\" width=\"6720\" height=\"3766\" \/><\/a><\/div><\/figure><\/div><div class=\"id-2540 vcex-image-grid-entry vcex-grid-item textcenter span_1_of_3 col col-3\"><figure class=\"vcex-image-grid-entry-figure wpex-last-mb-0 wpex-clr wpex-flex wpex-flex-col wpex-flex-grow wpex-justify-center\"><div class=\"vcex-image-grid-entry-img entry-media wpex-mb-20\"><a href=\"https:\/\/www.whisperring.nl\/wp-content\/uploads\/2022\/08\/Schermafbeelding-2022-08-25-om-10.29.45.png\" class=\"vcex-image-grid-entry-img wpex-lightbox-group-item\" ><img decoding=\"async\" loading=\"lazy\" class=\"wpex-align-middle\" src=\"https:\/\/www.whisperring.nl\/wp-content\/uploads\/2022\/08\/Schermafbeelding-2022-08-25-om-10.29.45.png\" alt=\"\" width=\"6720\" height=\"3626\" \/><\/a><\/div><\/figure><\/div><\/div><\/div><\/div>[vc_column_text css=\u00bb.vc_custom_1661415937512{margin-top: 32px !important;}\u00bb]\n<p style=\"text-align: center;\">Vea aqu\u00ed una serie de entrevistas en profundidad con Eric van der Gun (Consejero Delegado), Niels Diepenveen (Asesor T\u00e9cnico) y Gerard van Noort (Inversor).<\/p>\n[\/vc_column_text]<div class=\"vc_custom_1661419990575 wpex-clr\"><div class=\"textcenter theme-button-wrap wpex-clr\"><a href=\"https:\/\/www.whisperring.nl\/interviews\/\" class=\"vcex-button theme-button outline align-center inline\" style=\"color:#dd9933;border-color:#dd9933;\" data-wpex-hover='{&quot;color&quot;:&quot;#dd7600&quot;}'><span class=\"theme-button-inner\">Nuestros expertos hablan<\/span><\/a><\/div><\/div> [\/vc_column][\/vc_row][\/vc_section][vc_section full_width=\u00bbstretch_row\u00bb css=\u00bb.vc_custom_1631536600919{background-color: #f3f5f7 !important;}\u00bb][vc_row][vc_column][vc_empty_space][\/vc_column][\/vc_row][vc_row column_spacing=\u00bb60&#8243;][vc_column width=\u00bb1\/2&#8243;][vc_column_text]\n<h2>Nuestro equipo<\/h2>\n<p>CEO drs. Eric van der Gun MRE:<\/p>\n<p>Desde 2014, Eric ha trabajado en el desarrollo y la realizaci\u00f3n de grandes parques solares, tanto en los Pa\u00edses Bajos como en el extranjero.<\/p>\n<p>Drs. Gerard van Noort:<\/p>\n<p>Como Consejero Delegado de Aeolis Forecasting Services, Gerard trabaja en el sector e\u00f3lico desde 2001, realizando previsiones de ingresos e\u00f3licos y energ\u00e9ticos para el sector el\u00e9ctrico.<\/p>\n<p>Dr. Roland Luijendijk:<\/p>\n<p>Roland ha estado involucrado con Mega Windforce desde 2018, primero como financiero e inversor. Desde entonces ha acumulado una experiencia y una red considerables.[\/vc_column_text][\/vc_column][vc_column width=\u00bb1\/2&#8243; el_class=\u00bbaandagt__offset__top aandagt__overflow aandagt__left\u00bb][vc_single_image source=\u00bbfeatured_image\u00bb][\/vc_column][\/vc_row][\/vc_section][vc_row][vc_column][\/vc_column][\/vc_row]\n","protected":false},"excerpt":{"rendered":"<p>[vc_section el_class=\u00bbaandagt__padding aandagt__small aandagt__resp-fullwidth\u00bb][vc_row column_spacing=\u00bb60&#8243;][vc_column width=\u00bb1\/3&#8243;][vc_column_text text_align=\u00bbright\u00bb] Sobre nosotros [\/vc_column_text][\/vc_column][vc_column width=\u00bb2\/3&#8243;][vc_column_text]WhisperRing\u00ae proviene de Mega Windforce. El dise\u00f1o lleva en desarrollo desde 2016 con el objetivo de reinventar el aerogenerador para producir energ\u00eda de forma m\u00e1s barata y con menos impacto&hellip;<\/p>\n","protected":false},"author":10,"featured_media":0,"parent":0,"menu_order":7,"comment_status":"closed","ping_status":"closed","template":"","meta":{"footnotes":""},"class_list":["post-3035","page","type-page","status-publish","hentry","entry","no-media"],"yoast_head":"<!-- This site is optimized with the Yoast SEO plugin v26.6 - https:\/\/yoast.com\/wordpress\/plugins\/seo\/ -->\n<title>Sobre nosotros &#187; WhisperRing &#187; Energ\u00eda e\u00f3lica innovadora<\/title>\n<meta name=\"robots\" content=\"index, follow, max-snippet:-1, max-image-preview:large, max-video-preview:-1\" \/>\n<link rel=\"canonical\" href=\"https:\/\/www.whisperring.nl\/es\/sobre-nosotros\/\" \/>\n<meta property=\"og:locale\" content=\"es_ES\" \/>\n<meta property=\"og:type\" content=\"article\" \/>\n<meta property=\"og:title\" content=\"Sobre nosotros &#187; WhisperRing &#187; Energ\u00eda e\u00f3lica innovadora\" \/>\n<meta property=\"og:description\" content=\"[vc_section el_class=\u00bbaandagt__padding aandagt__small aandagt__resp-fullwidth\u00bb][vc_row column_spacing=\u00bb60&#8243;][vc_column width=\u00bb1\/3&#8243;][vc_column_text text_align=\u00bbright\u00bb] Sobre nosotros [\/vc_column_text][\/vc_column][vc_column width=\u00bb2\/3&#8243;][vc_column_text]WhisperRing\u00ae proviene de Mega Windforce. El dise\u00f1o lleva en desarrollo desde 2016 con el objetivo de reinventar el aerogenerador para producir energ\u00eda de forma m\u00e1s barata y con menos impacto&hellip;\" \/>\n<meta property=\"og:url\" content=\"https:\/\/www.whisperring.nl\/es\/sobre-nosotros\/\" \/>\n<meta property=\"og:site_name\" content=\"WhisperRing\" \/>\n<meta property=\"article:modified_time\" content=\"2023-03-31T14:51:13+00:00\" \/>\n<meta name=\"twitter:card\" content=\"summary_large_image\" \/>\n<meta name=\"twitter:label1\" content=\"Tiempo de lectura\" \/>\n\t<meta name=\"twitter:data1\" content=\"3 minutos\" \/>\n<script type=\"application\/ld+json\" class=\"yoast-schema-graph\">{\"@context\":\"https:\/\/schema.org\",\"@graph\":[{\"@type\":\"WebPage\",\"@id\":\"https:\/\/www.whisperring.nl\/es\/sobre-nosotros\/\",\"url\":\"https:\/\/www.whisperring.nl\/es\/sobre-nosotros\/\",\"name\":\"Sobre nosotros &#187; WhisperRing &#187; Energ\u00eda e\u00f3lica innovadora\",\"isPartOf\":{\"@id\":\"https:\/\/www.whisperring.nl\/es\/#website\"},\"datePublished\":\"2021-02-17T11:21:02+00:00\",\"dateModified\":\"2023-03-31T14:51:13+00:00\",\"breadcrumb\":{\"@id\":\"https:\/\/www.whisperring.nl\/es\/sobre-nosotros\/#breadcrumb\"},\"inLanguage\":\"es\",\"potentialAction\":[{\"@type\":\"ReadAction\",\"target\":[\"https:\/\/www.whisperring.nl\/es\/sobre-nosotros\/\"]}]},{\"@type\":\"BreadcrumbList\",\"@id\":\"https:\/\/www.whisperring.nl\/es\/sobre-nosotros\/#breadcrumb\",\"itemListElement\":[{\"@type\":\"ListItem\",\"position\":1,\"name\":\"Home\",\"item\":\"https:\/\/www.whisperring.nl\/es\/inicio\/\"},{\"@type\":\"ListItem\",\"position\":2,\"name\":\"Sobre nosotros\"}]},{\"@type\":\"WebSite\",\"@id\":\"https:\/\/www.whisperring.nl\/es\/#website\",\"url\":\"https:\/\/www.whisperring.nl\/es\/\",\"name\":\"WhisperRing\",\"description\":\"Innovative Wind Energy\",\"publisher\":{\"@id\":\"https:\/\/www.whisperring.nl\/es\/#organization\"},\"potentialAction\":[{\"@type\":\"SearchAction\",\"target\":{\"@type\":\"EntryPoint\",\"urlTemplate\":\"https:\/\/www.whisperring.nl\/es\/?s={search_term_string}\"},\"query-input\":{\"@type\":\"PropertyValueSpecification\",\"valueRequired\":true,\"valueName\":\"search_term_string\"}}],\"inLanguage\":\"es\"},{\"@type\":\"Organization\",\"@id\":\"https:\/\/www.whisperring.nl\/es\/#organization\",\"name\":\"WhisperRing\",\"url\":\"https:\/\/www.whisperring.nl\/es\/\",\"logo\":{\"@type\":\"ImageObject\",\"inLanguage\":\"es\",\"@id\":\"https:\/\/www.whisperring.nl\/es\/#\/schema\/logo\/image\/\",\"url\":\"https:\/\/www.whisperring.nl\/wp-content\/uploads\/2021\/08\/whisperring-logo.svg\",\"contentUrl\":\"https:\/\/www.whisperring.nl\/wp-content\/uploads\/2021\/08\/whisperring-logo.svg\",\"width\":1,\"height\":1,\"caption\":\"WhisperRing\"},\"image\":{\"@id\":\"https:\/\/www.whisperring.nl\/es\/#\/schema\/logo\/image\/\"}}]}<\/script>\n<!-- \/ Yoast SEO plugin. -->","yoast_head_json":{"title":"Sobre nosotros &#187; WhisperRing &#187; Energ\u00eda e\u00f3lica innovadora","robots":{"index":"index","follow":"follow","max-snippet":"max-snippet:-1","max-image-preview":"max-image-preview:large","max-video-preview":"max-video-preview:-1"},"canonical":"https:\/\/www.whisperring.nl\/es\/sobre-nosotros\/","og_locale":"es_ES","og_type":"article","og_title":"Sobre nosotros &#187; WhisperRing &#187; Energ\u00eda e\u00f3lica innovadora","og_description":"[vc_section el_class=\u00bbaandagt__padding aandagt__small aandagt__resp-fullwidth\u00bb][vc_row column_spacing=\u00bb60&#8243;][vc_column width=\u00bb1\/3&#8243;][vc_column_text text_align=\u00bbright\u00bb] Sobre nosotros [\/vc_column_text][\/vc_column][vc_column width=\u00bb2\/3&#8243;][vc_column_text]WhisperRing\u00ae proviene de Mega Windforce. El dise\u00f1o lleva en desarrollo desde 2016 con el objetivo de reinventar el aerogenerador para producir energ\u00eda de forma m\u00e1s barata y con menos impacto&hellip;","og_url":"https:\/\/www.whisperring.nl\/es\/sobre-nosotros\/","og_site_name":"WhisperRing","article_modified_time":"2023-03-31T14:51:13+00:00","twitter_card":"summary_large_image","twitter_misc":{"Tiempo de lectura":"3 minutos"},"schema":{"@context":"https:\/\/schema.org","@graph":[{"@type":"WebPage","@id":"https:\/\/www.whisperring.nl\/es\/sobre-nosotros\/","url":"https:\/\/www.whisperring.nl\/es\/sobre-nosotros\/","name":"Sobre nosotros &#187; WhisperRing &#187; Energ\u00eda e\u00f3lica innovadora","isPartOf":{"@id":"https:\/\/www.whisperring.nl\/es\/#website"},"datePublished":"2021-02-17T11:21:02+00:00","dateModified":"2023-03-31T14:51:13+00:00","breadcrumb":{"@id":"https:\/\/www.whisperring.nl\/es\/sobre-nosotros\/#breadcrumb"},"inLanguage":"es","potentialAction":[{"@type":"ReadAction","target":["https:\/\/www.whisperring.nl\/es\/sobre-nosotros\/"]}]},{"@type":"BreadcrumbList","@id":"https:\/\/www.whisperring.nl\/es\/sobre-nosotros\/#breadcrumb","itemListElement":[{"@type":"ListItem","position":1,"name":"Home","item":"https:\/\/www.whisperring.nl\/es\/inicio\/"},{"@type":"ListItem","position":2,"name":"Sobre nosotros"}]},{"@type":"WebSite","@id":"https:\/\/www.whisperring.nl\/es\/#website","url":"https:\/\/www.whisperring.nl\/es\/","name":"WhisperRing","description":"Innovative Wind Energy","publisher":{"@id":"https:\/\/www.whisperring.nl\/es\/#organization"},"potentialAction":[{"@type":"SearchAction","target":{"@type":"EntryPoint","urlTemplate":"https:\/\/www.whisperring.nl\/es\/?s={search_term_string}"},"query-input":{"@type":"PropertyValueSpecification","valueRequired":true,"valueName":"search_term_string"}}],"inLanguage":"es"},{"@type":"Organization","@id":"https:\/\/www.whisperring.nl\/es\/#organization","name":"WhisperRing","url":"https:\/\/www.whisperring.nl\/es\/","logo":{"@type":"ImageObject","inLanguage":"es","@id":"https:\/\/www.whisperring.nl\/es\/#\/schema\/logo\/image\/","url":"https:\/\/www.whisperring.nl\/wp-content\/uploads\/2021\/08\/whisperring-logo.svg","contentUrl":"https:\/\/www.whisperring.nl\/wp-content\/uploads\/2021\/08\/whisperring-logo.svg","width":1,"height":1,"caption":"WhisperRing"},"image":{"@id":"https:\/\/www.whisperring.nl\/es\/#\/schema\/logo\/image\/"}}]}},"_links":{"self":[{"href":"https:\/\/www.whisperring.nl\/es\/wp-json\/wp\/v2\/pages\/3035","targetHints":{"allow":["GET"]}}],"collection":[{"href":"https:\/\/www.whisperring.nl\/es\/wp-json\/wp\/v2\/pages"}],"about":[{"href":"https:\/\/www.whisperring.nl\/es\/wp-json\/wp\/v2\/types\/page"}],"author":[{"embeddable":true,"href":"https:\/\/www.whisperring.nl\/es\/wp-json\/wp\/v2\/users\/10"}],"replies":[{"embeddable":true,"href":"https:\/\/www.whisperring.nl\/es\/wp-json\/wp\/v2\/comments?post=3035"}],"version-history":[{"count":1,"href":"https:\/\/www.whisperring.nl\/es\/wp-json\/wp\/v2\/pages\/3035\/revisions"}],"predecessor-version":[{"id":3042,"href":"https:\/\/www.whisperring.nl\/es\/wp-json\/wp\/v2\/pages\/3035\/revisions\/3042"}],"wp:attachment":[{"href":"https:\/\/www.whisperring.nl\/es\/wp-json\/wp\/v2\/media?parent=3035"}],"curies":[{"name":"wp","href":"https:\/\/api.w.org\/{rel}","templated":true}]}}