{"id":2887,"date":"2020-12-01T09:24:08","date_gmt":"2020-12-01T09:24:08","guid":{"rendered":"https:\/\/www.whisperring.nl\/participer-reservez-votre-place\/"},"modified":"2023-03-31T14:48:51","modified_gmt":"2023-03-31T14:48:51","slug":"participer-reservez-votre-place","status":"publish","type":"page","link":"https:\/\/www.whisperring.nl\/fr\/participer-reservez-votre-place\/","title":{"rendered":"Participer ? R\u00e9servez votre place !"},"content":{"rendered":"[vc_section el_class=\u00a0\u00bbaandagt__padding aandagt__small aandagt__resp-fullwidth\u00a0\u00bb][vc_row column_spacing=\u00a0\u00bb60&Prime;][vc_column width=\u00a0\u00bb1\/3&Prime;][vc_column_text text_align=\u00a0\u00bbright\u00a0\u00bb]\n<h1><strong>Participer ? R\u00e9servez votre place !<\/strong><\/h1>\n[\/vc_column_text][\/vc_column][vc_column width=\u00a0\u00bb2\/3&Prime;][vc_column_text]Nous offrons aux agriculteurs, aux coop\u00e9ratives \u00e9nerg\u00e9tiques, aux autres propri\u00e9taires terriens et aux (autres) parties disposant d&rsquo;une bonne connexion dans les r\u00e9gions riches en vent, la possibilit\u00e9 de r\u00e9server une \u00e9olienne d\u00e8s maintenant. Cela vous aidera \u00e0 mettre fin \u00e0 l&rsquo;augmentation constante des factures d&rsquo;\u00e9nergie \u00e0 l&rsquo;avenir ! Vous pouvez \u00e9galement opter pour une redevance fixe, dans le cadre de laquelle nous payons 1 200 euros par an de redevances fonci\u00e8res \u00e0 partir du moment o\u00f9 l&rsquo;\u00e9olienne est mise en service.<\/p>\n<p>Pour cette r\u00e9servation, vous ne payez rien, mais vous nous donnez le droit de placer une turbine sur votre terrain et de fournir l&rsquo;\u00e9nergie produite au r\u00e9seau. Compte tenu de l&rsquo;augmentation constante des prix de l&rsquo;\u00e9nergie, il peut \u00eatre plus int\u00e9ressant d&rsquo;acheter soi-m\u00eame la turbine. Vous aussi ! Le r\u00e9gime pr\u00e9voit la reprise de la turbine \u00e0 des prix de revient pr\u00e9d\u00e9termin\u00e9s.<\/p>\n<p>Une r\u00e9servation ne vous co\u00fbte rien et ne vous apporte que des avantages. En m\u00eame temps, cela garantit un d\u00e9bouch\u00e9 \u00e0 nos investisseurs apr\u00e8s l&rsquo;ach\u00e8vement du d\u00e9veloppement.<\/p>\n<p>Ensemble, nous acc\u00e9l\u00e9rons la transition \u00e9nerg\u00e9tique et la rendons plus respectueuse des personnes et des animaux !<\/p>\n<p>Remplissez le contrat de r\u00e9servation de terrain d\u00e8s aujourd&rsquo;hui !<\/p>\n<p>Si vous avez des questions, &#8230;.[\/vc_column_text]<a href=\"https:\/\/www.whisperring.nl\/contact\/\" class=\"vcex-button theme-button outline inline\" style=\"background:#ffffff;padding-right:0px;padding-left:0px;color:#dd9933;border-radius:0;margin-top:40px;border-color:#dd9933;\" data-wpex-hover='{&quot;background&quot;:&quot;#ffffff&quot;,&quot;color&quot;:&quot;#dd7600&quot;}'><span class=\"theme-button-inner\">Prenez contact avec nous<span class=\"vcex-icon-wrap theme-button-icon-right\"><span class=\"ticon ticon-angle-double-right\" aria-hidden=\"true\"><\/span><\/span><\/span><\/a> [\/vc_column][\/vc_row][\/vc_section][vc_section full_width=\u00a0\u00bbstretch_row\u00a0\u00bb css=\u00a0\u00bb.vc_custom_1638880338989{background-color: #ffffff !important;}\u00a0\u00bb][vc_row][vc_column][vc_empty_space][\/vc_column][\/vc_row][vc_row full_width=\u00a0\u00bbstretch_row\u00a0\u00bb column_spacing=\u00a0\u00bb60&Prime; css=\u00a0\u00bb.vc_custom_1638880371522{background-color: #f3f5f7 !important;}\u00a0\u00bb][vc_column width=\u00a0\u00bb1\/2&Prime;][vc_column_text]\n<h2>Projets<\/h2>\n<p>Nous voyons des opportunit\u00e9s pour diff\u00e9rents types de projets, plus ou moins importants, tels que des turbines individuelles dans des exploitations agricoles, des bureaux ou d&rsquo;autres propri\u00e9t\u00e9s commerciales. En collaboration avec des coop\u00e9ratives \u00e9nerg\u00e9tiques, nous voulons r\u00e9aliser des parcs \u00e9oliens \u00e0 petite \u00e9chelle de plusieurs dizaines de turbines, comme alternative aux (tr\u00e8s) grandes turbines.<\/p>\n<p>Les emplacements appropri\u00e9s sont, par exemple, au nord des parcs solaires, o\u00f9 nous utilisons la m\u00eame connexion et pouvons compl\u00e9ter le profil de production \u00ab\u00a0solaire\u00a0\u00bb par du vent. Il est donc possible de produire davantage d&rsquo;\u00e9lectricit\u00e9 et d&rsquo;\u00e9quilibrer le r\u00e9seau avec la m\u00eame infrastructure.<\/p>\n<p>La possibilit\u00e9 d&rsquo;influer directement sur la production d&rsquo;\u00e9lectricit\u00e9 d&rsquo;un consommateur, tel qu&rsquo;une exploitation agricole ou un b\u00e2timent industriel, est \u00e9galement b\u00e9n\u00e9fique pour l&rsquo;entreprise et pertinente sur le plan social, car elle permet d&rsquo;\u00e9viter les encombrements.<\/p>\n<p>Ne serait-il pas formidable d&rsquo;installer des turbines WhisperRing\u00ae le long des autoroutes dans les provinces venteuses des Pays-Bas ? Nous pourrons alors rendre durables des dizaines de pour cent de la demande \u00e9nerg\u00e9tique totale des Pays-Bas ![\/vc_column_text][\/vc_column][vc_column width=\u00a0\u00bb1\/2&Prime;][vc_single_image source=\u00a0\u00bbfeatured_image\u00a0\u00bb][\/vc_column][\/vc_row][vc_row column_spacing=\u00a0\u00bb60&Prime; columns_right=\u00a0\u00bbyes\u00a0\u00bb][vc_column width=\u00a0\u00bb1\/2&Prime;][vc_column_text]\n<h2>Mod\u00e8le de gains<\/h2>\n<p>La turbine WhisperRing\u00ae produira entre 50MWh et 80MWh par an aux Pays-Bas<a href=\"#_ftn1\" name=\"_ftnref1\">[1]<\/a>. C&rsquo;est surtout dans les r\u00e9gions les plus venteuses des provinces c\u00f4ti\u00e8res, dans le Flevopolder et dans de grandes parties de Groningue et de la Frise que l&rsquo;\u00e9olienne peut produire beaucoup. La zone b\u00e2tie environnante et la hauteur maximale autoris\u00e9e pour les essieux sont importantes \u00e0 cet \u00e9gard.<\/p>\n<p>Pour les projets \u00e0 petite \u00e9chelle avec une ou quelques turbines, nous pouvons proposer l&rsquo;une des options suivantes :<\/p>\n<ol>\n<li>WhisperRing\u00ae loue le site pour y \u00e9riger une \u00e9olienne (environ 10M2 par \u00e9olienne). Whispering verse au propri\u00e9taire du terrain ou du toit 1 200 euros par an pour ce placement. WhisperRing\u00ae demande des subventions pour la turbine et vend l&rsquo;\u00e9nergie elle-m\u00eame.<\/li>\n<li>Le propri\u00e9taire du terrain ou du toit ach\u00e8tera l&rsquo;\u00e9olienne au moment de l&rsquo;installation, \u00e0 un prix \u00e0 convenir avec lui d\u00e8s \u00e0 pr\u00e9sent. Le propri\u00e9taire du terrain ou du toit produit de l&rsquo;\u00e9lectricit\u00e9 pour sa propre consommation, \u00e9conomise le prix de l&rsquo;\u00e9lectricit\u00e9 en vigueur et, dans la mesure o\u00f9 il peut le compenser, \u00e9galement la taxe sur l&rsquo;\u00e9nergie.<\/li>\n<\/ol>\n<p>&nbsp;<\/p>\n<p>Nous nous ferons un plaisir de calculer l&rsquo;analyse de rentabilit\u00e9 pour vous ![\/vc_column_text]<a href=\"https:\/\/www.whisperring.nl\/contact\/\" class=\"vcex-button theme-button outline inline\" style=\"background:#ffffff;padding-right:0px;padding-left:0px;color:#dd9933;border-radius:0;margin-top:40px;border-color:#dd9933;\" data-wpex-hover='{&quot;background&quot;:&quot;#ffffff&quot;,&quot;color&quot;:&quot;#dd7600&quot;}'><span class=\"theme-button-inner\">Demande d&rsquo;informations<span class=\"vcex-icon-wrap theme-button-icon-right\"><span class=\"ticon ticon-angle-double-right\" aria-hidden=\"true\"><\/span><\/span><\/span><\/a> [\/vc_column][vc_column width=\u00a0\u00bb1\/2&Prime;][vc_single_image source=\u00a0\u00bbfeatured_image\u00a0\u00bb][\/vc_column][\/vc_row][vc_row full_width=\u00a0\u00bbstretch_row\u00a0\u00bb column_spacing=\u00a0\u00bb60&Prime; css=\u00a0\u00bb.vc_custom_1638880377880{background-color: #f3f5f7 !important;}\u00a0\u00bb][vc_column width=\u00a0\u00bb1\/2&Prime;][vc_column_text]\n<h2>Investir dans le WhisperRing<\/h2>\n<p>Vous attendez-vous \u00e9galement \u00e0 ce que les co\u00fbts de l&rsquo;\u00e9nergie augmentent, \u00e0 ce que nous devions investir dans la production d&rsquo;\u00e9nergie renouvelable et \u00e0 ce que les mati\u00e8res premi\u00e8res deviennent de plus en plus rares ? Dans ce cas, investir dans WhisperRing\u00ae pourrait \u00eatre une option int\u00e9ressante pour vous !<\/p>\n<p>Si vous souhaitez investir dans la soci\u00e9t\u00e9 WhisperRing\u00ae, vous pouvez le faire de la mani\u00e8re suivante, en fonction du montant de votre investissement :<\/p>\n<ol>\n<li>Pour les petits investisseurs et les coop\u00e9ratives \u00e9nerg\u00e9tiques, il est possible d&rsquo;acheter des certificats aupr\u00e8s de la Fondation Wervelwind. Si l&rsquo;int\u00e9r\u00eat est suffisant, la Fondation examinera les conditions avec l&rsquo;AFM ou confiera l&rsquo;organisation de cette op\u00e9ration \u00e0 une plateforme de crowdfunding.<\/li>\n<li>Pour les investisseurs plus importants, il est possible de participer \u00e0 une \u00e9mission plus importante organis\u00e9e au sein de l&rsquo;entreprise, en levant des fonds suffisants pour financer l&rsquo;ing\u00e9nierie de d\u00e9tail et le prototypage. Cette \u00e9mission devrait avoir lieu au cours du<sup>deuxi\u00e8me<\/sup> ou<sup>troisi\u00e8me<\/sup> trimestre 2022.<\/li>\n<\/ol>\n<p>L<span style=\"text-decoration: line-through;\">&lsquo;<\/span> augmentation des co\u00fbts des mat\u00e9riaux et de l&rsquo;\u00e9nergie rendra le WhisperRing\u00ae de plus en plus int\u00e9ressant ! En outre, apr\u00e8s les petits mod\u00e8les, nous commencerons \u00e0 produire des mod\u00e8les plus grands, ce qui permettra de r\u00e9duire encore le co\u00fbt du kWh produit !<\/p>\n<p><em>[1] Dans les zones venteuses, \u00e0 une hauteur de moyeu de 20 m.<\/em>[\/vc_column_text][\/vc_column][vc_column width=\u00a0\u00bb1\/2&Prime;][vc_single_image source=\u00a0\u00bbfeatured_image\u00a0\u00bb][\/vc_column][\/vc_row][\/vc_section][vc_section disable_element=\u00a0\u00bbyes\u00a0\u00bb el_class=\u00a0\u00bbkievit__cases\u00a0\u00bb][vc_row][vc_column][\/vc_column][\/vc_row][\/vc_section]\n","protected":false},"excerpt":{"rendered":"<p>[vc_section el_class=\u00a0\u00bbaandagt__padding aandagt__small aandagt__resp-fullwidth\u00a0\u00bb][vc_row column_spacing=\u00a0\u00bb60&Prime;][vc_column width=\u00a0\u00bb1\/3&Prime;][vc_column_text text_align=\u00a0\u00bbright\u00a0\u00bb] Participer ? R\u00e9servez votre place ! [\/vc_column_text][\/vc_column][vc_column width=\u00a0\u00bb2\/3&Prime;][vc_column_text]Nous offrons aux agriculteurs, aux coop\u00e9ratives \u00e9nerg\u00e9tiques, aux autres propri\u00e9taires terriens et aux (autres) parties disposant d&rsquo;une bonne connexion dans les r\u00e9gions riches en vent, la&hellip;<\/p>\n","protected":false},"author":10,"featured_media":2412,"parent":0,"menu_order":4,"comment_status":"closed","ping_status":"closed","template":"","meta":{"footnotes":""},"class_list":["post-2887","page","type-page","status-publish","has-post-thumbnail","hentry","entry","has-media"],"yoast_head":"<!-- This site is optimized with the Yoast SEO plugin v26.6 - https:\/\/yoast.com\/wordpress\/plugins\/seo\/ -->\n<title>Participer ? R\u00e9servez votre place ! &#187; WhisperRing &#187; Innovative Wind Energy<\/title>\n<meta name=\"robots\" content=\"index, follow, max-snippet:-1, max-image-preview:large, max-video-preview:-1\" \/>\n<link rel=\"canonical\" href=\"https:\/\/www.whisperring.nl\/fr\/participer-reservez-votre-place\/\" \/>\n<meta property=\"og:locale\" content=\"fr_FR\" \/>\n<meta property=\"og:type\" content=\"article\" \/>\n<meta property=\"og:title\" content=\"Participer ? R\u00e9servez votre place ! &#187; WhisperRing &#187; Innovative Wind Energy\" \/>\n<meta property=\"og:description\" content=\"[vc_section el_class=\u00a0\u00bbaandagt__padding aandagt__small aandagt__resp-fullwidth\u00a0\u00bb][vc_row column_spacing=\u00a0\u00bb60&Prime;][vc_column width=\u00a0\u00bb1\/3&Prime;][vc_column_text text_align=\u00a0\u00bbright\u00a0\u00bb] Participer ? R\u00e9servez votre place ! [\/vc_column_text][\/vc_column][vc_column width=\u00a0\u00bb2\/3&Prime;][vc_column_text]Nous offrons aux agriculteurs, aux coop\u00e9ratives \u00e9nerg\u00e9tiques, aux autres propri\u00e9taires terriens et aux (autres) parties disposant d&rsquo;une bonne connexion dans les r\u00e9gions riches en vent, la&hellip;\" \/>\n<meta property=\"og:url\" content=\"https:\/\/www.whisperring.nl\/fr\/participer-reservez-votre-place\/\" \/>\n<meta property=\"og:site_name\" content=\"WhisperRing\" \/>\n<meta property=\"article:modified_time\" content=\"2023-03-31T14:48:51+00:00\" \/>\n<meta property=\"og:image\" content=\"https:\/\/www.whisperring.nl\/wp-content\/uploads\/2021\/07\/windmolen-ventiring-design.jpg\" \/>\n\t<meta property=\"og:image:width\" content=\"1500\" \/>\n\t<meta property=\"og:image:height\" content=\"1163\" \/>\n\t<meta property=\"og:image:type\" content=\"image\/jpeg\" \/>\n<meta name=\"twitter:card\" content=\"summary_large_image\" \/>\n<meta name=\"twitter:label1\" content=\"Dur\u00e9e de lecture estim\u00e9e\" \/>\n\t<meta name=\"twitter:data1\" content=\"6 minutes\" \/>\n<script type=\"application\/ld+json\" class=\"yoast-schema-graph\">{\"@context\":\"https:\/\/schema.org\",\"@graph\":[{\"@type\":\"WebPage\",\"@id\":\"https:\/\/www.whisperring.nl\/fr\/participer-reservez-votre-place\/\",\"url\":\"https:\/\/www.whisperring.nl\/fr\/participer-reservez-votre-place\/\",\"name\":\"Participer ? R\u00e9servez votre place ! &#187; WhisperRing &#187; Innovative Wind Energy\",\"isPartOf\":{\"@id\":\"https:\/\/www.whisperring.nl\/fr\/#website\"},\"primaryImageOfPage\":{\"@id\":\"https:\/\/www.whisperring.nl\/fr\/participer-reservez-votre-place\/#primaryimage\"},\"image\":{\"@id\":\"https:\/\/www.whisperring.nl\/fr\/participer-reservez-votre-place\/#primaryimage\"},\"thumbnailUrl\":\"https:\/\/www.whisperring.nl\/wp-content\/uploads\/2021\/07\/windmolen-ventiring-design.jpg\",\"datePublished\":\"2020-12-01T09:24:08+00:00\",\"dateModified\":\"2023-03-31T14:48:51+00:00\",\"breadcrumb\":{\"@id\":\"https:\/\/www.whisperring.nl\/fr\/participer-reservez-votre-place\/#breadcrumb\"},\"inLanguage\":\"fr-FR\",\"potentialAction\":[{\"@type\":\"ReadAction\",\"target\":[\"https:\/\/www.whisperring.nl\/fr\/participer-reservez-votre-place\/\"]}]},{\"@type\":\"ImageObject\",\"inLanguage\":\"fr-FR\",\"@id\":\"https:\/\/www.whisperring.nl\/fr\/participer-reservez-votre-place\/#primaryimage\",\"url\":\"https:\/\/www.whisperring.nl\/wp-content\/uploads\/2021\/07\/windmolen-ventiring-design.jpg\",\"contentUrl\":\"https:\/\/www.whisperring.nl\/wp-content\/uploads\/2021\/07\/windmolen-ventiring-design.jpg\",\"width\":1500,\"height\":1163},{\"@type\":\"BreadcrumbList\",\"@id\":\"https:\/\/www.whisperring.nl\/fr\/participer-reservez-votre-place\/#breadcrumb\",\"itemListElement\":[{\"@type\":\"ListItem\",\"position\":1,\"name\":\"Home\",\"item\":\"https:\/\/www.whisperring.nl\/fr\/accueil\/\"},{\"@type\":\"ListItem\",\"position\":2,\"name\":\"Participer ? R\u00e9servez votre place !\"}]},{\"@type\":\"WebSite\",\"@id\":\"https:\/\/www.whisperring.nl\/fr\/#website\",\"url\":\"https:\/\/www.whisperring.nl\/fr\/\",\"name\":\"WhisperRing\",\"description\":\"Innovative Wind Energy\",\"publisher\":{\"@id\":\"https:\/\/www.whisperring.nl\/fr\/#organization\"},\"potentialAction\":[{\"@type\":\"SearchAction\",\"target\":{\"@type\":\"EntryPoint\",\"urlTemplate\":\"https:\/\/www.whisperring.nl\/fr\/?s={search_term_string}\"},\"query-input\":{\"@type\":\"PropertyValueSpecification\",\"valueRequired\":true,\"valueName\":\"search_term_string\"}}],\"inLanguage\":\"fr-FR\"},{\"@type\":\"Organization\",\"@id\":\"https:\/\/www.whisperring.nl\/fr\/#organization\",\"name\":\"WhisperRing\",\"url\":\"https:\/\/www.whisperring.nl\/fr\/\",\"logo\":{\"@type\":\"ImageObject\",\"inLanguage\":\"fr-FR\",\"@id\":\"https:\/\/www.whisperring.nl\/fr\/#\/schema\/logo\/image\/\",\"url\":\"https:\/\/www.whisperring.nl\/wp-content\/uploads\/2021\/08\/whisperring-logo.svg\",\"contentUrl\":\"https:\/\/www.whisperring.nl\/wp-content\/uploads\/2021\/08\/whisperring-logo.svg\",\"width\":1,\"height\":1,\"caption\":\"WhisperRing\"},\"image\":{\"@id\":\"https:\/\/www.whisperring.nl\/fr\/#\/schema\/logo\/image\/\"}}]}<\/script>\n<!-- \/ Yoast SEO plugin. -->","yoast_head_json":{"title":"Participer ? R\u00e9servez votre place ! &#187; WhisperRing &#187; Innovative Wind Energy","robots":{"index":"index","follow":"follow","max-snippet":"max-snippet:-1","max-image-preview":"max-image-preview:large","max-video-preview":"max-video-preview:-1"},"canonical":"https:\/\/www.whisperring.nl\/fr\/participer-reservez-votre-place\/","og_locale":"fr_FR","og_type":"article","og_title":"Participer ? R\u00e9servez votre place ! &#187; WhisperRing &#187; Innovative Wind Energy","og_description":"[vc_section el_class=\u00a0\u00bbaandagt__padding aandagt__small aandagt__resp-fullwidth\u00a0\u00bb][vc_row column_spacing=\u00a0\u00bb60&Prime;][vc_column width=\u00a0\u00bb1\/3&Prime;][vc_column_text text_align=\u00a0\u00bbright\u00a0\u00bb] Participer ? R\u00e9servez votre place ! [\/vc_column_text][\/vc_column][vc_column width=\u00a0\u00bb2\/3&Prime;][vc_column_text]Nous offrons aux agriculteurs, aux coop\u00e9ratives \u00e9nerg\u00e9tiques, aux autres propri\u00e9taires terriens et aux (autres) parties disposant d&rsquo;une bonne connexion dans les r\u00e9gions riches en vent, la&hellip;","og_url":"https:\/\/www.whisperring.nl\/fr\/participer-reservez-votre-place\/","og_site_name":"WhisperRing","article_modified_time":"2023-03-31T14:48:51+00:00","og_image":[{"width":1500,"height":1163,"url":"https:\/\/www.whisperring.nl\/wp-content\/uploads\/2021\/07\/windmolen-ventiring-design.jpg","type":"image\/jpeg"}],"twitter_card":"summary_large_image","twitter_misc":{"Dur\u00e9e de lecture estim\u00e9e":"6 minutes"},"schema":{"@context":"https:\/\/schema.org","@graph":[{"@type":"WebPage","@id":"https:\/\/www.whisperring.nl\/fr\/participer-reservez-votre-place\/","url":"https:\/\/www.whisperring.nl\/fr\/participer-reservez-votre-place\/","name":"Participer ? R\u00e9servez votre place ! &#187; WhisperRing &#187; Innovative Wind Energy","isPartOf":{"@id":"https:\/\/www.whisperring.nl\/fr\/#website"},"primaryImageOfPage":{"@id":"https:\/\/www.whisperring.nl\/fr\/participer-reservez-votre-place\/#primaryimage"},"image":{"@id":"https:\/\/www.whisperring.nl\/fr\/participer-reservez-votre-place\/#primaryimage"},"thumbnailUrl":"https:\/\/www.whisperring.nl\/wp-content\/uploads\/2021\/07\/windmolen-ventiring-design.jpg","datePublished":"2020-12-01T09:24:08+00:00","dateModified":"2023-03-31T14:48:51+00:00","breadcrumb":{"@id":"https:\/\/www.whisperring.nl\/fr\/participer-reservez-votre-place\/#breadcrumb"},"inLanguage":"fr-FR","potentialAction":[{"@type":"ReadAction","target":["https:\/\/www.whisperring.nl\/fr\/participer-reservez-votre-place\/"]}]},{"@type":"ImageObject","inLanguage":"fr-FR","@id":"https:\/\/www.whisperring.nl\/fr\/participer-reservez-votre-place\/#primaryimage","url":"https:\/\/www.whisperring.nl\/wp-content\/uploads\/2021\/07\/windmolen-ventiring-design.jpg","contentUrl":"https:\/\/www.whisperring.nl\/wp-content\/uploads\/2021\/07\/windmolen-ventiring-design.jpg","width":1500,"height":1163},{"@type":"BreadcrumbList","@id":"https:\/\/www.whisperring.nl\/fr\/participer-reservez-votre-place\/#breadcrumb","itemListElement":[{"@type":"ListItem","position":1,"name":"Home","item":"https:\/\/www.whisperring.nl\/fr\/accueil\/"},{"@type":"ListItem","position":2,"name":"Participer ? R\u00e9servez votre place !"}]},{"@type":"WebSite","@id":"https:\/\/www.whisperring.nl\/fr\/#website","url":"https:\/\/www.whisperring.nl\/fr\/","name":"WhisperRing","description":"Innovative Wind Energy","publisher":{"@id":"https:\/\/www.whisperring.nl\/fr\/#organization"},"potentialAction":[{"@type":"SearchAction","target":{"@type":"EntryPoint","urlTemplate":"https:\/\/www.whisperring.nl\/fr\/?s={search_term_string}"},"query-input":{"@type":"PropertyValueSpecification","valueRequired":true,"valueName":"search_term_string"}}],"inLanguage":"fr-FR"},{"@type":"Organization","@id":"https:\/\/www.whisperring.nl\/fr\/#organization","name":"WhisperRing","url":"https:\/\/www.whisperring.nl\/fr\/","logo":{"@type":"ImageObject","inLanguage":"fr-FR","@id":"https:\/\/www.whisperring.nl\/fr\/#\/schema\/logo\/image\/","url":"https:\/\/www.whisperring.nl\/wp-content\/uploads\/2021\/08\/whisperring-logo.svg","contentUrl":"https:\/\/www.whisperring.nl\/wp-content\/uploads\/2021\/08\/whisperring-logo.svg","width":1,"height":1,"caption":"WhisperRing"},"image":{"@id":"https:\/\/www.whisperring.nl\/fr\/#\/schema\/logo\/image\/"}}]}},"_links":{"self":[{"href":"https:\/\/www.whisperring.nl\/fr\/wp-json\/wp\/v2\/pages\/2887","targetHints":{"allow":["GET"]}}],"collection":[{"href":"https:\/\/www.whisperring.nl\/fr\/wp-json\/wp\/v2\/pages"}],"about":[{"href":"https:\/\/www.whisperring.nl\/fr\/wp-json\/wp\/v2\/types\/page"}],"author":[{"embeddable":true,"href":"https:\/\/www.whisperring.nl\/fr\/wp-json\/wp\/v2\/users\/10"}],"replies":[{"embeddable":true,"href":"https:\/\/www.whisperring.nl\/fr\/wp-json\/wp\/v2\/comments?post=2887"}],"version-history":[{"count":1,"href":"https:\/\/www.whisperring.nl\/fr\/wp-json\/wp\/v2\/pages\/2887\/revisions"}],"predecessor-version":[{"id":2899,"href":"https:\/\/www.whisperring.nl\/fr\/wp-json\/wp\/v2\/pages\/2887\/revisions\/2899"}],"wp:featuredmedia":[{"embeddable":true,"href":"https:\/\/www.whisperring.nl\/fr\/wp-json\/wp\/v2\/media\/2412"}],"wp:attachment":[{"href":"https:\/\/www.whisperring.nl\/fr\/wp-json\/wp\/v2\/media?parent=2887"}],"curies":[{"name":"wp","href":"https:\/\/api.w.org\/{rel}","templated":true}]}}