{"id":2926,"date":"2020-12-01T09:24:08","date_gmt":"2020-12-01T09:24:08","guid":{"rendered":"https:\/\/www.whisperring.nl\/partecipare-prenotate\/"},"modified":"2023-03-31T14:48:51","modified_gmt":"2023-03-31T14:48:51","slug":"partecipare-prenotate","status":"publish","type":"page","link":"https:\/\/www.whisperring.nl\/it\/partecipare-prenotate\/","title":{"rendered":"Partecipare? Prenotate!"},"content":{"rendered":"[vc_section el_class=&#8221;aandagt__padding aandagt__small aandagt__resp-fullwidth&#8221;][vc_row column_spacing=&#8221;60&#8243;][vc_column width=&#8221;1\/3&#8243;][vc_column_text text_align=&#8221;right&#8221;]\n<h1><strong>Partecipare? Prenotate!<\/strong><\/h1>\n[\/vc_column_text][\/vc_column][vc_column width=&#8221;2\/3&#8243;][vc_column_text]Agli agricoltori, alle cooperative energetiche, ai proprietari terrieri e a chi ha un buon collegamento con le aree ricche di vento, offriamo l&#8217;opportunit\u00e0 di prenotare subito una turbina. Questo vi aiuter\u00e0 a porre fine all&#8217;aumento costante delle bollette energetiche in futuro! Oppure si pu\u00f2 optare per un canone fisso, in cui si pagano 1.200 euro all&#8217;anno di tasse fondiarie a partire dall&#8217;entrata in funzione della turbina.<\/p>\n<p>Per questa prenotazione non pagate nulla, ma ci date il diritto di collocare una turbina sul vostro terreno e di fornire l&#8217;energia generata alla rete. Con l&#8217;attuale costante aumento dei prezzi dell&#8217;energia, potrebbe essere pi\u00f9 interessante acquistare la turbina da soli. Potete farlo anche voi! Lo schema prevede l&#8217;acquisizione della turbina a prezzi di costo predeterminati.<\/p>\n<p>Una prenotazione non costa nulla e porta solo vantaggi. Allo stesso tempo, questo offre uno sbocco garantito ai nostri investitori dopo il completamento dello sviluppo.<\/p>\n<p>Insieme, acceleriamo la transizione energetica e la rendiamo pi\u00f9 rispettosa delle persone e degli animali!<\/p>\n<p>Compilate oggi stesso il contratto di prenotazione del terreno!<\/p>\n<p>Se avete domande&#8230;.[\/vc_column_text]<a href=\"https:\/\/www.whisperring.nl\/contact\/\" class=\"vcex-button theme-button outline inline\" style=\"background:#ffffff;padding-right:0px;padding-left:0px;color:#dd9933;border-radius:0;margin-top:40px;border-color:#dd9933;\" data-wpex-hover='{&quot;background&quot;:&quot;#ffffff&quot;,&quot;color&quot;:&quot;#dd7600&quot;}'><span class=\"theme-button-inner\">Contattate<span class=\"vcex-icon-wrap theme-button-icon-right\"><span class=\"ticon ticon-angle-double-right\" aria-hidden=\"true\"><\/span><\/span><\/span><\/a> [\/vc_column][\/vc_row][\/vc_section][vc_section full_width=&#8221;stretch_row&#8221; css=&#8221;.vc_custom_1638880338989{background-color: #ffffff !important;}&#8221;][vc_row][vc_column][vc_empty_space][\/vc_column][\/vc_row][vc_row full_width=&#8221;stretch_row&#8221; column_spacing=&#8221;60&#8243; css=&#8221;.vc_custom_1638880371522{background-color: #f3f5f7 !important;}&#8221;][vc_column width=&#8221;1\/2&#8243;][vc_column_text]\n<h2>Progetti<\/h2>\n<p>Vediamo opportunit\u00e0 per diversi tipi di progetti pi\u00f9 o meno grandi, come turbine individuali presso agricoltori, uffici o altre propriet\u00e0 commerciali. Insieme alle cooperative energetiche, vogliamo realizzare parchi eolici su piccola scala di alcune decine di turbine, come alternativa alle turbine di grandi dimensioni (molto) alte.<\/p>\n<p>Le posizioni adatte sono, ad esempio, sul lato nord dei parchi solari, dove utilizziamo lo stesso collegamento e possiamo integrare il profilo di generazione &#8220;solare&#8221; con quello eolico. In questo modo, \u00e8 possibile ottenere una maggiore produzione di energia e un maggiore equilibrio della rete con la stessa infrastruttura di rete.<\/p>\n<p>La possibilit\u00e0 di influenzare direttamente l&#8217;energia generata presso un&#8217;utenza, come un&#8217;azienda agricola o un edificio industriale, \u00e8 anche vantaggiosa per l&#8217;azienda e socialmente rilevante, in quanto evita la congestione del traffico.<\/p>\n<p>Non sarebbe fantastico se potessimo posizionare le turbine WhisperRing\u00ae lungo le autostrade delle province ventose dei Paesi Bassi? Allora possiamo rendere sostenibile decine di punti percentuali del fabbisogno energetico totale dei Paesi Bassi![\/vc_column_text][\/vc_column][vc_column width=&#8221;1\/2&#8243;][vc_single_image source=&#8221;featured_image&#8221;][\/vc_column][\/vc_row][vc_row column_spacing=&#8221;60&#8243; columns_right=&#8221;yes&#8221;][vc_column width=&#8221;1\/2&#8243;][vc_column_text]\n<h2>Modello di guadagno<\/h2>\n<p>La turbina WhisperRing\u00ae generer\u00e0 tra i 50MWh e gli 80MWh all&#8217;anno nei Paesi Bassi<a href=\"#_ftn1\" name=\"_ftnref1\">[1]<\/a>. Soprattutto nelle zone pi\u00f9 ventose delle province costiere, nel Flevopolder e in gran parte di Groninga e Frisia, la turbina pu\u00f2 produrre molto. A questo proposito sono importanti l&#8217;area edificata circostante e l&#8217;altezza massima consentita degli assi.<\/p>\n<p>Per i progetti su piccola scala con una o poche turbine, possiamo offrire una delle seguenti opzioni:<\/p>\n<ol>\n<li>WhisperRing\u00ae affitta il sito per erigere una turbina (circa 10M2 per turbina). Whispering paga al proprietario del terreno o del tetto 1.200 euro all&#8217;anno per questo inserimento. WhisperRing\u00ae richiede sovvenzioni per la turbina e vende l&#8217;energia stessa.<\/li>\n<li>Il proprietario del terreno o del tetto acquister\u00e0 la turbina al momento dell&#8217;installazione al prezzo da concordare con lui fin da ora. Il proprietario del terreno o del tetto genera elettricit\u00e0 per il proprio consumo, risparmiando il prezzo prevalente dell&#8217;elettricit\u00e0 e, nella misura in cui pu\u00f2 compensare, anche l&#8217;imposta sull&#8217;energia.<\/li>\n<\/ol>\n<p>&nbsp;<\/p>\n<p>Saremo lieti di calcolare il business case per voi![\/vc_column_text]<a href=\"https:\/\/www.whisperring.nl\/contact\/\" class=\"vcex-button theme-button outline inline\" style=\"background:#ffffff;padding-right:0px;padding-left:0px;color:#dd9933;border-radius:0;margin-top:40px;border-color:#dd9933;\" data-wpex-hover='{&quot;background&quot;:&quot;#ffffff&quot;,&quot;color&quot;:&quot;#dd7600&quot;}'><span class=\"theme-button-inner\">Richiesta di informazioni<span class=\"vcex-icon-wrap theme-button-icon-right\"><span class=\"ticon ticon-angle-double-right\" aria-hidden=\"true\"><\/span><\/span><\/span><\/a> [\/vc_column][vc_column width=&#8221;1\/2&#8243;][vc_single_image source=&#8221;featured_image&#8221;][\/vc_column][\/vc_row][vc_row full_width=&#8221;stretch_row&#8221; column_spacing=&#8221;60&#8243; css=&#8221;.vc_custom_1638880377880{background-color: #f3f5f7 !important;}&#8221;][vc_column width=&#8221;1\/2&#8243;][vc_column_text]\n<h2>Investire in WhisperRing<\/h2>\n<p>Prevede anche che i costi dell&#8217;energia aumenteranno, che dovremo investire nella generazione rinnovabile e che le materie prime diventeranno sempre pi\u00f9 scarse? Allora investire in WhisperRing\u00ae potrebbe essere un&#8217;opzione interessante per voi!<\/p>\n<p>Se desiderate investire nella societ\u00e0 WhisperRing\u00ae, potete farlo nei seguenti modi, a seconda dell&#8217;entit\u00e0 del vostro investimento:<\/p>\n<ol>\n<li>Per gli investitori pi\u00f9 piccoli e le cooperative energetiche, c&#8217;\u00e8 la possibilit\u00e0 di acquistare i certificati dalla Wervelwind Foundation. Se c&#8217;\u00e8 un interesse sufficiente, la Fondazione studier\u00e0 le condizioni per farlo con l&#8217;AFM, oppure lascer\u00e0 l&#8217;organizzazione di questo progetto a una piattaforma di crowdfunding.<\/li>\n<li>Per gli investitori pi\u00f9 grandi, c&#8217;\u00e8 l&#8217;opportunit\u00e0 di partecipare a un&#8217;emissione pi\u00f9 ampia organizzata all&#8217;interno dell&#8217;azienda, raccogliendo un capitale sufficiente per finanziare l&#8217;ingegneria di dettaglio e la prototipazione. Tale emissione \u00e8 prevista per il<sup>2\u00b0<\/sup> o<sup>3\u00b0<\/sup> trimestre del 2022.<\/li>\n<\/ol>\n<p>L&#8217;aumento dei costi dei materiali e dell&#8217;energia <span style=\"text-decoration: line-through;\">render\u00e0<\/span> sempre pi\u00f9 interessante il business case di WhisperRing\u00ae! Inoltre, dopo i modelli pi\u00f9 piccoli, inizieremo a produrre anche modelli pi\u00f9 grandi, riducendo ulteriormente il costo del kWh prodotto!<\/p>\n<p><em>[1] In aree ventose, a un&#8217;altezza del mozzo di 20 metri.<\/em>[\/vc_column_text][\/vc_column][vc_column width=&#8221;1\/2&#8243;][vc_single_image source=&#8221;featured_image&#8221;][\/vc_column][\/vc_row][\/vc_section][vc_section disable_element=&#8221;yes&#8221; el_class=&#8221;kievit__cases&#8221;][vc_row][vc_column][\/vc_column][\/vc_row][\/vc_section]\n","protected":false},"excerpt":{"rendered":"<p>[vc_section el_class=&#8221;aandagt__padding aandagt__small aandagt__resp-fullwidth&#8221;][vc_row column_spacing=&#8221;60&#8243;][vc_column width=&#8221;1\/3&#8243;][vc_column_text text_align=&#8221;right&#8221;] Partecipare? Prenotate! [\/vc_column_text][\/vc_column][vc_column width=&#8221;2\/3&#8243;][vc_column_text]Agli agricoltori, alle cooperative energetiche, ai proprietari terrieri e a chi ha un buon collegamento con le aree ricche di vento, offriamo l&#8217;opportunit\u00e0 di prenotare subito una turbina. Questo vi&hellip;<\/p>\n","protected":false},"author":10,"featured_media":2414,"parent":0,"menu_order":4,"comment_status":"closed","ping_status":"closed","template":"","meta":{"footnotes":""},"class_list":["post-2926","page","type-page","status-publish","has-post-thumbnail","hentry","entry","has-media"],"yoast_head":"<!-- This site is optimized with the Yoast SEO plugin v26.6 - https:\/\/yoast.com\/wordpress\/plugins\/seo\/ -->\n<title>Partecipare? Prenotate! &#187; WhisperRing &#187; Innovative Wind Energy<\/title>\n<meta name=\"robots\" content=\"index, follow, max-snippet:-1, max-image-preview:large, max-video-preview:-1\" \/>\n<link rel=\"canonical\" href=\"https:\/\/www.whisperring.nl\/it\/partecipare-prenotate\/\" \/>\n<meta property=\"og:locale\" content=\"it_IT\" \/>\n<meta property=\"og:type\" content=\"article\" \/>\n<meta property=\"og:title\" content=\"Partecipare? Prenotate! &#187; WhisperRing &#187; Innovative Wind Energy\" \/>\n<meta property=\"og:description\" content=\"[vc_section el_class=&#8221;aandagt__padding aandagt__small aandagt__resp-fullwidth&#8221;][vc_row column_spacing=&#8221;60&#8243;][vc_column width=&#8221;1\/3&#8243;][vc_column_text text_align=&#8221;right&#8221;] Partecipare? Prenotate! [\/vc_column_text][\/vc_column][vc_column width=&#8221;2\/3&#8243;][vc_column_text]Agli agricoltori, alle cooperative energetiche, ai proprietari terrieri e a chi ha un buon collegamento con le aree ricche di vento, offriamo l&#8217;opportunit\u00e0 di prenotare subito una turbina. Questo vi&hellip;\" \/>\n<meta property=\"og:url\" content=\"https:\/\/www.whisperring.nl\/it\/partecipare-prenotate\/\" \/>\n<meta property=\"og:site_name\" content=\"WhisperRing\" \/>\n<meta property=\"article:modified_time\" content=\"2023-03-31T14:48:51+00:00\" \/>\n<meta property=\"og:image\" content=\"https:\/\/www.whisperring.nl\/wp-content\/uploads\/2021\/07\/windmolen-ventiring-design.jpg\" \/>\n\t<meta property=\"og:image:width\" content=\"1500\" \/>\n\t<meta property=\"og:image:height\" content=\"1163\" \/>\n\t<meta property=\"og:image:type\" content=\"image\/jpeg\" \/>\n<meta name=\"twitter:card\" content=\"summary_large_image\" \/>\n<meta name=\"twitter:label1\" content=\"Tempo di lettura stimato\" \/>\n\t<meta name=\"twitter:data1\" content=\"5 minuti\" \/>\n<script type=\"application\/ld+json\" class=\"yoast-schema-graph\">{\"@context\":\"https:\/\/schema.org\",\"@graph\":[{\"@type\":\"WebPage\",\"@id\":\"https:\/\/www.whisperring.nl\/it\/partecipare-prenotate\/\",\"url\":\"https:\/\/www.whisperring.nl\/it\/partecipare-prenotate\/\",\"name\":\"Partecipare? Prenotate! &#187; WhisperRing &#187; Innovative Wind Energy\",\"isPartOf\":{\"@id\":\"https:\/\/www.whisperring.nl\/it\/#website\"},\"primaryImageOfPage\":{\"@id\":\"https:\/\/www.whisperring.nl\/it\/partecipare-prenotate\/#primaryimage\"},\"image\":{\"@id\":\"https:\/\/www.whisperring.nl\/it\/partecipare-prenotate\/#primaryimage\"},\"thumbnailUrl\":\"https:\/\/www.whisperring.nl\/wp-content\/uploads\/2021\/07\/windmolen-ventiring-design.jpg\",\"datePublished\":\"2020-12-01T09:24:08+00:00\",\"dateModified\":\"2023-03-31T14:48:51+00:00\",\"breadcrumb\":{\"@id\":\"https:\/\/www.whisperring.nl\/it\/partecipare-prenotate\/#breadcrumb\"},\"inLanguage\":\"it-IT\",\"potentialAction\":[{\"@type\":\"ReadAction\",\"target\":[\"https:\/\/www.whisperring.nl\/it\/partecipare-prenotate\/\"]}]},{\"@type\":\"ImageObject\",\"inLanguage\":\"it-IT\",\"@id\":\"https:\/\/www.whisperring.nl\/it\/partecipare-prenotate\/#primaryimage\",\"url\":\"https:\/\/www.whisperring.nl\/wp-content\/uploads\/2021\/07\/windmolen-ventiring-design.jpg\",\"contentUrl\":\"https:\/\/www.whisperring.nl\/wp-content\/uploads\/2021\/07\/windmolen-ventiring-design.jpg\",\"width\":1500,\"height\":1163},{\"@type\":\"BreadcrumbList\",\"@id\":\"https:\/\/www.whisperring.nl\/it\/partecipare-prenotate\/#breadcrumb\",\"itemListElement\":[{\"@type\":\"ListItem\",\"position\":1,\"name\":\"Home\",\"item\":\"https:\/\/www.whisperring.nl\/it\/casa\/\"},{\"@type\":\"ListItem\",\"position\":2,\"name\":\"Partecipare? Prenotate!\"}]},{\"@type\":\"WebSite\",\"@id\":\"https:\/\/www.whisperring.nl\/it\/#website\",\"url\":\"https:\/\/www.whisperring.nl\/it\/\",\"name\":\"WhisperRing\",\"description\":\"Innovative Wind Energy\",\"publisher\":{\"@id\":\"https:\/\/www.whisperring.nl\/it\/#organization\"},\"potentialAction\":[{\"@type\":\"SearchAction\",\"target\":{\"@type\":\"EntryPoint\",\"urlTemplate\":\"https:\/\/www.whisperring.nl\/it\/?s={search_term_string}\"},\"query-input\":{\"@type\":\"PropertyValueSpecification\",\"valueRequired\":true,\"valueName\":\"search_term_string\"}}],\"inLanguage\":\"it-IT\"},{\"@type\":\"Organization\",\"@id\":\"https:\/\/www.whisperring.nl\/it\/#organization\",\"name\":\"WhisperRing\",\"url\":\"https:\/\/www.whisperring.nl\/it\/\",\"logo\":{\"@type\":\"ImageObject\",\"inLanguage\":\"it-IT\",\"@id\":\"https:\/\/www.whisperring.nl\/it\/#\/schema\/logo\/image\/\",\"url\":\"https:\/\/www.whisperring.nl\/wp-content\/uploads\/2021\/08\/whisperring-logo.svg\",\"contentUrl\":\"https:\/\/www.whisperring.nl\/wp-content\/uploads\/2021\/08\/whisperring-logo.svg\",\"width\":1,\"height\":1,\"caption\":\"WhisperRing\"},\"image\":{\"@id\":\"https:\/\/www.whisperring.nl\/it\/#\/schema\/logo\/image\/\"}}]}<\/script>\n<!-- \/ Yoast SEO plugin. -->","yoast_head_json":{"title":"Partecipare? Prenotate! &#187; WhisperRing &#187; Innovative Wind Energy","robots":{"index":"index","follow":"follow","max-snippet":"max-snippet:-1","max-image-preview":"max-image-preview:large","max-video-preview":"max-video-preview:-1"},"canonical":"https:\/\/www.whisperring.nl\/it\/partecipare-prenotate\/","og_locale":"it_IT","og_type":"article","og_title":"Partecipare? Prenotate! &#187; WhisperRing &#187; Innovative Wind Energy","og_description":"[vc_section el_class=&#8221;aandagt__padding aandagt__small aandagt__resp-fullwidth&#8221;][vc_row column_spacing=&#8221;60&#8243;][vc_column width=&#8221;1\/3&#8243;][vc_column_text text_align=&#8221;right&#8221;] Partecipare? Prenotate! [\/vc_column_text][\/vc_column][vc_column width=&#8221;2\/3&#8243;][vc_column_text]Agli agricoltori, alle cooperative energetiche, ai proprietari terrieri e a chi ha un buon collegamento con le aree ricche di vento, offriamo l&#8217;opportunit\u00e0 di prenotare subito una turbina. Questo vi&hellip;","og_url":"https:\/\/www.whisperring.nl\/it\/partecipare-prenotate\/","og_site_name":"WhisperRing","article_modified_time":"2023-03-31T14:48:51+00:00","og_image":[{"width":1500,"height":1163,"url":"https:\/\/www.whisperring.nl\/wp-content\/uploads\/2021\/07\/windmolen-ventiring-design.jpg","type":"image\/jpeg"}],"twitter_card":"summary_large_image","twitter_misc":{"Tempo di lettura stimato":"5 minuti"},"schema":{"@context":"https:\/\/schema.org","@graph":[{"@type":"WebPage","@id":"https:\/\/www.whisperring.nl\/it\/partecipare-prenotate\/","url":"https:\/\/www.whisperring.nl\/it\/partecipare-prenotate\/","name":"Partecipare? Prenotate! &#187; WhisperRing &#187; Innovative Wind Energy","isPartOf":{"@id":"https:\/\/www.whisperring.nl\/it\/#website"},"primaryImageOfPage":{"@id":"https:\/\/www.whisperring.nl\/it\/partecipare-prenotate\/#primaryimage"},"image":{"@id":"https:\/\/www.whisperring.nl\/it\/partecipare-prenotate\/#primaryimage"},"thumbnailUrl":"https:\/\/www.whisperring.nl\/wp-content\/uploads\/2021\/07\/windmolen-ventiring-design.jpg","datePublished":"2020-12-01T09:24:08+00:00","dateModified":"2023-03-31T14:48:51+00:00","breadcrumb":{"@id":"https:\/\/www.whisperring.nl\/it\/partecipare-prenotate\/#breadcrumb"},"inLanguage":"it-IT","potentialAction":[{"@type":"ReadAction","target":["https:\/\/www.whisperring.nl\/it\/partecipare-prenotate\/"]}]},{"@type":"ImageObject","inLanguage":"it-IT","@id":"https:\/\/www.whisperring.nl\/it\/partecipare-prenotate\/#primaryimage","url":"https:\/\/www.whisperring.nl\/wp-content\/uploads\/2021\/07\/windmolen-ventiring-design.jpg","contentUrl":"https:\/\/www.whisperring.nl\/wp-content\/uploads\/2021\/07\/windmolen-ventiring-design.jpg","width":1500,"height":1163},{"@type":"BreadcrumbList","@id":"https:\/\/www.whisperring.nl\/it\/partecipare-prenotate\/#breadcrumb","itemListElement":[{"@type":"ListItem","position":1,"name":"Home","item":"https:\/\/www.whisperring.nl\/it\/casa\/"},{"@type":"ListItem","position":2,"name":"Partecipare? Prenotate!"}]},{"@type":"WebSite","@id":"https:\/\/www.whisperring.nl\/it\/#website","url":"https:\/\/www.whisperring.nl\/it\/","name":"WhisperRing","description":"Innovative Wind Energy","publisher":{"@id":"https:\/\/www.whisperring.nl\/it\/#organization"},"potentialAction":[{"@type":"SearchAction","target":{"@type":"EntryPoint","urlTemplate":"https:\/\/www.whisperring.nl\/it\/?s={search_term_string}"},"query-input":{"@type":"PropertyValueSpecification","valueRequired":true,"valueName":"search_term_string"}}],"inLanguage":"it-IT"},{"@type":"Organization","@id":"https:\/\/www.whisperring.nl\/it\/#organization","name":"WhisperRing","url":"https:\/\/www.whisperring.nl\/it\/","logo":{"@type":"ImageObject","inLanguage":"it-IT","@id":"https:\/\/www.whisperring.nl\/it\/#\/schema\/logo\/image\/","url":"https:\/\/www.whisperring.nl\/wp-content\/uploads\/2021\/08\/whisperring-logo.svg","contentUrl":"https:\/\/www.whisperring.nl\/wp-content\/uploads\/2021\/08\/whisperring-logo.svg","width":1,"height":1,"caption":"WhisperRing"},"image":{"@id":"https:\/\/www.whisperring.nl\/it\/#\/schema\/logo\/image\/"}}]}},"_links":{"self":[{"href":"https:\/\/www.whisperring.nl\/it\/wp-json\/wp\/v2\/pages\/2926","targetHints":{"allow":["GET"]}}],"collection":[{"href":"https:\/\/www.whisperring.nl\/it\/wp-json\/wp\/v2\/pages"}],"about":[{"href":"https:\/\/www.whisperring.nl\/it\/wp-json\/wp\/v2\/types\/page"}],"author":[{"embeddable":true,"href":"https:\/\/www.whisperring.nl\/it\/wp-json\/wp\/v2\/users\/10"}],"replies":[{"embeddable":true,"href":"https:\/\/www.whisperring.nl\/it\/wp-json\/wp\/v2\/comments?post=2926"}],"version-history":[{"count":1,"href":"https:\/\/www.whisperring.nl\/it\/wp-json\/wp\/v2\/pages\/2926\/revisions"}],"predecessor-version":[{"id":2938,"href":"https:\/\/www.whisperring.nl\/it\/wp-json\/wp\/v2\/pages\/2926\/revisions\/2938"}],"wp:featuredmedia":[{"embeddable":true,"href":"https:\/\/www.whisperring.nl\/it\/wp-json\/wp\/v2\/media\/2414"}],"wp:attachment":[{"href":"https:\/\/www.whisperring.nl\/it\/wp-json\/wp\/v2\/media?parent=2926"}],"curies":[{"name":"wp","href":"https:\/\/api.w.org\/{rel}","templated":true}]}}