{"id":2940,"date":"2020-12-01T09:18:18","date_gmt":"2020-12-01T09:18:18","guid":{"rendered":"https:\/\/www.whisperring.nl\/casa\/"},"modified":"2023-03-31T14:49:13","modified_gmt":"2023-03-31T14:49:13","slug":"casa","status":"publish","type":"page","link":"https:\/\/www.whisperring.nl\/it\/","title":{"rendered":"Casa"},"content":{"rendered":"[vc_section full_width=&#8221;stretch_row&#8221; content_placement=&#8221;top&#8221; wpex_post_thumbnail_bg=&#8221;true&#8221; css=&#8221;.vc_custom_1631797835312{padding-top: 350px !important;background-position: center !important;background-repeat: no-repeat !important;background-size: cover !important;}&#8221; el_class=&#8221;aandagt__padding aandagt__header aandagt__boxed&#8221;][vc_row typography_style=&#8221;white&#8221;][vc_column][vc_column_text responsive_text=&#8221;true&#8221; font_family=&#8221;actor-v10-latin-regular&#8221; line_height=&#8221;140px&#8221; el_id=&#8221;website-titel&#8221;]\n<h1>Turbina eolica WhisperRing<br \/>\nla rivoluzione silenziosa dell&#8217;energia eolica<\/h1>\n[\/vc_column_text]<a id=\"website-subtitel\" href=\"#windmill\" class=\"vcex-button theme-button outline inline website-subtitel local-scroll-link\" style=\"padding-right:0px;padding-left:0px;color:#ffffff;border-radius:0;margin-top:40px;border-color:#ffffff;\" data-wpex-hover='{&quot;color&quot;:&quot;#000000&quot;}'><span class=\"theme-button-inner\">Scoprite la nostra innovativa turbina eolica<span class=\"vcex-icon-wrap theme-button-icon-right\"><span class=\"ticon ticon-angle-double-down\" aria-hidden=\"true\"><\/span><\/span><\/span><\/a> [\/vc_column][\/vc_row][\/vc_section][vc_section el_class=&#8221;aandagt__padding aandagt__small aandagt__resp-fullwidth&#8221; local_scroll_id=&#8221;windmolen&#8221;][vc_row column_spacing=&#8221;60&#8243;][vc_column width=&#8221;1\/3&#8243;][vc_column_text text_align=&#8221;right&#8221;]\n<h2 style=\"text-align: left;\">Pi\u00f9 silenzioso, pi\u00f9 piccolo, pi\u00f9 leggero, pi\u00f9 sostenibile<\/h2>\n[\/vc_column_text][\/vc_column][vc_column width=&#8221;2\/3&#8243;][vc_column_text]Con un brevetto globale su un&#8217;idea relativamente semplice, abbiamo in mano la chiave per un&#8217;economia sostenibile. Promettiamo non solo un&#8217;economia priva di emissioni di carbonio, ma anche costi energetici gi\u00e0 inferiori a quelli dei combustibili fossili, in costante aumento. Il brevetto riguarda una turbina eolica con propriet\u00e0 aerodinamiche superiori.<\/p>\n<p>Stiamo sviluppando una turbina eolica rivoluzionaria di dimensioni e peso inferiori rispetto alle turbine convenzionali di potenza simile. La turbina modulare \u00e8 realizzata con materie prime meno scarse, fa meno rumore e ha una minore impronta di carbonio. Il design WhisperRing\u00ae , brevettato e certificato, potrebbe quindi diventare il nuovo standard del settore.[\/vc_column_text]<a href=\"https:\/\/www.whisperring.nl\/waarom-de-whisperring\/\" class=\"vcex-button theme-button outline inline\" style=\"padding-right:0px;padding-left:0px;border-radius:0;margin-top:40px;margin-right:20px;\" data-wpex-hover='{&quot;color&quot;:&quot;#40180a&quot;}'><span class=\"theme-button-inner\">Perch\u00e9 WhisperRing<span class=\"vcex-icon-wrap theme-button-icon-right\"><span class=\"ticon ticon-angle-double-right\" aria-hidden=\"true\"><\/span><\/span><\/span><\/a> <a href=\"https:\/\/www.whisperring.nl\/contact\/\" class=\"vcex-button theme-button outline inline\" style=\"padding-right:0px;padding-left:0px;color:#dd9933;border-radius:0;margin-top:40px;border-color:#dd9933;\" data-wpex-hover='{&quot;color&quot;:&quot;#dd7600&quot;}'><span class=\"theme-button-inner\">Richiesta di informazioni<span class=\"vcex-icon-wrap theme-button-icon-right\"><span class=\"ticon ticon-angle-double-right\" aria-hidden=\"true\"><\/span><\/span><\/span><\/a> [\/vc_column][\/vc_row][\/vc_section][vc_section full_width=&#8221;stretch_row&#8221; css=&#8221;.vc_custom_1631797879665{background-color: #ebf1f0 !important;background-position: center !important;background-repeat: no-repeat !important;background-size: cover !important;}&#8221; el_class=&#8221;aandagt__padding aandagt__small aandagt__resp-fullwidth&#8221;][vc_row column_spacing=&#8221;60&#8243; equal_height=&#8221;yes&#8221;][vc_column width=&#8221;1\/2&#8243;][vc_column_text]\n<h2>WhisperRing\u00ae: la turbina eolica reinventata<\/h2>\n<p>Il nostro brevetto riguarda la sostituzione dell&#8217;attuale albero fisso con un anello cavo di forma aerodinamica, in cui un gran numero di moduli generatori pu\u00f2 muoversi l&#8217;uno accanto all&#8217;altro a velocit\u00e0 ideale. La forma dell&#8217;anello spinge inoltre il flusso d&#8217;aria in entrata verso le pale, evitando turbolenze dirompenti. Il risultato \u00e8 un rendimento energetico molto pi\u00f9 elevato. Grazie a questo design, la velocit\u00e0 di rotazione delle pale pu\u00f2 essere ridotta e la turbina \u00e8 molto pi\u00f9 silenziosa.<\/p>\n<p>Grazie al design modulare del generatore, \u00e8 anche possibile attivare o disattivare l&#8217;alimentazione (e la resistenza). Ci\u00f2 consente alla turbina di funzionare in modo ottimale in condizioni diverse.<\/p>\n<p>La struttura ad anello elimina la necessit\u00e0 di un riduttore soggetto a manutenzione. La turbina pu\u00f2 anche essere regolata via software, ad esempio in base alla capacit\u00e0 di connessione.<\/p>\n<p>Il progetto della turbina \u00e8 in gran parte completo, convalidato e brevettato. Il passo successivo \u00e8 quello di completare l&#8217;ingegnerizzazione dei dettagli, per poi testarli e metterli in produzione.[\/vc_column_text]<a href=\"https:\/\/www.whisperring.nl\/waarom-de-whisperring\/technologie\/\" class=\"vcex-button theme-button outline inline\" style=\"padding-right:0px;padding-left:0px;border-radius:0;margin-top:40px;margin-right:20px;\" data-wpex-hover='{&quot;color&quot;:&quot;#000000&quot;}'><span class=\"theme-button-inner\">Tecnologia<span class=\"vcex-icon-wrap theme-button-icon-right\"><span class=\"ticon ticon-angle-double-right\" aria-hidden=\"true\"><\/span><\/span><\/span><\/a> <a href=\"https:\/\/www.whisperring.nl\/contact\/\" class=\"vcex-button theme-button outline inline\" style=\"padding-right:0px;padding-left:0px;color:#dd9933;border-radius:0;margin-top:40px;border-color:#dd9933;\" data-wpex-hover='{&quot;color&quot;:&quot;#dd7600&quot;}'><span class=\"theme-button-inner\">Richiesta di informazioni<span class=\"vcex-icon-wrap theme-button-icon-right\"><span class=\"ticon ticon-angle-double-right\" aria-hidden=\"true\"><\/span><\/span><\/span><\/a> [\/vc_column][vc_column width=&#8221;1\/2&#8243; el_class=&#8221;aandagt__offset__top aandagt__overflow aandagt__right&#8221;][vc_single_image image=&#8221;1837&#8243; img_size=&#8221;1500&#215;950&#8243;][\/vc_column][\/vc_row][\/vc_section][vc_section full_width=&#8221;stretch_row&#8221; el_class=&#8221;aandagt__padding aandagt__small aandagt__resp-fullwidth&#8221;][vc_row content_placement=&#8221;middle&#8221; column_spacing=&#8221;60&#8243; columns_right=&#8221;yes&#8221;][vc_column width=&#8221;1\/2&#8243;][vc_column_text]\n<h2>I vantaggi convincenti di WhisperRing<\/h2>\n<p>Il design unico del WhisperRing\u00ae offre diversi vantaggi importanti rispetto alle turbine classiche di pari altezza e diametro;<\/p>\n<ul>\n<li>Elevata produzione annua di energia: pi\u00f9 delle turbine eoliche convenzionali<\/li>\n<li>Peso ridotto: 80% in meno rispetto alle turbine convenzionali<\/li>\n<li>Basso livello di rumorosit\u00e0: una frazione delle turbine convenzionali<\/li>\n<li>Bassa sensibilit\u00e0 alla posizione: adatto a varie condizioni di vento e a diverse localit\u00e0<\/li>\n<li>Certificato da UL per una durata di vita di 30 anni (vedi: <a href=\"https:\/\/aws-dewi.ul.com\/\">https:\/\/aws-dewi.ul.com\/)<\/a><\/li>\n<li>Praticamente tutte le parti di questa turbina sono riutilizzabili<\/li>\n<\/ul>\n<p>&nbsp;<\/p>\n<p>In breve, otterrete pi\u00f9 kWh per il vostro investimento e meno disagi per voi e per l&#8217;ambiente circostante![\/vc_column_text]<a href=\"https:\/\/www.whisperring.nl\/waarom-de-whisperring\/verdienmodel\/\" class=\"vcex-button theme-button outline inline\" style=\"padding-right:0px;padding-left:0px;border-radius:0;margin-top:40px;margin-right:20px;\" data-wpex-hover='{&quot;color&quot;:&quot;#000000&quot;}'><span class=\"theme-button-inner\">Modello di guadagno<span class=\"vcex-icon-wrap theme-button-icon-right\"><span class=\"ticon ticon-angle-double-right\" aria-hidden=\"true\"><\/span><\/span><\/span><\/a> <a href=\"https:\/\/www.whisperring.nl\/contact\/\" class=\"vcex-button theme-button outline inline\" style=\"padding-right:0px;padding-left:0px;color:#dd9933;border-radius:0;margin-top:40px;border-color:#dd9933;\" data-wpex-hover='{&quot;color&quot;:&quot;#dd7600&quot;}'><span class=\"theme-button-inner\">Richiesta di informazioni<span class=\"vcex-icon-wrap theme-button-icon-right\"><span class=\"ticon ticon-angle-double-right\" aria-hidden=\"true\"><\/span><\/span><\/span><\/a> [\/vc_column][vc_column width=&#8221;1\/2&#8243; el_class=&#8221;aandagt__offset__top aandagt__overflow aandagt__left&#8221;][vc_single_image image=&#8221;1532&#8243; img_size=&#8221;1500&#215;950&#8243;][\/vc_column][\/vc_row][\/vc_section][vc_section full_width=&#8221;stretch_row&#8221; el_class=&#8221;aandagt__padding aandagt__small aandagt__resp-fullwidth&#8221; css=&#8221;.vc_custom_1631797920576{background-color: #ebf1f0 !important;}&#8221;][vc_row column_spacing=&#8221;60&#8243; equal_height=&#8221;yes&#8221;][vc_column width=&#8221;1\/2&#8243;][vc_column_text]\n<h2>La rivoluzionaria turbina WhisperRing<\/h2>\n<p>Grazie al design ad anello brevettato e alla potenza commutabile, si ottengono numerosi vantaggi che possono essere integrati nei processi di produzione, installazione e manutenzione standard. La standardizzazione rende efficienti. Il WhisperRing\u00ae supera le turbine tradizionali per i seguenti aspetti;<\/p>\n<ul>\n<li>Manutenzione minima<\/li>\n<li>Redditizio senza sovvenzioni<\/li>\n<li>Elevata resa annuale<\/li>\n<li>Pale del rotore pi\u00f9 corte<\/li>\n<li>Generatore modulare a trazione diretta<\/li>\n<li>Il cambio sensibile all&#8217;usura non \u00e8 pi\u00f9 necessario<\/li>\n<li>Cuscinetti intelligenti a basso attrito<\/li>\n<li>Ultraleggero e resistente grazie ai polimeri rinforzati con fibre di carbonio (CFRP)<\/li>\n<li>Rispettoso dell&#8217;uomo e degli animali grazie alla bassa velocit\u00e0 di rotazione e al basso livello di rumorosit\u00e0<\/li>\n<li>Dopo 30 anni, i materiali sono facilmente riciclabili<\/li>\n<\/ul>\n[\/vc_column_text]<a href=\"https:\/\/www.whisperring.nl\/waarom-de-whisperring\/ontwerp\/\" class=\"vcex-button theme-button outline inline\" style=\"padding-right:0px;padding-left:0px;border-radius:0;margin-top:40px;margin-right:20px;\" data-wpex-hover='{&quot;color&quot;:&quot;#000000&quot;}'><span class=\"theme-button-inner\">Design<span class=\"vcex-icon-wrap theme-button-icon-right\"><span class=\"ticon ticon-angle-double-right\" aria-hidden=\"true\"><\/span><\/span><\/span><\/a> <a href=\"https:\/\/www.whisperring.nl\/waarom-de-whisperring\/prestaties\/\" class=\"vcex-button theme-button outline inline\" style=\"padding-right:0px;padding-left:0px;border-radius:0;margin-top:40px;margin-right:20px;\" data-wpex-hover='{&quot;color&quot;:&quot;#000000&quot;}'><span class=\"theme-button-inner\">Prestazioni<span class=\"vcex-icon-wrap theme-button-icon-right\"><span class=\"ticon ticon-angle-double-right\" aria-hidden=\"true\"><\/span><\/span><\/span><\/a> [\/vc_column][vc_column width=&#8221;1\/2&#8243; el_class=&#8221;aandagt__offset__top aandagt__overflow aandagt__right&#8221;][vc_single_image image=&#8221;1561&#8243; img_size=&#8221;1500&#215;950&#8243;][\/vc_column][\/vc_row][\/vc_section][vc_section full_width=&#8221;stretch_row&#8221; el_class=&#8221;aandagt__padding aandagt__large aandagt__videos&#8221;][vc_row][vc_column][vc_column_text]\n<h2><strong>Scegliete WhisperRing\u00ae!<\/strong><\/h2>\n<h4>Video<\/h4>\n[\/vc_column_text][\/vc_column][\/vc_row][vc_row column_spacing=&#8221;5&#8243;][vc_column width=&#8221;1\/6&#8243;][\/vc_column][vc_column width=&#8221;2\/3&#8243;][vc_video link=&#8221;https:\/\/vimeo.com\/651967631&#8243;]<a href=\"https:\/\/www.whisperring.nl\/contact\/\" class=\"vcex-button theme-button outline inline\" style=\"padding-right:0px;padding-left:0px;color:#dd9933;border-radius:0;margin-top:40px;border-color:#dd9933;\" data-wpex-hover='{&quot;color&quot;:&quot;#dd7600&quot;}'><span class=\"theme-button-inner\">Richiesta di informazioni<span class=\"vcex-icon-wrap theme-button-icon-right\"><span class=\"ticon ticon-angle-double-right\" aria-hidden=\"true\"><\/span><\/span><\/span><\/a> [\/vc_column][vc_column width=&#8221;1\/6&#8243;][\/vc_column][\/vc_row][\/vc_section]\n","protected":false},"excerpt":{"rendered":"<p>[vc_section full_width=&#8221;stretch_row&#8221; content_placement=&#8221;top&#8221; wpex_post_thumbnail_bg=&#8221;true&#8221; css=&#8221;.vc_custom_1631797835312{padding-top: 350px !important;background-position: center !important;background-repeat: no-repeat !important;background-size: cover !important;}&#8221; el_class=&#8221;aandagt__padding aandagt__header aandagt__boxed&#8221;][vc_row typography_style=&#8221;white&#8221;][vc_column][vc_column_text responsive_text=&#8221;true&#8221; font_family=&#8221;actor-v10-latin-regular&#8221; line_height=&#8221;140px&#8221; el_id=&#8221;website-titel&#8221;] Turbina eolica WhisperRing la rivoluzione silenziosa dell&#8217;energia eolica [\/vc_column_text][\/vc_column][\/vc_row][\/vc_section][vc_section el_class=&#8221;aandagt__padding aandagt__small aandagt__resp-fullwidth&#8221; local_scroll_id=&#8221;windmolen&#8221;][vc_row column_spacing=&#8221;60&#8243;][vc_column width=&#8221;1\/3&#8243;][vc_column_text text_align=&#8221;right&#8221;] Pi\u00f9 silenzioso, pi\u00f9&hellip;<\/p>\n","protected":false},"author":10,"featured_media":3427,"parent":0,"menu_order":1,"comment_status":"closed","ping_status":"closed","template":"","meta":{"footnotes":""},"class_list":["post-2940","page","type-page","status-publish","has-post-thumbnail","hentry","entry","has-media"],"yoast_head":"<!-- This site is optimized with the Yoast SEO plugin v26.6 - https:\/\/yoast.com\/wordpress\/plugins\/seo\/ -->\n<title>WhisperRing | La turbina eolica che rende l&#039;energia eolica ancora pi\u00f9 redditizia!<\/title>\n<meta name=\"description\" content=\"La nostra rivoluzionaria turbina eolica produce pi\u00f9 energia, pesa molto meno delle normali turbine ed \u00e8 pi\u00f9 piccola in termini di dimensioni e peso.\" \/>\n<meta name=\"robots\" content=\"index, follow, max-snippet:-1, max-image-preview:large, max-video-preview:-1\" \/>\n<link rel=\"canonical\" href=\"https:\/\/www.whisperring.nl\/it\/\" \/>\n<meta property=\"og:locale\" content=\"it_IT\" \/>\n<meta property=\"og:type\" content=\"article\" \/>\n<meta property=\"og:title\" content=\"WhisperRing | La turbina eolica che rende l&#039;energia eolica ancora pi\u00f9 redditizia!\" \/>\n<meta property=\"og:description\" content=\"La nostra rivoluzionaria turbina eolica produce pi\u00f9 energia, pesa molto meno delle normali turbine ed \u00e8 pi\u00f9 piccola in termini di dimensioni e peso.\" \/>\n<meta property=\"og:url\" content=\"https:\/\/www.whisperring.nl\/it\/\" \/>\n<meta property=\"og:site_name\" content=\"WhisperRing\" \/>\n<meta property=\"article:modified_time\" content=\"2023-03-31T14:49:13+00:00\" \/>\n<meta property=\"og:image\" content=\"https:\/\/www.whisperring.nl\/wp-content\/uploads\/2021\/08\/windmolens-ventiring-in-weiland-nabij-boerderij.jpg\" \/>\n\t<meta property=\"og:image:width\" content=\"2560\" \/>\n\t<meta property=\"og:image:height\" content=\"1169\" \/>\n\t<meta property=\"og:image:type\" content=\"image\/jpeg\" \/>\n<meta name=\"twitter:card\" content=\"summary_large_image\" \/>\n<meta name=\"twitter:label1\" content=\"Tempo di lettura stimato\" \/>\n\t<meta name=\"twitter:data1\" content=\"7 minuti\" \/>\n<script type=\"application\/ld+json\" class=\"yoast-schema-graph\">{\"@context\":\"https:\/\/schema.org\",\"@graph\":[{\"@type\":\"WebPage\",\"@id\":\"https:\/\/www.whisperring.nl\/it\/\",\"url\":\"https:\/\/www.whisperring.nl\/it\/\",\"name\":\"WhisperRing | La turbina eolica che rende l'energia eolica ancora pi\u00f9 redditizia!\",\"isPartOf\":{\"@id\":\"https:\/\/www.whisperring.nl\/it\/#website\"},\"primaryImageOfPage\":{\"@id\":\"https:\/\/www.whisperring.nl\/it\/#primaryimage\"},\"image\":{\"@id\":\"https:\/\/www.whisperring.nl\/it\/#primaryimage\"},\"thumbnailUrl\":\"https:\/\/www.whisperring.nl\/wp-content\/uploads\/2025\/01\/WhisperRing-backdrop-3.jpg\",\"datePublished\":\"2020-12-01T09:18:18+00:00\",\"dateModified\":\"2023-03-31T14:49:13+00:00\",\"description\":\"La nostra rivoluzionaria turbina eolica produce pi\u00f9 energia, pesa molto meno delle normali turbine ed \u00e8 pi\u00f9 piccola in termini di dimensioni e peso.\",\"breadcrumb\":{\"@id\":\"https:\/\/www.whisperring.nl\/it\/#breadcrumb\"},\"inLanguage\":\"it-IT\",\"potentialAction\":[{\"@type\":\"ReadAction\",\"target\":[\"https:\/\/www.whisperring.nl\/it\/\"]}]},{\"@type\":\"ImageObject\",\"inLanguage\":\"it-IT\",\"@id\":\"https:\/\/www.whisperring.nl\/it\/#primaryimage\",\"url\":\"https:\/\/www.whisperring.nl\/wp-content\/uploads\/2025\/01\/WhisperRing-backdrop-3.jpg\",\"contentUrl\":\"https:\/\/www.whisperring.nl\/wp-content\/uploads\/2025\/01\/WhisperRing-backdrop-3.jpg\",\"width\":1920,\"height\":1080},{\"@type\":\"BreadcrumbList\",\"@id\":\"https:\/\/www.whisperring.nl\/it\/#breadcrumb\",\"itemListElement\":[{\"@type\":\"ListItem\",\"position\":1,\"name\":\"Home\",\"item\":\"https:\/\/www.whisperring.nl\/it\/casa\/\"},{\"@type\":\"ListItem\",\"position\":2,\"name\":\"Casa\"}]},{\"@type\":\"WebSite\",\"@id\":\"https:\/\/www.whisperring.nl\/it\/#website\",\"url\":\"https:\/\/www.whisperring.nl\/it\/\",\"name\":\"WhisperRing\",\"description\":\"Innovative Wind Energy\",\"publisher\":{\"@id\":\"https:\/\/www.whisperring.nl\/it\/#organization\"},\"potentialAction\":[{\"@type\":\"SearchAction\",\"target\":{\"@type\":\"EntryPoint\",\"urlTemplate\":\"https:\/\/www.whisperring.nl\/it\/?s={search_term_string}\"},\"query-input\":{\"@type\":\"PropertyValueSpecification\",\"valueRequired\":true,\"valueName\":\"search_term_string\"}}],\"inLanguage\":\"it-IT\"},{\"@type\":\"Organization\",\"@id\":\"https:\/\/www.whisperring.nl\/it\/#organization\",\"name\":\"WhisperRing\",\"url\":\"https:\/\/www.whisperring.nl\/it\/\",\"logo\":{\"@type\":\"ImageObject\",\"inLanguage\":\"it-IT\",\"@id\":\"https:\/\/www.whisperring.nl\/it\/#\/schema\/logo\/image\/\",\"url\":\"https:\/\/www.whisperring.nl\/wp-content\/uploads\/2021\/08\/whisperring-logo.svg\",\"contentUrl\":\"https:\/\/www.whisperring.nl\/wp-content\/uploads\/2021\/08\/whisperring-logo.svg\",\"width\":1,\"height\":1,\"caption\":\"WhisperRing\"},\"image\":{\"@id\":\"https:\/\/www.whisperring.nl\/it\/#\/schema\/logo\/image\/\"}}]}<\/script>\n<!-- \/ Yoast SEO plugin. -->","yoast_head_json":{"title":"WhisperRing | La turbina eolica che rende l'energia eolica ancora pi\u00f9 redditizia!","description":"La nostra rivoluzionaria turbina eolica produce pi\u00f9 energia, pesa molto meno delle normali turbine ed \u00e8 pi\u00f9 piccola in termini di dimensioni e peso.","robots":{"index":"index","follow":"follow","max-snippet":"max-snippet:-1","max-image-preview":"max-image-preview:large","max-video-preview":"max-video-preview:-1"},"canonical":"https:\/\/www.whisperring.nl\/it\/","og_locale":"it_IT","og_type":"article","og_title":"WhisperRing | La turbina eolica che rende l'energia eolica ancora pi\u00f9 redditizia!","og_description":"La nostra rivoluzionaria turbina eolica produce pi\u00f9 energia, pesa molto meno delle normali turbine ed \u00e8 pi\u00f9 piccola in termini di dimensioni e peso.","og_url":"https:\/\/www.whisperring.nl\/it\/","og_site_name":"WhisperRing","article_modified_time":"2023-03-31T14:49:13+00:00","og_image":[{"width":2560,"height":1169,"url":"https:\/\/www.whisperring.nl\/wp-content\/uploads\/2021\/08\/windmolens-ventiring-in-weiland-nabij-boerderij.jpg","type":"image\/jpeg"}],"twitter_card":"summary_large_image","twitter_misc":{"Tempo di lettura stimato":"7 minuti"},"schema":{"@context":"https:\/\/schema.org","@graph":[{"@type":"WebPage","@id":"https:\/\/www.whisperring.nl\/it\/","url":"https:\/\/www.whisperring.nl\/it\/","name":"WhisperRing | La turbina eolica che rende l'energia eolica ancora pi\u00f9 redditizia!","isPartOf":{"@id":"https:\/\/www.whisperring.nl\/it\/#website"},"primaryImageOfPage":{"@id":"https:\/\/www.whisperring.nl\/it\/#primaryimage"},"image":{"@id":"https:\/\/www.whisperring.nl\/it\/#primaryimage"},"thumbnailUrl":"https:\/\/www.whisperring.nl\/wp-content\/uploads\/2025\/01\/WhisperRing-backdrop-3.jpg","datePublished":"2020-12-01T09:18:18+00:00","dateModified":"2023-03-31T14:49:13+00:00","description":"La nostra rivoluzionaria turbina eolica produce pi\u00f9 energia, pesa molto meno delle normali turbine ed \u00e8 pi\u00f9 piccola in termini di dimensioni e peso.","breadcrumb":{"@id":"https:\/\/www.whisperring.nl\/it\/#breadcrumb"},"inLanguage":"it-IT","potentialAction":[{"@type":"ReadAction","target":["https:\/\/www.whisperring.nl\/it\/"]}]},{"@type":"ImageObject","inLanguage":"it-IT","@id":"https:\/\/www.whisperring.nl\/it\/#primaryimage","url":"https:\/\/www.whisperring.nl\/wp-content\/uploads\/2025\/01\/WhisperRing-backdrop-3.jpg","contentUrl":"https:\/\/www.whisperring.nl\/wp-content\/uploads\/2025\/01\/WhisperRing-backdrop-3.jpg","width":1920,"height":1080},{"@type":"BreadcrumbList","@id":"https:\/\/www.whisperring.nl\/it\/#breadcrumb","itemListElement":[{"@type":"ListItem","position":1,"name":"Home","item":"https:\/\/www.whisperring.nl\/it\/casa\/"},{"@type":"ListItem","position":2,"name":"Casa"}]},{"@type":"WebSite","@id":"https:\/\/www.whisperring.nl\/it\/#website","url":"https:\/\/www.whisperring.nl\/it\/","name":"WhisperRing","description":"Innovative Wind Energy","publisher":{"@id":"https:\/\/www.whisperring.nl\/it\/#organization"},"potentialAction":[{"@type":"SearchAction","target":{"@type":"EntryPoint","urlTemplate":"https:\/\/www.whisperring.nl\/it\/?s={search_term_string}"},"query-input":{"@type":"PropertyValueSpecification","valueRequired":true,"valueName":"search_term_string"}}],"inLanguage":"it-IT"},{"@type":"Organization","@id":"https:\/\/www.whisperring.nl\/it\/#organization","name":"WhisperRing","url":"https:\/\/www.whisperring.nl\/it\/","logo":{"@type":"ImageObject","inLanguage":"it-IT","@id":"https:\/\/www.whisperring.nl\/it\/#\/schema\/logo\/image\/","url":"https:\/\/www.whisperring.nl\/wp-content\/uploads\/2021\/08\/whisperring-logo.svg","contentUrl":"https:\/\/www.whisperring.nl\/wp-content\/uploads\/2021\/08\/whisperring-logo.svg","width":1,"height":1,"caption":"WhisperRing"},"image":{"@id":"https:\/\/www.whisperring.nl\/it\/#\/schema\/logo\/image\/"}}]}},"_links":{"self":[{"href":"https:\/\/www.whisperring.nl\/it\/wp-json\/wp\/v2\/pages\/2940","targetHints":{"allow":["GET"]}}],"collection":[{"href":"https:\/\/www.whisperring.nl\/it\/wp-json\/wp\/v2\/pages"}],"about":[{"href":"https:\/\/www.whisperring.nl\/it\/wp-json\/wp\/v2\/types\/page"}],"author":[{"embeddable":true,"href":"https:\/\/www.whisperring.nl\/it\/wp-json\/wp\/v2\/users\/10"}],"replies":[{"embeddable":true,"href":"https:\/\/www.whisperring.nl\/it\/wp-json\/wp\/v2\/comments?post=2940"}],"version-history":[{"count":8,"href":"https:\/\/www.whisperring.nl\/it\/wp-json\/wp\/v2\/pages\/2940\/revisions"}],"predecessor-version":[{"id":2978,"href":"https:\/\/www.whisperring.nl\/it\/wp-json\/wp\/v2\/pages\/2940\/revisions\/2978"}],"wp:featuredmedia":[{"embeddable":true,"href":"https:\/\/www.whisperring.nl\/it\/wp-json\/wp\/v2\/media\/3427"}],"wp:attachment":[{"href":"https:\/\/www.whisperring.nl\/it\/wp-json\/wp\/v2\/media?parent=2940"}],"curies":[{"name":"wp","href":"https:\/\/api.w.org\/{rel}","templated":true}]}}