{"id":2856,"date":"2020-12-01T09:24:08","date_gmt":"2020-12-01T09:24:08","guid":{"rendered":"https:\/\/www.whisperring.nl\/participar-faca-uma-reserva\/"},"modified":"2023-03-31T14:48:50","modified_gmt":"2023-03-31T14:48:50","slug":"participar-faca-uma-reserva","status":"publish","type":"page","link":"https:\/\/www.whisperring.nl\/pt-pt\/participar-faca-uma-reserva\/","title":{"rendered":"Participar? Fa\u00e7a uma reserva!"},"content":{"rendered":"[vc_section el_class=&#8221;aandagt__padding aandagt__small aandagt__resp-fullwidth&#8221;][vc_row column_spacing=&#8221;60&#8243;][vc_column width=&#8221;1\/3&#8243;][vc_column_text text_align=&#8221;right&#8221;]\n<h1><strong>Participar? Fa\u00e7a uma reserva!<\/strong><\/h1>\n[\/vc_column_text][\/vc_column][vc_column width=&#8221;2\/3&#8243;][vc_column_text]Agricultores, cooperativas de energia, outros propriet\u00e1rios de terras e (outras) partes com uma boa liga\u00e7\u00e3o em \u00e1reas ricas em vento, oferecemos agora a oportunidade de reservar uma turbina. Isto ir\u00e1 ajud\u00e1-lo a p\u00f4r fim ao aumento constante das contas de energia no futuro! Ou pode optar por uma taxa fixa, em que pagamos 1.200 euros por ano em taxas fundi\u00e1rias a partir do momento em que a turbina entra em funcionamento.<\/p>\n<p>Por esta reserva, s\u00f3 nos d\u00e1 o direito de colocar uma turbina no seu terreno e fornecer a energia gerada \u00e0 rede. Com o actual aumento constante dos pre\u00e7os da energia, pode ser mais interessante comprar voc\u00ea mesmo a turbina. Voc\u00ea tamb\u00e9m pode! O esquema prev\u00ea a aquisi\u00e7\u00e3o da turbina a pre\u00e7os de custo pr\u00e9-determinados.<\/p>\n<p>Uma reserva n\u00e3o lhe custa nada e apenas lhe traz benef\u00edcios. Ao mesmo tempo, isto d\u00e1 uma sa\u00edda garantida aos nossos investidores ap\u00f3s a conclus\u00e3o do desenvolvimento.<\/p>\n<p>Juntos, aceleramos a transi\u00e7\u00e3o energ\u00e9tica e tornamo-la mais amiga das pessoas e dos animais!<\/p>\n<p>Preencha hoje o contrato de reserva de terreno!<\/p>\n<p>Se tiver alguma quest\u00e3o&#8230;.[\/vc_column_text]<a href=\"https:\/\/www.whisperring.nl\/contact\/\" class=\"vcex-button theme-button outline inline\" style=\"background:#ffffff;padding-right:0px;padding-left:0px;color:#dd9933;border-radius:0;margin-top:40px;border-color:#dd9933;\" data-wpex-hover='{&quot;background&quot;:&quot;#ffffff&quot;,&quot;color&quot;:&quot;#dd7600&quot;}'><span class=\"theme-button-inner\">Entre em contacto<span class=\"vcex-icon-wrap theme-button-icon-right\"><span class=\"ticon ticon-angle-double-right\" aria-hidden=\"true\"><\/span><\/span><\/span><\/a> [\/vc_column][\/vc_row][\/vc_section][vc_section full_width=&#8221;stretch_row&#8221; css=&#8221;.vc_custom_1638880338989{background-color: #ffffff !important;}&#8221;][vc_row][vc_column][vc_empty_space][\/vc_column][\/vc_row][vc_row full_width=&#8221;stretch_row&#8221; column_spacing=&#8221;60&#8243; css=&#8221;.vc_custom_1638880371522{background-color: #f3f5f7 !important;}&#8221;][vc_column width=&#8221;1\/2&#8243;][vc_column_text]\n<h2>Projectos<\/h2>\n<p>Vemos oportunidades para diferentes tipos de projectos maiores e menores, tais como turbinas individuais em propriedades de agricultores, escrit\u00f3rios ou outras propriedades comerciais. Juntamente com cooperativas de energia, queremos realizar pequenos parques e\u00f3licos de v\u00e1rias dezenas de turbinas, como alternativa \u00e0s turbinas de grande (muito) altura.<\/p>\n<p>Os locais adequados encontram-se, por exemplo, no lado norte de parques solares, onde utilizamos a mesma liga\u00e7\u00e3o e podemos complementar o perfil de gera\u00e7\u00e3o &#8220;solar&#8221; com o vento. Assim, mais produ\u00e7\u00e3o de energia e equil\u00edbrio da rede podem ser alcan\u00e7ados com a mesma infra-estrutura de rede.<\/p>\n<p>Ser capaz de influenciar directamente a energia gerada num consumidor, como uma empresa agr\u00edcola ou um edif\u00edcio industrial, \u00e9 tamb\u00e9m ben\u00e9fico para o caso comercial e socialmente relevante, uma vez que evita o congestionamento.<\/p>\n<p>N\u00e3o seria \u00f3ptimo se pud\u00e9ssemos instalar as turbinas WhisperRing\u00ae ao longo das auto-estradas nas prov\u00edncias ventosas da Holanda? Ent\u00e3o podemos tornar dezenas de por cento do total da procura energ\u00e9tica holandesa sustent\u00e1vel![\/vc_column_text][\/vc_column][vc_column width=&#8221;1\/2&#8243;][vc_single_image source=&#8221;featured_image&#8221;][\/vc_column][\/vc_row][vc_row column_spacing=&#8221;60&#8243; columns_right=&#8221;yes&#8221;][vc_column width=&#8221;1\/2&#8243;][vc_column_text]\n<h2>Modelo de ganhos<\/h2>\n<p>A turbina WhisperRing\u00ae ir\u00e1 gerar entre 50MWh e 80MWh por ano nos Pa\u00edses Baixos<a href=\"#_ftn1\" name=\"_ftnref1\">[1]<\/a>. Especialmente nas zonas mais ventosas das prov\u00edncias costeiras, no polder de Flevoland e em grandes partes de Groningen e Friesland, a turbina pode produzir muito. A \u00e1rea constru\u00edda circundante e a altura m\u00e1xima permitida do eixo, s\u00e3o importantes a este respeito.<\/p>\n<p>Para os projectos de pequena escala com uma ou poucas turbinas, podemos oferecer uma das seguintes op\u00e7\u00f5es:<\/p>\n<ol>\n<li>WhisperRing\u00ae aluga o local para erguer uma turbina (aproximadamente 10M2 por turbina). O sussurro paga ao propriet\u00e1rio do terreno ou do telhado 1.200 euros por ano por esta coloca\u00e7\u00e3o. O WhisperRing\u00ae solicita subs\u00eddios para a turbina e vende a pr\u00f3pria energia.<\/li>\n<li>O propriet\u00e1rio do terreno ou do telhado comprar\u00e1 a turbina no momento da instala\u00e7\u00e3o ao pre\u00e7o a ser acordado com ele j\u00e1 agora. O propriet\u00e1rio do terreno ou do telhado produz electricidade para seu pr\u00f3prio consumo, poupa o pre\u00e7o prevalecente da electricidade e, na medida em que pode compensar, tamb\u00e9m o imposto sobre a energia.<\/li>\n<\/ol>\n<p>&nbsp;<\/p>\n<p>Teremos todo o prazer em calcular o caso comercial para si![\/vc_column_text]<a href=\"https:\/\/www.whisperring.nl\/contact\/\" class=\"vcex-button theme-button outline inline\" style=\"background:#ffffff;padding-right:0px;padding-left:0px;color:#dd9933;border-radius:0;margin-top:40px;border-color:#dd9933;\" data-wpex-hover='{&quot;background&quot;:&quot;#ffffff&quot;,&quot;color&quot;:&quot;#dd7600&quot;}'><span class=\"theme-button-inner\">Pedido de informa\u00e7\u00e3o<span class=\"vcex-icon-wrap theme-button-icon-right\"><span class=\"ticon ticon-angle-double-right\" aria-hidden=\"true\"><\/span><\/span><\/span><\/a> [\/vc_column][vc_column width=&#8221;1\/2&#8243;][vc_single_image source=&#8221;featured_image&#8221;][\/vc_column][\/vc_row][vc_row full_width=&#8221;stretch_row&#8221; column_spacing=&#8221;60&#8243; css=&#8221;.vc_custom_1638880377880{background-color: #f3f5f7 !important;}&#8221;][vc_column width=&#8221;1\/2&#8243;][vc_column_text]\n<h2>Investindo em WhisperRing\u00ae<\/h2>\n<p>Espera tamb\u00e9m que os custos energ\u00e9ticos aumentem, que tenhamos de investir na gera\u00e7\u00e3o renov\u00e1vel e que as mat\u00e9rias-primas se tornem cada vez mais escassas? Ent\u00e3o investir em WhisperRing\u00ae pode ser uma op\u00e7\u00e3o interessante para si!<\/p>\n<p>Se quiser investir na empresa WhisperRing\u00ae, pode faz\u00ea-lo das seguintes formas, dependendo da dimens\u00e3o do seu investimento:<\/p>\n<ol>\n<li>Para pequenos investidores e cooperativas de energia, existe a op\u00e7\u00e3o de adquirir certificados da Wervelwind Foundation. Se houver interesse suficiente, a Funda\u00e7\u00e3o investigar\u00e1 as condi\u00e7\u00f5es para tal com a AFM, ou deixar\u00e1 a organiza\u00e7\u00e3o da mesma para uma plataforma de financiamento de multid\u00f5es.<\/li>\n<li>Para investidores maiores, h\u00e1 uma oportunidade de participar numa quest\u00e3o maior organizada a partir do interior da Empresa, angariando capital suficiente para financiar engenharia de detalhe e prototipagem. Espera-se que tal emiss\u00e3o tenha lugar no<sup>2\u00ba<\/sup> ou<sup>3\u00ba<\/sup> trimestre de 2022.<\/li>\n<\/ol>\n<p><span style=\"text-decoration: line-through;\">O<\/span> aumento dos custos de material e energia tornar\u00e1 cada vez mais interessante a argumenta\u00e7\u00e3o comercial da WhisperRing\u00ae! Al\u00e9m disso, depois dos modelos mais pequenos, come\u00e7aremos tamb\u00e9m a produzir modelos maiores, reduzindo ainda mais o custo do kWh produzido!<\/p>\n<p><em>[1] Em \u00e1reas ventosas a uma altura de 20M.<\/em>[\/vc_column_text][\/vc_column][vc_column width=&#8221;1\/2&#8243;][vc_single_image source=&#8221;featured_image&#8221;][\/vc_column][\/vc_row][\/vc_section][vc_section disable_element=&#8221;yes&#8221; el_class=&#8221;kievit__cases&#8221;][vc_row][vc_column][\/vc_column][\/vc_row][\/vc_section]\n","protected":false},"excerpt":{"rendered":"<p>[vc_section el_class=&#8221;aandagt__padding aandagt__small aandagt__resp-fullwidth&#8221;][vc_row column_spacing=&#8221;60&#8243;][vc_column width=&#8221;1\/3&#8243;][vc_column_text text_align=&#8221;right&#8221;] Participar? Fa\u00e7a uma reserva! [\/vc_column_text][\/vc_column][vc_column width=&#8221;2\/3&#8243;][vc_column_text]Agricultores, cooperativas de energia, outros propriet\u00e1rios de terras e (outras) partes com uma boa liga\u00e7\u00e3o em \u00e1reas ricas em vento, oferecemos agora a oportunidade de reservar uma turbina.&hellip;<\/p>\n","protected":false},"author":10,"featured_media":2756,"parent":0,"menu_order":4,"comment_status":"closed","ping_status":"closed","template":"","meta":{"footnotes":""},"class_list":["post-2856","page","type-page","status-publish","has-post-thumbnail","hentry","entry","has-media"],"yoast_head":"<!-- This site is optimized with the Yoast SEO plugin v26.6 - https:\/\/yoast.com\/wordpress\/plugins\/seo\/ -->\n<title>Participar? Fa\u00e7a uma reserva!%sep%%%sep%sitename%%%sep%sep%energias E\u00f3licas Inovadoras<\/title>\n<meta name=\"robots\" content=\"index, follow, max-snippet:-1, max-image-preview:large, max-video-preview:-1\" \/>\n<link rel=\"canonical\" href=\"https:\/\/www.whisperring.nl\/pt-pt\/participar-faca-uma-reserva\/\" \/>\n<meta property=\"og:locale\" content=\"pt_PT\" \/>\n<meta property=\"og:type\" content=\"article\" \/>\n<meta property=\"og:title\" content=\"Participar? Fa\u00e7a uma reserva!%sep%%%sep%sitename%%%sep%sep%energias E\u00f3licas Inovadoras\" \/>\n<meta property=\"og:description\" content=\"[vc_section el_class=&#8221;aandagt__padding aandagt__small aandagt__resp-fullwidth&#8221;][vc_row column_spacing=&#8221;60&#8243;][vc_column width=&#8221;1\/3&#8243;][vc_column_text text_align=&#8221;right&#8221;] Participar? Fa\u00e7a uma reserva! [\/vc_column_text][\/vc_column][vc_column width=&#8221;2\/3&#8243;][vc_column_text]Agricultores, cooperativas de energia, outros propriet\u00e1rios de terras e (outras) partes com uma boa liga\u00e7\u00e3o em \u00e1reas ricas em vento, oferecemos agora a oportunidade de reservar uma turbina.&hellip;\" \/>\n<meta property=\"og:url\" content=\"https:\/\/www.whisperring.nl\/pt-pt\/participar-faca-uma-reserva\/\" \/>\n<meta property=\"og:site_name\" content=\"WhisperRing\" \/>\n<meta property=\"article:modified_time\" content=\"2023-03-31T14:48:50+00:00\" \/>\n<meta property=\"og:image\" content=\"https:\/\/www.whisperring.nl\/wp-content\/uploads\/2021\/07\/windmolen-ventiring-design.jpg\" \/>\n\t<meta property=\"og:image:width\" content=\"1500\" \/>\n\t<meta property=\"og:image:height\" content=\"1163\" \/>\n\t<meta property=\"og:image:type\" content=\"image\/jpeg\" \/>\n<meta name=\"twitter:card\" content=\"summary_large_image\" \/>\n<meta name=\"twitter:label1\" content=\"Tempo estimado de leitura\" \/>\n\t<meta name=\"twitter:data1\" content=\"6 minutos\" \/>\n<script type=\"application\/ld+json\" class=\"yoast-schema-graph\">{\"@context\":\"https:\/\/schema.org\",\"@graph\":[{\"@type\":\"WebPage\",\"@id\":\"https:\/\/www.whisperring.nl\/pt-pt\/participar-faca-uma-reserva\/\",\"url\":\"https:\/\/www.whisperring.nl\/pt-pt\/participar-faca-uma-reserva\/\",\"name\":\"Participar? Fa\u00e7a uma reserva!%sep%%%sep%sitename%%%sep%sep%energias E\u00f3licas Inovadoras\",\"isPartOf\":{\"@id\":\"https:\/\/www.whisperring.nl\/pt-pt\/#website\"},\"primaryImageOfPage\":{\"@id\":\"https:\/\/www.whisperring.nl\/pt-pt\/participar-faca-uma-reserva\/#primaryimage\"},\"image\":{\"@id\":\"https:\/\/www.whisperring.nl\/pt-pt\/participar-faca-uma-reserva\/#primaryimage\"},\"thumbnailUrl\":\"https:\/\/www.whisperring.nl\/wp-content\/uploads\/2021\/07\/windmolen-ventiring-design.jpg\",\"datePublished\":\"2020-12-01T09:24:08+00:00\",\"dateModified\":\"2023-03-31T14:48:50+00:00\",\"breadcrumb\":{\"@id\":\"https:\/\/www.whisperring.nl\/pt-pt\/participar-faca-uma-reserva\/#breadcrumb\"},\"inLanguage\":\"pt-PT\",\"potentialAction\":[{\"@type\":\"ReadAction\",\"target\":[\"https:\/\/www.whisperring.nl\/pt-pt\/participar-faca-uma-reserva\/\"]}]},{\"@type\":\"ImageObject\",\"inLanguage\":\"pt-PT\",\"@id\":\"https:\/\/www.whisperring.nl\/pt-pt\/participar-faca-uma-reserva\/#primaryimage\",\"url\":\"https:\/\/www.whisperring.nl\/wp-content\/uploads\/2021\/07\/windmolen-ventiring-design.jpg\",\"contentUrl\":\"https:\/\/www.whisperring.nl\/wp-content\/uploads\/2021\/07\/windmolen-ventiring-design.jpg\",\"width\":1500,\"height\":1163},{\"@type\":\"BreadcrumbList\",\"@id\":\"https:\/\/www.whisperring.nl\/pt-pt\/participar-faca-uma-reserva\/#breadcrumb\",\"itemListElement\":[{\"@type\":\"ListItem\",\"position\":1,\"name\":\"Home\",\"item\":\"https:\/\/www.whisperring.nl\/pt-pt\/inicio\/\"},{\"@type\":\"ListItem\",\"position\":2,\"name\":\"Participar? Fa\u00e7a uma reserva!\"}]},{\"@type\":\"WebSite\",\"@id\":\"https:\/\/www.whisperring.nl\/pt-pt\/#website\",\"url\":\"https:\/\/www.whisperring.nl\/pt-pt\/\",\"name\":\"WhisperRing\",\"description\":\"Innovative Wind Energy\",\"publisher\":{\"@id\":\"https:\/\/www.whisperring.nl\/pt-pt\/#organization\"},\"potentialAction\":[{\"@type\":\"SearchAction\",\"target\":{\"@type\":\"EntryPoint\",\"urlTemplate\":\"https:\/\/www.whisperring.nl\/pt-pt\/?s={search_term_string}\"},\"query-input\":{\"@type\":\"PropertyValueSpecification\",\"valueRequired\":true,\"valueName\":\"search_term_string\"}}],\"inLanguage\":\"pt-PT\"},{\"@type\":\"Organization\",\"@id\":\"https:\/\/www.whisperring.nl\/pt-pt\/#organization\",\"name\":\"WhisperRing\",\"url\":\"https:\/\/www.whisperring.nl\/pt-pt\/\",\"logo\":{\"@type\":\"ImageObject\",\"inLanguage\":\"pt-PT\",\"@id\":\"https:\/\/www.whisperring.nl\/pt-pt\/#\/schema\/logo\/image\/\",\"url\":\"https:\/\/www.whisperring.nl\/wp-content\/uploads\/2021\/08\/whisperring-logo.svg\",\"contentUrl\":\"https:\/\/www.whisperring.nl\/wp-content\/uploads\/2021\/08\/whisperring-logo.svg\",\"width\":1,\"height\":1,\"caption\":\"WhisperRing\"},\"image\":{\"@id\":\"https:\/\/www.whisperring.nl\/pt-pt\/#\/schema\/logo\/image\/\"}}]}<\/script>\n<!-- \/ Yoast SEO plugin. -->","yoast_head_json":{"title":"Participar? Fa\u00e7a uma reserva!%sep%%%sep%sitename%%%sep%sep%energias E\u00f3licas Inovadoras","robots":{"index":"index","follow":"follow","max-snippet":"max-snippet:-1","max-image-preview":"max-image-preview:large","max-video-preview":"max-video-preview:-1"},"canonical":"https:\/\/www.whisperring.nl\/pt-pt\/participar-faca-uma-reserva\/","og_locale":"pt_PT","og_type":"article","og_title":"Participar? Fa\u00e7a uma reserva!%sep%%%sep%sitename%%%sep%sep%energias E\u00f3licas Inovadoras","og_description":"[vc_section el_class=&#8221;aandagt__padding aandagt__small aandagt__resp-fullwidth&#8221;][vc_row column_spacing=&#8221;60&#8243;][vc_column width=&#8221;1\/3&#8243;][vc_column_text text_align=&#8221;right&#8221;] Participar? Fa\u00e7a uma reserva! [\/vc_column_text][\/vc_column][vc_column width=&#8221;2\/3&#8243;][vc_column_text]Agricultores, cooperativas de energia, outros propriet\u00e1rios de terras e (outras) partes com uma boa liga\u00e7\u00e3o em \u00e1reas ricas em vento, oferecemos agora a oportunidade de reservar uma turbina.&hellip;","og_url":"https:\/\/www.whisperring.nl\/pt-pt\/participar-faca-uma-reserva\/","og_site_name":"WhisperRing","article_modified_time":"2023-03-31T14:48:50+00:00","og_image":[{"width":1500,"height":1163,"url":"https:\/\/www.whisperring.nl\/wp-content\/uploads\/2021\/07\/windmolen-ventiring-design.jpg","type":"image\/jpeg"}],"twitter_card":"summary_large_image","twitter_misc":{"Tempo estimado de leitura":"6 minutos"},"schema":{"@context":"https:\/\/schema.org","@graph":[{"@type":"WebPage","@id":"https:\/\/www.whisperring.nl\/pt-pt\/participar-faca-uma-reserva\/","url":"https:\/\/www.whisperring.nl\/pt-pt\/participar-faca-uma-reserva\/","name":"Participar? Fa\u00e7a uma reserva!%sep%%%sep%sitename%%%sep%sep%energias E\u00f3licas Inovadoras","isPartOf":{"@id":"https:\/\/www.whisperring.nl\/pt-pt\/#website"},"primaryImageOfPage":{"@id":"https:\/\/www.whisperring.nl\/pt-pt\/participar-faca-uma-reserva\/#primaryimage"},"image":{"@id":"https:\/\/www.whisperring.nl\/pt-pt\/participar-faca-uma-reserva\/#primaryimage"},"thumbnailUrl":"https:\/\/www.whisperring.nl\/wp-content\/uploads\/2021\/07\/windmolen-ventiring-design.jpg","datePublished":"2020-12-01T09:24:08+00:00","dateModified":"2023-03-31T14:48:50+00:00","breadcrumb":{"@id":"https:\/\/www.whisperring.nl\/pt-pt\/participar-faca-uma-reserva\/#breadcrumb"},"inLanguage":"pt-PT","potentialAction":[{"@type":"ReadAction","target":["https:\/\/www.whisperring.nl\/pt-pt\/participar-faca-uma-reserva\/"]}]},{"@type":"ImageObject","inLanguage":"pt-PT","@id":"https:\/\/www.whisperring.nl\/pt-pt\/participar-faca-uma-reserva\/#primaryimage","url":"https:\/\/www.whisperring.nl\/wp-content\/uploads\/2021\/07\/windmolen-ventiring-design.jpg","contentUrl":"https:\/\/www.whisperring.nl\/wp-content\/uploads\/2021\/07\/windmolen-ventiring-design.jpg","width":1500,"height":1163},{"@type":"BreadcrumbList","@id":"https:\/\/www.whisperring.nl\/pt-pt\/participar-faca-uma-reserva\/#breadcrumb","itemListElement":[{"@type":"ListItem","position":1,"name":"Home","item":"https:\/\/www.whisperring.nl\/pt-pt\/inicio\/"},{"@type":"ListItem","position":2,"name":"Participar? Fa\u00e7a uma reserva!"}]},{"@type":"WebSite","@id":"https:\/\/www.whisperring.nl\/pt-pt\/#website","url":"https:\/\/www.whisperring.nl\/pt-pt\/","name":"WhisperRing","description":"Innovative Wind Energy","publisher":{"@id":"https:\/\/www.whisperring.nl\/pt-pt\/#organization"},"potentialAction":[{"@type":"SearchAction","target":{"@type":"EntryPoint","urlTemplate":"https:\/\/www.whisperring.nl\/pt-pt\/?s={search_term_string}"},"query-input":{"@type":"PropertyValueSpecification","valueRequired":true,"valueName":"search_term_string"}}],"inLanguage":"pt-PT"},{"@type":"Organization","@id":"https:\/\/www.whisperring.nl\/pt-pt\/#organization","name":"WhisperRing","url":"https:\/\/www.whisperring.nl\/pt-pt\/","logo":{"@type":"ImageObject","inLanguage":"pt-PT","@id":"https:\/\/www.whisperring.nl\/pt-pt\/#\/schema\/logo\/image\/","url":"https:\/\/www.whisperring.nl\/wp-content\/uploads\/2021\/08\/whisperring-logo.svg","contentUrl":"https:\/\/www.whisperring.nl\/wp-content\/uploads\/2021\/08\/whisperring-logo.svg","width":1,"height":1,"caption":"WhisperRing"},"image":{"@id":"https:\/\/www.whisperring.nl\/pt-pt\/#\/schema\/logo\/image\/"}}]}},"_links":{"self":[{"href":"https:\/\/www.whisperring.nl\/pt-pt\/wp-json\/wp\/v2\/pages\/2856","targetHints":{"allow":["GET"]}}],"collection":[{"href":"https:\/\/www.whisperring.nl\/pt-pt\/wp-json\/wp\/v2\/pages"}],"about":[{"href":"https:\/\/www.whisperring.nl\/pt-pt\/wp-json\/wp\/v2\/types\/page"}],"author":[{"embeddable":true,"href":"https:\/\/www.whisperring.nl\/pt-pt\/wp-json\/wp\/v2\/users\/10"}],"replies":[{"embeddable":true,"href":"https:\/\/www.whisperring.nl\/pt-pt\/wp-json\/wp\/v2\/comments?post=2856"}],"version-history":[{"count":10,"href":"https:\/\/www.whisperring.nl\/pt-pt\/wp-json\/wp\/v2\/pages\/2856\/revisions"}],"predecessor-version":[{"id":2925,"href":"https:\/\/www.whisperring.nl\/pt-pt\/wp-json\/wp\/v2\/pages\/2856\/revisions\/2925"}],"wp:featuredmedia":[{"embeddable":true,"href":"https:\/\/www.whisperring.nl\/pt-pt\/wp-json\/wp\/v2\/media\/2756"}],"wp:attachment":[{"href":"https:\/\/www.whisperring.nl\/pt-pt\/wp-json\/wp\/v2\/media?parent=2856"}],"curies":[{"name":"wp","href":"https:\/\/api.w.org\/{rel}","templated":true}]}}