{"id":2945,"date":"2020-12-01T09:23:47","date_gmt":"2020-12-01T09:23:47","guid":{"rendered":"https:\/\/www.whisperring.nl\/porque-escolher-o-whisperring\/"},"modified":"2023-03-31T14:49:13","modified_gmt":"2023-03-31T14:49:13","slug":"porque-escolher-o-whisperring","status":"publish","type":"page","link":"https:\/\/www.whisperring.nl\/pt-pt\/porque-escolher-o-whisperring\/","title":{"rendered":"Porqu\u00ea escolher o WhisperRing?"},"content":{"rendered":"[vc_section el_class=&#8221;aandagt__padding aandagt__small aandagt__resp-fullwidth&#8221;][vc_row column_spacing=&#8221;60&#8243;][vc_column width=&#8221;1\/3&#8243;][vc_column_text text_align=&#8221;right&#8221;]\n<h1 style=\"text-align: left;\">Escolhendo o WhisperRing\u00ae!<\/h1>\n<h4 style=\"text-align: left;\">O seu contributo para o clima<\/h4>\n[\/vc_column_text][\/vc_column][vc_column width=&#8221;2\/3&#8243;][vc_column_text]A energia e\u00f3lica \u00e9 uma das fontes de energia mais importantes hoje em dia e desempenha um papel importante na realiza\u00e7\u00e3o dos objectivos dos Acordos Clim\u00e1ticos de Paris (2015) e Glasgow (2021). Para satisfazer a procura crescente de energia e\u00f3lica, s\u00e3o necess\u00e1rias mais turbinas e\u00f3licas. As turbinas WhisperRing\u00ae funcionam mais eficazmente do que as turbinas convencionais e podem, portanto, acelerar a transi\u00e7\u00e3o energ\u00e9tica.<\/p>\n<p>As turbinas e\u00f3licas WhisperRing\u00ae reduzem o custo da energia e\u00f3lica, ao aumentar a efici\u00eancia das turbinas e\u00f3licas. Gra\u00e7as a processos de produ\u00e7\u00e3o eficientes e automatizados, os custos de aquisi\u00e7\u00e3o e instala\u00e7\u00e3o das turbinas s\u00e3o tamb\u00e9m mais baixos. Como resultado, as turbinas menos altas tamb\u00e9m podem ser operadas de forma rent\u00e1vel. Portanto, boas not\u00edcias face ao aumento constante dos custos de energia!<\/p>\n<p>O desenho do WhisperRing\u00ae \u00e9 particularmente amigo das pessoas e dos animais. Gra\u00e7as \u00e0 menor velocidade de rota\u00e7\u00e3o, as aves e os morcegos t\u00eam menos probabilidades de colidir, a sombra fundida \u00e9 menos inc\u00f3moda e h\u00e1 muito menos ru\u00eddo. E na verdade, o WhisperRing\u00ae parece muito mais divertido, tamb\u00e9m!<\/p>\n<p>As tecnologias utilizadas nas turbinas WhisperRing\u00ae est\u00e3o constantemente a ser desenvolvidas em termos de desempenho, materiais aplicados e t\u00e9cnicas de fabrico. O processo de fabrico e manuten\u00e7\u00e3o das turbinas \u00e9 tamb\u00e9m continuamente optimizado.[\/vc_column_text]<a href=\"https:\/\/www.whisperring.nl\/waarom-de-whisperring\/technologie\/\" class=\"vcex-button theme-button outline inline\" style=\"padding-right:0px;padding-left:0px;border-radius:0;margin-top:40px;margin-right:20px;\" data-wpex-hover='{&quot;color&quot;:&quot;#000000&quot;}'><span class=\"theme-button-inner\">Tecnologia<span class=\"vcex-icon-wrap theme-button-icon-right\"><span class=\"ticon ticon-angle-double-right\" aria-hidden=\"true\"><\/span><\/span><\/span><\/a> <a href=\"https:\/\/www.whisperring.nl\/contact\/\" class=\"vcex-button theme-button outline inline\" style=\"padding-right:0px;padding-left:0px;color:#dd9933;border-radius:0;margin-top:40px;border-color:#dd9933;\" data-wpex-hover='{&quot;color&quot;:&quot;#dd7600&quot;}'><span class=\"theme-button-inner\">Pedido de informa\u00e7\u00e3o<span class=\"vcex-icon-wrap theme-button-icon-right\"><span class=\"ticon ticon-angle-double-right\" aria-hidden=\"true\"><\/span><\/span><\/span><\/a> [\/vc_column][\/vc_row][\/vc_section][vc_section full_width=&#8221;stretch_row&#8221; css=&#8221;.vc_custom_1631863979281{background-color: #f3f5f7 !important;}&#8221; el_class=&#8221;aandagt__padding aandagt__small aandagt__resp-fullwidth&#8221;][vc_row content_placement=&#8221;middle&#8221; column_spacing=&#8221;60&#8243;][vc_column width=&#8221;1\/2&#8243;][vc_column_text]\n<h2>O que n\u00e3o est\u00e1 nele n\u00e3o pode ser quebrado!<\/h2>\n<p>Gra\u00e7as ao gerador anular patenteado WhisperRing\u00ae e ao desenho de carbono, foi criada uma turbina e\u00f3lica altamente eficiente com custos mais baixos. O desenho combina t\u00e9cnicas comprovadas da engenharia aeroespacial, el\u00e9ctrica e mec\u00e2nica. O resultado \u00e9 uma turbina e\u00f3lica optimamente eficiente que n\u00e3o requer nenhum cubo, nenhuma nacele e nenhuma caixa de velocidades.[\/vc_column_text]<a href=\"https:\/\/www.whisperring.nl\/waarom-de-whisperring\/verdienmodel\/\" class=\"vcex-button theme-button outline inline\" style=\"padding-right:0px;padding-left:0px;border-radius:0;margin-top:40px;margin-right:20px;\" data-wpex-hover='{&quot;color&quot;:&quot;#000000&quot;}'><span class=\"theme-button-inner\">Modelo de ganhos<span class=\"vcex-icon-wrap theme-button-icon-right\"><span class=\"ticon ticon-angle-double-right\" aria-hidden=\"true\"><\/span><\/span><\/span><\/a> <a href=\"https:\/\/www.whisperring.nl\/contact\/\" class=\"vcex-button theme-button outline inline\" style=\"padding-right:0px;padding-left:0px;color:#dd9933;border-radius:0;margin-top:40px;border-color:#dd9933;\" data-wpex-hover='{&quot;color&quot;:&quot;#dd7600&quot;}'><span class=\"theme-button-inner\">Pedido de informa\u00e7\u00e3o<span class=\"vcex-icon-wrap theme-button-icon-right\"><span class=\"ticon ticon-angle-double-right\" aria-hidden=\"true\"><\/span><\/span><\/span><\/a> [\/vc_column][vc_column width=&#8221;1\/2&#8243; el_class=&#8221;aandagt__offset__top aandagt__overflow aandagt__right&#8221;][vc_single_image image=&#8221;1314&#8243;][\/vc_column][\/vc_row][\/vc_section][vc_section el_class=&#8221;aandagt__padding aandagt__small aandagt__resp-fullwidth&#8221;][vc_row column_spacing=&#8221;60&#8243;][vc_column width=&#8221;1\/3&#8243;][vc_column_text text_align=&#8221;right&#8221;]\n<h3 style=\"text-align: left;\">Nenhum eixo central<\/h3>\n[\/vc_column_text][\/vc_column][vc_column width=&#8221;2\/3&#8243;][vc_column_text]A turbina WhisperRing\u00ae n\u00e3o tem eixo central. Em vez disso, existe um anel com duas metades girando uma em rela\u00e7\u00e3o \u00e0 outra, incorporando o gerador. O desenho elimina a necessidade de uma caixa de velocidades cara e \u00edmanes grandes e caros, reduzindo significativamente o peso.[\/vc_column_text][\/vc_column][\/vc_row][\/vc_section][vc_section el_class=&#8221;aandagt__padding aandagt__small aandagt__resp-fullwidth&#8221;][vc_row column_spacing=&#8221;60&#8243; columns_right=&#8221;yes&#8221;][vc_column width=&#8221;1\/3&#8243;][vc_column_text text_align=&#8221;right&#8221;]\n<h3 style=\"text-align: left;\">Materiais de alta tecnologia<\/h3>\n[\/vc_column_text][\/vc_column][vc_column width=&#8221;2\/3&#8243;][vc_column_text]A turbina \u00e9 feita de Pol\u00edmeros Refor\u00e7ados com Fibra de Carbono (CFRP), um material composto de fibras de carbono e resina termoendurecedora. A utiliza\u00e7\u00e3o de CFRP acrescenta for\u00e7a onde necess\u00e1rio e elimina o peso sempre que poss\u00edvel. Os elementos de carbono WhisperRing\u00ae s\u00e3o facilmente produzidos e impressos em 3D, por assim dizer, com base no desenho CAD. Por conseguinte, n\u00e3o s\u00e3o necess\u00e1rios moldes enormes, como nas turbinas e\u00f3licas convencionais.<\/p>\n<p>Estes materiais tamb\u00e9m podem ser facilmente reciclados ap\u00f3s o fim da sua vida \u00fatil.[\/vc_column_text][\/vc_column][\/vc_row][\/vc_section][vc_section el_class=&#8221;aandagt__padding aandagt__small aandagt__resp-fullwidth&#8221;][vc_row column_spacing=&#8221;60&#8243;][vc_column width=&#8221;1\/3&#8243;][vc_column_text]\n<h3 style=\"text-align: left;\">Factos chave<\/h3>\n[\/vc_column_text][\/vc_column][vc_column width=&#8221;2\/3&#8243;][vc_column_text text_align=&#8221;right&#8221;]\n<ul>\n<li style=\"text-align: left;\">Baixos custos energ\u00e9ticos<\/li>\n<li style=\"text-align: left;\">Os muitos m\u00f3dulos diferentes no gerador de an\u00e9is, podem ser ligados\/desligados em fun\u00e7\u00e3o da velocidade do vento<\/li>\n<li style=\"text-align: left;\">Gra\u00e7as a tecnologias comprovadas fora da ind\u00fastria e\u00f3lica, a vida \u00fatil do projecto chega a ser de 30 anos<\/li>\n<li style=\"text-align: left;\">Baixa e f\u00e1cil manuten\u00e7\u00e3o gra\u00e7as \u00e0 constru\u00e7\u00e3o em comp\u00f3sito refor\u00e7ado com fibra de carbono<\/li>\n<li style=\"text-align: left;\">Baixo n\u00edvel de ru\u00eddo (59 m\/s &lt; 70 dB(A), enquanto a norma industrial actual \u00e9 85 m\/s &gt; 100 dB(A)<\/li>\n<li style=\"text-align: left;\">Mais de 80% de economia de peso devido ao gerador de an\u00e9is e materiais utilizados<\/li>\n<li style=\"text-align: left;\">Utiliza\u00e7\u00e3o m\u00ednima de terras raras, como o Neod\u00edmio<\/li>\n<li style=\"text-align: left;\">Redu\u00e7\u00e3o do efeito de esteira e, portanto, mais turbinas e\u00f3licas poss\u00edveis por km2<\/li>\n<li style=\"text-align: left;\">Patenteado em todo o mundo<\/li>\n<\/ul>\n<blockquote>\n<p style=\"text-align: left;\">&#8220;O WhisperRing encontrou uma combina\u00e7\u00e3o de tecnologias que em conjunto permitem novos n\u00edveis de desempenho&#8221;.<\/p>\n<\/blockquote>\n[\/vc_column_text][\/vc_column][\/vc_row][\/vc_section]\n","protected":false},"excerpt":{"rendered":"<p>[vc_section el_class=&#8221;aandagt__padding aandagt__small aandagt__resp-fullwidth&#8221;][vc_row column_spacing=&#8221;60&#8243;][vc_column width=&#8221;1\/3&#8243;][vc_column_text text_align=&#8221;right&#8221;] Escolhendo o WhisperRing\u00ae! O seu contributo para o clima [\/vc_column_text][\/vc_column][vc_column width=&#8221;2\/3&#8243;][vc_column_text]A energia e\u00f3lica \u00e9 uma das fontes de energia mais importantes hoje em dia e desempenha um papel importante na realiza\u00e7\u00e3o dos objectivos&hellip;<\/p>\n","protected":false},"author":10,"featured_media":2726,"parent":0,"menu_order":2,"comment_status":"closed","ping_status":"closed","template":"","meta":{"footnotes":""},"class_list":["post-2945","page","type-page","status-publish","has-post-thumbnail","hentry","entry","has-media"],"yoast_head":"<!-- This site is optimized with the Yoast SEO plugin v26.6 - https:\/\/yoast.com\/wordpress\/plugins\/seo\/ -->\n<title>%sep%% energia e\u00f3lica inovadora<\/title>\n<meta name=\"description\" content=\"O desenho \u00fanico do WhisperRing tem v\u00e1rias vantagens chave sobre turbinas da mesma altura e di\u00e2metro.\" \/>\n<meta name=\"robots\" content=\"index, follow, max-snippet:-1, max-image-preview:large, max-video-preview:-1\" \/>\n<link rel=\"canonical\" href=\"https:\/\/www.whisperring.nl\/pt-pt\/porque-escolher-o-whisperring\/\" \/>\n<meta property=\"og:locale\" content=\"pt_PT\" \/>\n<meta property=\"og:type\" content=\"article\" \/>\n<meta property=\"og:title\" content=\"%sep%% energia e\u00f3lica inovadora\" \/>\n<meta property=\"og:description\" content=\"O desenho \u00fanico do WhisperRing tem v\u00e1rias vantagens chave sobre turbinas da mesma altura e di\u00e2metro.\" \/>\n<meta property=\"og:url\" content=\"https:\/\/www.whisperring.nl\/pt-pt\/porque-escolher-o-whisperring\/\" \/>\n<meta property=\"og:site_name\" content=\"WhisperRing\" \/>\n<meta property=\"article:modified_time\" content=\"2023-03-31T14:49:13+00:00\" \/>\n<meta property=\"og:image\" content=\"https:\/\/www.whisperring.nl\/wp-content\/uploads\/2021\/07\/windmolen.jpg\" \/>\n\t<meta property=\"og:image:width\" content=\"1920\" \/>\n\t<meta property=\"og:image:height\" content=\"1080\" \/>\n\t<meta property=\"og:image:type\" content=\"image\/jpeg\" \/>\n<meta name=\"twitter:card\" content=\"summary_large_image\" \/>\n<meta name=\"twitter:label1\" content=\"Tempo estimado de leitura\" \/>\n\t<meta name=\"twitter:data1\" content=\"5 minutos\" \/>\n<script type=\"application\/ld+json\" class=\"yoast-schema-graph\">{\"@context\":\"https:\/\/schema.org\",\"@graph\":[{\"@type\":\"WebPage\",\"@id\":\"https:\/\/www.whisperring.nl\/pt-pt\/porque-escolher-o-whisperring\/\",\"url\":\"https:\/\/www.whisperring.nl\/pt-pt\/porque-escolher-o-whisperring\/\",\"name\":\"%sep%% energia e\u00f3lica inovadora\",\"isPartOf\":{\"@id\":\"https:\/\/www.whisperring.nl\/pt-pt\/#website\"},\"primaryImageOfPage\":{\"@id\":\"https:\/\/www.whisperring.nl\/pt-pt\/porque-escolher-o-whisperring\/#primaryimage\"},\"image\":{\"@id\":\"https:\/\/www.whisperring.nl\/pt-pt\/porque-escolher-o-whisperring\/#primaryimage\"},\"thumbnailUrl\":\"https:\/\/www.whisperring.nl\/wp-content\/uploads\/2021\/07\/windmolen.jpg\",\"datePublished\":\"2020-12-01T09:23:47+00:00\",\"dateModified\":\"2023-03-31T14:49:13+00:00\",\"description\":\"O desenho \u00fanico do WhisperRing tem v\u00e1rias vantagens chave sobre turbinas da mesma altura e di\u00e2metro.\",\"breadcrumb\":{\"@id\":\"https:\/\/www.whisperring.nl\/pt-pt\/porque-escolher-o-whisperring\/#breadcrumb\"},\"inLanguage\":\"pt-PT\",\"potentialAction\":[{\"@type\":\"ReadAction\",\"target\":[\"https:\/\/www.whisperring.nl\/pt-pt\/porque-escolher-o-whisperring\/\"]}]},{\"@type\":\"ImageObject\",\"inLanguage\":\"pt-PT\",\"@id\":\"https:\/\/www.whisperring.nl\/pt-pt\/porque-escolher-o-whisperring\/#primaryimage\",\"url\":\"https:\/\/www.whisperring.nl\/wp-content\/uploads\/2021\/07\/windmolen.jpg\",\"contentUrl\":\"https:\/\/www.whisperring.nl\/wp-content\/uploads\/2021\/07\/windmolen.jpg\",\"width\":1920,\"height\":1080},{\"@type\":\"BreadcrumbList\",\"@id\":\"https:\/\/www.whisperring.nl\/pt-pt\/porque-escolher-o-whisperring\/#breadcrumb\",\"itemListElement\":[{\"@type\":\"ListItem\",\"position\":1,\"name\":\"Home\",\"item\":\"https:\/\/www.whisperring.nl\/pt-pt\/inicio\/\"},{\"@type\":\"ListItem\",\"position\":2,\"name\":\"Porqu\u00ea escolher o WhisperRing?\"}]},{\"@type\":\"WebSite\",\"@id\":\"https:\/\/www.whisperring.nl\/pt-pt\/#website\",\"url\":\"https:\/\/www.whisperring.nl\/pt-pt\/\",\"name\":\"WhisperRing\",\"description\":\"Innovative Wind Energy\",\"publisher\":{\"@id\":\"https:\/\/www.whisperring.nl\/pt-pt\/#organization\"},\"potentialAction\":[{\"@type\":\"SearchAction\",\"target\":{\"@type\":\"EntryPoint\",\"urlTemplate\":\"https:\/\/www.whisperring.nl\/pt-pt\/?s={search_term_string}\"},\"query-input\":{\"@type\":\"PropertyValueSpecification\",\"valueRequired\":true,\"valueName\":\"search_term_string\"}}],\"inLanguage\":\"pt-PT\"},{\"@type\":\"Organization\",\"@id\":\"https:\/\/www.whisperring.nl\/pt-pt\/#organization\",\"name\":\"WhisperRing\",\"url\":\"https:\/\/www.whisperring.nl\/pt-pt\/\",\"logo\":{\"@type\":\"ImageObject\",\"inLanguage\":\"pt-PT\",\"@id\":\"https:\/\/www.whisperring.nl\/pt-pt\/#\/schema\/logo\/image\/\",\"url\":\"https:\/\/www.whisperring.nl\/wp-content\/uploads\/2021\/08\/whisperring-logo.svg\",\"contentUrl\":\"https:\/\/www.whisperring.nl\/wp-content\/uploads\/2021\/08\/whisperring-logo.svg\",\"width\":1,\"height\":1,\"caption\":\"WhisperRing\"},\"image\":{\"@id\":\"https:\/\/www.whisperring.nl\/pt-pt\/#\/schema\/logo\/image\/\"}}]}<\/script>\n<!-- \/ Yoast SEO plugin. -->","yoast_head_json":{"title":"%sep%% energia e\u00f3lica inovadora","description":"O desenho \u00fanico do WhisperRing tem v\u00e1rias vantagens chave sobre turbinas da mesma altura e di\u00e2metro.","robots":{"index":"index","follow":"follow","max-snippet":"max-snippet:-1","max-image-preview":"max-image-preview:large","max-video-preview":"max-video-preview:-1"},"canonical":"https:\/\/www.whisperring.nl\/pt-pt\/porque-escolher-o-whisperring\/","og_locale":"pt_PT","og_type":"article","og_title":"%sep%% energia e\u00f3lica inovadora","og_description":"O desenho \u00fanico do WhisperRing tem v\u00e1rias vantagens chave sobre turbinas da mesma altura e di\u00e2metro.","og_url":"https:\/\/www.whisperring.nl\/pt-pt\/porque-escolher-o-whisperring\/","og_site_name":"WhisperRing","article_modified_time":"2023-03-31T14:49:13+00:00","og_image":[{"width":1920,"height":1080,"url":"https:\/\/www.whisperring.nl\/wp-content\/uploads\/2021\/07\/windmolen.jpg","type":"image\/jpeg"}],"twitter_card":"summary_large_image","twitter_misc":{"Tempo estimado de leitura":"5 minutos"},"schema":{"@context":"https:\/\/schema.org","@graph":[{"@type":"WebPage","@id":"https:\/\/www.whisperring.nl\/pt-pt\/porque-escolher-o-whisperring\/","url":"https:\/\/www.whisperring.nl\/pt-pt\/porque-escolher-o-whisperring\/","name":"%sep%% energia e\u00f3lica inovadora","isPartOf":{"@id":"https:\/\/www.whisperring.nl\/pt-pt\/#website"},"primaryImageOfPage":{"@id":"https:\/\/www.whisperring.nl\/pt-pt\/porque-escolher-o-whisperring\/#primaryimage"},"image":{"@id":"https:\/\/www.whisperring.nl\/pt-pt\/porque-escolher-o-whisperring\/#primaryimage"},"thumbnailUrl":"https:\/\/www.whisperring.nl\/wp-content\/uploads\/2021\/07\/windmolen.jpg","datePublished":"2020-12-01T09:23:47+00:00","dateModified":"2023-03-31T14:49:13+00:00","description":"O desenho \u00fanico do WhisperRing tem v\u00e1rias vantagens chave sobre turbinas da mesma altura e di\u00e2metro.","breadcrumb":{"@id":"https:\/\/www.whisperring.nl\/pt-pt\/porque-escolher-o-whisperring\/#breadcrumb"},"inLanguage":"pt-PT","potentialAction":[{"@type":"ReadAction","target":["https:\/\/www.whisperring.nl\/pt-pt\/porque-escolher-o-whisperring\/"]}]},{"@type":"ImageObject","inLanguage":"pt-PT","@id":"https:\/\/www.whisperring.nl\/pt-pt\/porque-escolher-o-whisperring\/#primaryimage","url":"https:\/\/www.whisperring.nl\/wp-content\/uploads\/2021\/07\/windmolen.jpg","contentUrl":"https:\/\/www.whisperring.nl\/wp-content\/uploads\/2021\/07\/windmolen.jpg","width":1920,"height":1080},{"@type":"BreadcrumbList","@id":"https:\/\/www.whisperring.nl\/pt-pt\/porque-escolher-o-whisperring\/#breadcrumb","itemListElement":[{"@type":"ListItem","position":1,"name":"Home","item":"https:\/\/www.whisperring.nl\/pt-pt\/inicio\/"},{"@type":"ListItem","position":2,"name":"Porqu\u00ea escolher o WhisperRing?"}]},{"@type":"WebSite","@id":"https:\/\/www.whisperring.nl\/pt-pt\/#website","url":"https:\/\/www.whisperring.nl\/pt-pt\/","name":"WhisperRing","description":"Innovative Wind Energy","publisher":{"@id":"https:\/\/www.whisperring.nl\/pt-pt\/#organization"},"potentialAction":[{"@type":"SearchAction","target":{"@type":"EntryPoint","urlTemplate":"https:\/\/www.whisperring.nl\/pt-pt\/?s={search_term_string}"},"query-input":{"@type":"PropertyValueSpecification","valueRequired":true,"valueName":"search_term_string"}}],"inLanguage":"pt-PT"},{"@type":"Organization","@id":"https:\/\/www.whisperring.nl\/pt-pt\/#organization","name":"WhisperRing","url":"https:\/\/www.whisperring.nl\/pt-pt\/","logo":{"@type":"ImageObject","inLanguage":"pt-PT","@id":"https:\/\/www.whisperring.nl\/pt-pt\/#\/schema\/logo\/image\/","url":"https:\/\/www.whisperring.nl\/wp-content\/uploads\/2021\/08\/whisperring-logo.svg","contentUrl":"https:\/\/www.whisperring.nl\/wp-content\/uploads\/2021\/08\/whisperring-logo.svg","width":1,"height":1,"caption":"WhisperRing"},"image":{"@id":"https:\/\/www.whisperring.nl\/pt-pt\/#\/schema\/logo\/image\/"}}]}},"_links":{"self":[{"href":"https:\/\/www.whisperring.nl\/pt-pt\/wp-json\/wp\/v2\/pages\/2945","targetHints":{"allow":["GET"]}}],"collection":[{"href":"https:\/\/www.whisperring.nl\/pt-pt\/wp-json\/wp\/v2\/pages"}],"about":[{"href":"https:\/\/www.whisperring.nl\/pt-pt\/wp-json\/wp\/v2\/types\/page"}],"author":[{"embeddable":true,"href":"https:\/\/www.whisperring.nl\/pt-pt\/wp-json\/wp\/v2\/users\/10"}],"replies":[{"embeddable":true,"href":"https:\/\/www.whisperring.nl\/pt-pt\/wp-json\/wp\/v2\/comments?post=2945"}],"version-history":[{"count":1,"href":"https:\/\/www.whisperring.nl\/pt-pt\/wp-json\/wp\/v2\/pages\/2945\/revisions"}],"predecessor-version":[{"id":2949,"href":"https:\/\/www.whisperring.nl\/pt-pt\/wp-json\/wp\/v2\/pages\/2945\/revisions\/2949"}],"wp:featuredmedia":[{"embeddable":true,"href":"https:\/\/www.whisperring.nl\/pt-pt\/wp-json\/wp\/v2\/media\/2726"}],"wp:attachment":[{"href":"https:\/\/www.whisperring.nl\/pt-pt\/wp-json\/wp\/v2\/media?parent=2945"}],"curies":[{"name":"wp","href":"https:\/\/api.w.org\/{rel}","templated":true}]}}